{"id":1173,"date":"2022-07-04T10:36:42","date_gmt":"2022-07-04T08:36:42","guid":{"rendered":"https:\/\/www.svgroupkft.hu\/?post_type=product&#038;p=1173"},"modified":"2026-02-16T09:44:33","modified_gmt":"2026-02-16T08:44:33","slug":"kajszibarack-alma-5l-masolat","status":"publish","type":"product","link":"https:\/\/www.svgroupkft.hu\/sk\/product\/kajszibarack-alma-5l-masolat\/","title":{"rendered":"Marhu\u013ea Jablko 5L"},"content":{"rendered":"","protected":false},"excerpt":{"rendered":"<p>Po\u010duli ste u\u017e o marhuli zo \u0161peci\u00e1lnej odrody G\u00f6nc? N\u00e1\u0161 produkt bol vyroben\u00fd z kr\u00e1\u013eovnej marh\u00fa\u013e. Jej ni\u010d\u00edm nezamenite\u013en\u00e1 chu\u0165, farba a ar\u00f3ma s\u00fa mimoriadne charakteristick\u00e9.\nOvocie k n\u00e1m prich\u00e1dza od lok\u00e1lnych pestovate\u013eov, zo stromu takmer okam\u017eite do lisu. N\u00e1\u0161 z\u00e1vod le\u017e\u00ed pr\u00e1ve v srdci pestovate\u013eskej oblasti \u0161peci\u00e1lnej marhuli odrody G\u00f6nc. Preto garantujeme najvy\u0161\u0161iu kvalitu na\u0161ich v\u00fdrobkov.<\/p>","protected":false},"featured_media":1300,"comment_status":"closed","ping_status":"closed","template":"","meta":{"_monsterinsights_skip_tracking":false,"_monsterinsights_sitenote_active":false,"_monsterinsights_sitenote_note":"","_monsterinsights_sitenote_category":0,"ngg_post_thumbnail":0},"product_brand":[],"product_cat":[520],"product_tag":[],"class_list":{"0":"post-1173","1":"product","2":"type-product","3":"status-publish","4":"has-post-thumbnail","6":"product_cat-gyumolcslevek","9":"outofstock","10":"shipping-taxable","11":"purchasable","12":"product-type-simple"},"yoast_head":"<!-- This site is optimized with the Yoast SEO plugin v27.4 - https:\/\/yoast.com\/product\/yoast-seo-wordpress\/ -->\n<title>Kajszibarack Alma 5L - SV GROUP Kft.<\/title>\n<meta name=\"description\" content=\"Az \u0151szibarackr\u00f3l a legt\u00f6bb embernek a ny\u00e1r jut esz\u00e9be, hiszen a forr\u00f3s\u00e1gban elfogyasztva friss\u00edt, \u00fcd\u00edt, j\u00f3 kedvre der\u00edt.\" \/>\n<meta name=\"robots\" content=\"index, follow, max-snippet:-1, max-image-preview:large, max-video-preview:-1\" \/>\n<link rel=\"canonical\" href=\"https:\/\/www.svgroupkft.hu\/sk\/product\/kajszibarack-alma-5l-masolat\/\" \/>\n<meta property=\"og:locale\" content=\"sk_SK\" \/>\n<meta property=\"og:type\" content=\"article\" \/>\n<meta property=\"og:title\" content=\"Kajszibarack Alma 5L - SV GROUP Kft.\" \/>\n<meta property=\"og:description\" content=\"Az \u0151szibarackr\u00f3l a legt\u00f6bb embernek a ny\u00e1r jut esz\u00e9be, hiszen a forr\u00f3s\u00e1gban elfogyasztva friss\u00edt, \u00fcd\u00edt, j\u00f3 kedvre der\u00edt.\" \/>\n<meta property=\"og:url\" content=\"https:\/\/www.svgroupkft.hu\/sk\/product\/kajszibarack-alma-5l-masolat\/\" \/>\n<meta property=\"og:site_name\" content=\"SV GROUP Kft.\" \/>\n<meta property=\"article:publisher\" content=\"https:\/\/www.facebook.com\/zemplenizei\/\" \/>\n<meta property=\"article:modified_time\" content=\"2026-02-16T08:44:33+00:00\" \/>\n<meta property=\"og:image\" content=\"https:\/\/www.svgroupkft.hu\/wp-content\/uploads\/2022\/07\/gyumolcsle_5l.jpg\" \/>\n\t<meta property=\"og:image:width\" content=\"1000\" \/>\n\t<meta property=\"og:image:height\" content=\"1000\" \/>\n\t<meta property=\"og:image:type\" content=\"image\/jpeg\" \/>\n<meta name=\"twitter:card\" content=\"summary_large_image\" \/>\n<script type=\"application\/ld+json\" class=\"yoast-schema-graph\">{\"@context\":\"https:\\\/\\\/schema.org\",\"@graph\":[{\"@type\":\"WebPage\",\"@id\":\"https:\\\/\\\/www.svgroupkft.hu\\\/product\\\/kajszibarack-alma-5l-masolat\\\/\",\"url\":\"https:\\\/\\\/www.svgroupkft.hu\\\/product\\\/kajszibarack-alma-5l-masolat\\\/\",\"name\":\"Kajszibarack Alma 5L - SV GROUP Kft.\",\"isPartOf\":{\"@id\":\"https:\\\/\\\/www.svgroupkft.hu\\\/#website\"},\"primaryImageOfPage\":{\"@id\":\"https:\\\/\\\/www.svgroupkft.hu\\\/product\\\/kajszibarack-alma-5l-masolat\\\/#primaryimage\"},\"image\":{\"@id\":\"https:\\\/\\\/www.svgroupkft.hu\\\/product\\\/kajszibarack-alma-5l-masolat\\\/#primaryimage\"},\"thumbnailUrl\":\"https:\\\/\\\/www.svgroupkft.hu\\\/wp-content\\\/uploads\\\/2022\\\/07\\\/gyumolcsle_5l.jpg\",\"datePublished\":\"2022-07-04T08:36:42+00:00\",\"dateModified\":\"2026-02-16T08:44:33+00:00\",\"description\":\"Az \u0151szibarackr\u00f3l a legt\u00f6bb embernek a ny\u00e1r jut esz\u00e9be, hiszen a forr\u00f3s\u00e1gban elfogyasztva friss\u00edt, \u00fcd\u00edt, j\u00f3 kedvre der\u00edt.\",\"breadcrumb\":{\"@id\":\"https:\\\/\\\/www.svgroupkft.hu\\\/product\\\/kajszibarack-alma-5l-masolat\\\/#breadcrumb\"},\"inLanguage\":\"sk-SK\",\"potentialAction\":[{\"@type\":\"ReadAction\",\"target\":[\"https:\\\/\\\/www.svgroupkft.hu\\\/product\\\/kajszibarack-alma-5l-masolat\\\/\"]}]},{\"@type\":\"ImageObject\",\"inLanguage\":\"sk-SK\",\"@id\":\"https:\\\/\\\/www.svgroupkft.hu\\\/product\\\/kajszibarack-alma-5l-masolat\\\/#primaryimage\",\"url\":\"https:\\\/\\\/www.svgroupkft.hu\\\/wp-content\\\/uploads\\\/2022\\\/07\\\/gyumolcsle_5l.jpg\",\"contentUrl\":\"https:\\\/\\\/www.svgroupkft.hu\\\/wp-content\\\/uploads\\\/2022\\\/07\\\/gyumolcsle_5l.jpg\",\"width\":1000,\"height\":1000},{\"@type\":\"BreadcrumbList\",\"@id\":\"https:\\\/\\\/www.svgroupkft.hu\\\/product\\\/kajszibarack-alma-5l-masolat\\\/#breadcrumb\",\"itemListElement\":[{\"@type\":\"ListItem\",\"position\":1,\"name\":\"Home\",\"item\":\"https:\\\/\\\/www.svgroupkft.hu\\\/\"},{\"@type\":\"ListItem\",\"position\":2,\"name\":\"\u00dczlet\",\"item\":\"https:\\\/\\\/www.svgroupkft.hu\\\/shop\\\/\"},{\"@type\":\"ListItem\",\"position\":3,\"name\":\"Kajszibarack Alma 5L\"}]},{\"@type\":\"WebSite\",\"@id\":\"https:\\\/\\\/www.svgroupkft.hu\\\/#website\",\"url\":\"https:\\\/\\\/www.svgroupkft.hu\\\/\",\"name\":\"SV GROUP Kft.\",\"description\":\"Zempl\u00e9n \u00edzei - gy\u00fcm\u00f6lcsfeldolgoz\u00f3 \u00fczem\",\"publisher\":{\"@id\":\"https:\\\/\\\/www.svgroupkft.hu\\\/#organization\"},\"potentialAction\":[{\"@type\":\"SearchAction\",\"target\":{\"@type\":\"EntryPoint\",\"urlTemplate\":\"https:\\\/\\\/www.svgroupkft.hu\\\/?s={search_term_string}\"},\"query-input\":{\"@type\":\"PropertyValueSpecification\",\"valueRequired\":true,\"valueName\":\"search_term_string\"}}],\"inLanguage\":\"sk-SK\"},{\"@type\":\"Organization\",\"@id\":\"https:\\\/\\\/www.svgroupkft.hu\\\/#organization\",\"name\":\"SV GROUP Kft.\",\"url\":\"https:\\\/\\\/www.svgroupkft.hu\\\/\",\"logo\":{\"@type\":\"ImageObject\",\"inLanguage\":\"sk-SK\",\"@id\":\"https:\\\/\\\/www.svgroupkft.hu\\\/#\\\/schema\\\/logo\\\/image\\\/\",\"url\":\"https:\\\/\\\/www.svgroupkft.hu\\\/wp-content\\\/uploads\\\/2022\\\/02\\\/favicon.png\",\"contentUrl\":\"https:\\\/\\\/www.svgroupkft.hu\\\/wp-content\\\/uploads\\\/2022\\\/02\\\/favicon.png\",\"width\":512,\"height\":512,\"caption\":\"SV GROUP Kft.\"},\"image\":{\"@id\":\"https:\\\/\\\/www.svgroupkft.hu\\\/#\\\/schema\\\/logo\\\/image\\\/\"},\"sameAs\":[\"https:\\\/\\\/www.facebook.com\\\/zemplenizei\\\/\",\"https:\\\/\\\/www.instagram.com\\\/zemplenizei\\\/\"]}]}<\/script>\n<!-- \/ Yoast SEO plugin. -->","yoast_head_json":{"title":"Kajszibarack Alma 5L - SV GROUP Kft.","description":"Az \u0151szibarackr\u00f3l a legt\u00f6bb embernek a ny\u00e1r jut esz\u00e9be, hiszen a forr\u00f3s\u00e1gban elfogyasztva friss\u00edt, \u00fcd\u00edt, j\u00f3 kedvre der\u00edt.","robots":{"index":"index","follow":"follow","max-snippet":"max-snippet:-1","max-image-preview":"max-image-preview:large","max-video-preview":"max-video-preview:-1"},"canonical":"https:\/\/www.svgroupkft.hu\/sk\/product\/kajszibarack-alma-5l-masolat\/","og_locale":"sk_SK","og_type":"article","og_title":"Kajszibarack Alma 5L - SV GROUP Kft.","og_description":"Az \u0151szibarackr\u00f3l a legt\u00f6bb embernek a ny\u00e1r jut esz\u00e9be, hiszen a forr\u00f3s\u00e1gban elfogyasztva friss\u00edt, \u00fcd\u00edt, j\u00f3 kedvre der\u00edt.","og_url":"https:\/\/www.svgroupkft.hu\/sk\/product\/kajszibarack-alma-5l-masolat\/","og_site_name":"SV GROUP Kft.","article_publisher":"https:\/\/www.facebook.com\/zemplenizei\/","article_modified_time":"2026-02-16T08:44:33+00:00","og_image":[{"width":1000,"height":1000,"url":"https:\/\/www.svgroupkft.hu\/wp-content\/uploads\/2022\/07\/gyumolcsle_5l.jpg","type":"image\/jpeg"}],"twitter_card":"summary_large_image","schema":{"@context":"https:\/\/schema.org","@graph":[{"@type":"WebPage","@id":"https:\/\/www.svgroupkft.hu\/product\/kajszibarack-alma-5l-masolat\/","url":"https:\/\/www.svgroupkft.hu\/product\/kajszibarack-alma-5l-masolat\/","name":"Kajszibarack Alma 5L - SV GROUP Kft.","isPartOf":{"@id":"https:\/\/www.svgroupkft.hu\/#website"},"primaryImageOfPage":{"@id":"https:\/\/www.svgroupkft.hu\/product\/kajszibarack-alma-5l-masolat\/#primaryimage"},"image":{"@id":"https:\/\/www.svgroupkft.hu\/product\/kajszibarack-alma-5l-masolat\/#primaryimage"},"thumbnailUrl":"https:\/\/www.svgroupkft.hu\/wp-content\/uploads\/2022\/07\/gyumolcsle_5l.jpg","datePublished":"2022-07-04T08:36:42+00:00","dateModified":"2026-02-16T08:44:33+00:00","description":"Az \u0151szibarackr\u00f3l a legt\u00f6bb embernek a ny\u00e1r jut esz\u00e9be, hiszen a forr\u00f3s\u00e1gban elfogyasztva friss\u00edt, \u00fcd\u00edt, j\u00f3 kedvre der\u00edt.","breadcrumb":{"@id":"https:\/\/www.svgroupkft.hu\/product\/kajszibarack-alma-5l-masolat\/#breadcrumb"},"inLanguage":"sk-SK","potentialAction":[{"@type":"ReadAction","target":["https:\/\/www.svgroupkft.hu\/product\/kajszibarack-alma-5l-masolat\/"]}]},{"@type":"ImageObject","inLanguage":"sk-SK","@id":"https:\/\/www.svgroupkft.hu\/product\/kajszibarack-alma-5l-masolat\/#primaryimage","url":"https:\/\/www.svgroupkft.hu\/wp-content\/uploads\/2022\/07\/gyumolcsle_5l.jpg","contentUrl":"https:\/\/www.svgroupkft.hu\/wp-content\/uploads\/2022\/07\/gyumolcsle_5l.jpg","width":1000,"height":1000},{"@type":"BreadcrumbList","@id":"https:\/\/www.svgroupkft.hu\/product\/kajszibarack-alma-5l-masolat\/#breadcrumb","itemListElement":[{"@type":"ListItem","position":1,"name":"Home","item":"https:\/\/www.svgroupkft.hu\/"},{"@type":"ListItem","position":2,"name":"\u00dczlet","item":"https:\/\/www.svgroupkft.hu\/shop\/"},{"@type":"ListItem","position":3,"name":"Kajszibarack Alma 5L"}]},{"@type":"WebSite","@id":"https:\/\/www.svgroupkft.hu\/#website","url":"https:\/\/www.svgroupkft.hu\/","name":"SV GROUP Kft.","description":"Zempl\u00e9n \u00edzei - gy\u00fcm\u00f6lcsfeldolgoz\u00f3 \u00fczem","publisher":{"@id":"https:\/\/www.svgroupkft.hu\/#organization"},"potentialAction":[{"@type":"SearchAction","target":{"@type":"EntryPoint","urlTemplate":"https:\/\/www.svgroupkft.hu\/?s={search_term_string}"},"query-input":{"@type":"PropertyValueSpecification","valueRequired":true,"valueName":"search_term_string"}}],"inLanguage":"sk-SK"},{"@type":"Organization","@id":"https:\/\/www.svgroupkft.hu\/#organization","name":"SV GROUP Kft.","url":"https:\/\/www.svgroupkft.hu\/","logo":{"@type":"ImageObject","inLanguage":"sk-SK","@id":"https:\/\/www.svgroupkft.hu\/#\/schema\/logo\/image\/","url":"https:\/\/www.svgroupkft.hu\/wp-content\/uploads\/2022\/02\/favicon.png","contentUrl":"https:\/\/www.svgroupkft.hu\/wp-content\/uploads\/2022\/02\/favicon.png","width":512,"height":512,"caption":"SV GROUP Kft."},"image":{"@id":"https:\/\/www.svgroupkft.hu\/#\/schema\/logo\/image\/"},"sameAs":["https:\/\/www.facebook.com\/zemplenizei\/","https:\/\/www.instagram.com\/zemplenizei\/"]}]}},"_links":{"self":[{"href":"https:\/\/www.svgroupkft.hu\/sk\/wp-json\/wp\/v2\/product\/1173","targetHints":{"allow":["GET"]}}],"collection":[{"href":"https:\/\/www.svgroupkft.hu\/sk\/wp-json\/wp\/v2\/product"}],"about":[{"href":"https:\/\/www.svgroupkft.hu\/sk\/wp-json\/wp\/v2\/types\/product"}],"replies":[{"embeddable":true,"href":"https:\/\/www.svgroupkft.hu\/sk\/wp-json\/wp\/v2\/comments?post=1173"}],"wp:featuredmedia":[{"embeddable":true,"href":"https:\/\/www.svgroupkft.hu\/sk\/wp-json\/wp\/v2\/media\/1300"}],"wp:attachment":[{"href":"https:\/\/www.svgroupkft.hu\/sk\/wp-json\/wp\/v2\/media?parent=1173"}],"wp:term":[{"taxonomy":"product_brand","embeddable":true,"href":"https:\/\/www.svgroupkft.hu\/sk\/wp-json\/wp\/v2\/product_brand?post=1173"},{"taxonomy":"product_cat","embeddable":true,"href":"https:\/\/www.svgroupkft.hu\/sk\/wp-json\/wp\/v2\/product_cat?post=1173"},{"taxonomy":"product_tag","embeddable":true,"href":"https:\/\/www.svgroupkft.hu\/sk\/wp-json\/wp\/v2\/product_tag?post=1173"}],"curies":[{"name":"wp","href":"https:\/\/api.w.org\/{rel}","templated":true}]}}