{"id":1351,"date":"2024-08-06T21:19:58","date_gmt":"2024-08-06T19:19:58","guid":{"rendered":"https:\/\/www.svgroupkft.hu\/?post_type=product&#038;p=1351"},"modified":"2026-02-16T09:41:37","modified_gmt":"2026-02-16T08:41:37","slug":"afonya-lekvar-700ml","status":"publish","type":"product","link":"https:\/\/www.svgroupkft.hu\/sk\/product\/afonya-lekvar-700ml\/","title":{"rendered":"\u00c1fonya lekv\u00e1r 700ml"},"content":{"rendered":"","protected":false},"excerpt":{"rendered":"<p>N\u00e1\u0161 \u010du\u010doriedkov\u00fd d\u017eem naz\u00fdvame \u201e\u010diernym zlatom\u201c. T\u00e1to prez\u00fdvka ve\u013emi dobre odr\u00e1\u017ea na\u0161u v\u00e1\u0161e\u0148 pre tento mimoriadne lahodn\u00fd a \u0161peci\u00e1lny d\u017eem. Priazniv\u00fd \u00fa\u010dinok \u010du\u010doriedok je sp\u00f4soben\u00fd najm\u00e4 jej mimoriadne vysok\u00fdm obsahom fytonutrientov a antioxidantov, najm\u00e4 tzv. antoky\u00e1nom (tieto pigmenty s\u00fa zodpovedn\u00e9 za intenz\u00edvnu modrofialov\u00fa farbu \u010du\u010doriedok: \u010d\u00edm tmav\u0161ie bobule, t\u00fdm vy\u0161\u0161\u00ed obsah antoky\u00e1nov). Antoky\u00e1ny hraj\u00fa k\u013e\u00fa\u010dov\u00fa rolu pri neutraliz\u00e1cii vo\u013en\u00fdch radik\u00e1lov a spolupracuj\u00fa s vitam\u00ednom C a in\u00fdmi d\u00f4le\u017eit\u00fdmi antioxidantmi. Antoky\u00e1ny posil\u0148uj\u00fa aj kapil\u00e1rny syst\u00e9m s t\u00fdm, \u017ee podporuj\u00fa tvorbu kolag\u00e9nu, stavebn\u00e9ho kame\u0148a tkan\u00edv. T\u00e1to podskupina flavonoidov pom\u00e1ha roz\u0161irova\u0165 cievy (\u010di\u017ee zni\u017euje krvn\u00fd tlak) a zabra\u0148uje tvorby krvn\u00fdch zrazen\u00edn. K \u010fal\u0161\u00edm zdravotn\u00fdm benefitom \u010du\u010doriedok a ich \u00fa\u010dinku proti starnutiu m\u00f4\u017eeme prip\u00edsa\u0165 aj v\u00fdrazn\u00e9 zn\u00ed\u017eenie rizika kardiovaskul\u00e1rnych ochoren\u00ed a rakoviny. Samozrejme nem\u00f4\u017eeme zabudn\u00fa\u0165 ani na skuto\u010dnos\u0165, \u017ee \u010du\u010doriedky pom\u00e1haj\u00fa udr\u017eiava\u0165 aj poko\u017eku zdrav\u00fa a redukuj\u00fa v\u00fdskyt ko\u017en\u00fdch defektov zo starnutia. Navy\u0161e nie s\u00fa iba zdrav\u00e9, ale aj mimoriadne chutn\u00e9. S\u00fa ide\u00e1lne tak do kol\u00e1\u010dov, ako aj s divinou a syrmi.<\/p>","protected":false},"featured_media":1352,"comment_status":"closed","ping_status":"closed","template":"","meta":{"_monsterinsights_skip_tracking":false,"_monsterinsights_sitenote_active":false,"_monsterinsights_sitenote_note":"","_monsterinsights_sitenote_category":0,"ngg_post_thumbnail":0},"product_brand":[],"product_cat":[521],"product_tag":[],"class_list":{"0":"post-1351","1":"product","2":"type-product","3":"status-publish","4":"has-post-thumbnail","6":"product_cat-lekvarok","9":"outofstock","10":"shipping-taxable","11":"purchasable","12":"product-type-simple"},"yoast_head":"<!-- This site is optimized with the Yoast SEO plugin v27.4 - https:\/\/yoast.com\/product\/yoast-seo-wordpress\/ -->\n<title>\u00c1fonya lekv\u00e1r 700ml - SV GROUP Kft.<\/title>\n<meta name=\"description\" content=\"Az \u00e1fonya lekv\u00e1runkat csak \u00fagy bec\u00e9zz\u00fck, hogy a \u201efekete arany\u201d. J\u00f3l t\u00fckr\u00f6zi ez az elnevez\u00e9s a rajong\u00e1sunkat ez ir\u00e1nt a lekv\u00e1r ir\u00e1nt.\" \/>\n<meta name=\"robots\" content=\"index, follow, max-snippet:-1, max-image-preview:large, max-video-preview:-1\" \/>\n<link rel=\"canonical\" href=\"https:\/\/www.svgroupkft.hu\/sk\/product\/afonya-lekvar-700ml\/\" \/>\n<meta property=\"og:locale\" content=\"sk_SK\" \/>\n<meta property=\"og:type\" content=\"article\" \/>\n<meta property=\"og:title\" content=\"\u00c1fonya lekv\u00e1r 700ml - SV GROUP Kft.\" \/>\n<meta property=\"og:description\" content=\"Az \u00e1fonya lekv\u00e1runkat csak \u00fagy bec\u00e9zz\u00fck, hogy a \u201efekete arany\u201d. J\u00f3l t\u00fckr\u00f6zi ez az elnevez\u00e9s a rajong\u00e1sunkat ez ir\u00e1nt a lekv\u00e1r ir\u00e1nt.\" \/>\n<meta property=\"og:url\" content=\"https:\/\/www.svgroupkft.hu\/sk\/product\/afonya-lekvar-700ml\/\" \/>\n<meta property=\"og:site_name\" content=\"SV GROUP Kft.\" \/>\n<meta property=\"article:publisher\" content=\"https:\/\/www.facebook.com\/zemplenizei\/\" \/>\n<meta property=\"article:modified_time\" content=\"2026-02-16T08:41:37+00:00\" \/>\n<meta property=\"og:image\" content=\"https:\/\/www.svgroupkft.hu\/wp-content\/uploads\/2024\/08\/afonya.jpg\" \/>\n\t<meta property=\"og:image:width\" content=\"1280\" \/>\n\t<meta property=\"og:image:height\" content=\"720\" \/>\n\t<meta property=\"og:image:type\" content=\"image\/jpeg\" \/>\n<meta name=\"twitter:card\" content=\"summary_large_image\" \/>\n<script type=\"application\/ld+json\" class=\"yoast-schema-graph\">{\"@context\":\"https:\\\/\\\/schema.org\",\"@graph\":[{\"@type\":\"WebPage\",\"@id\":\"https:\\\/\\\/www.svgroupkft.hu\\\/product\\\/afonya-lekvar-700ml\\\/\",\"url\":\"https:\\\/\\\/www.svgroupkft.hu\\\/product\\\/afonya-lekvar-700ml\\\/\",\"name\":\"\u00c1fonya lekv\u00e1r 700ml - SV GROUP Kft.\",\"isPartOf\":{\"@id\":\"https:\\\/\\\/www.svgroupkft.hu\\\/#website\"},\"primaryImageOfPage\":{\"@id\":\"https:\\\/\\\/www.svgroupkft.hu\\\/product\\\/afonya-lekvar-700ml\\\/#primaryimage\"},\"image\":{\"@id\":\"https:\\\/\\\/www.svgroupkft.hu\\\/product\\\/afonya-lekvar-700ml\\\/#primaryimage\"},\"thumbnailUrl\":\"https:\\\/\\\/www.svgroupkft.hu\\\/wp-content\\\/uploads\\\/2024\\\/08\\\/afonya.jpg\",\"datePublished\":\"2024-08-06T19:19:58+00:00\",\"dateModified\":\"2026-02-16T08:41:37+00:00\",\"description\":\"Az \u00e1fonya lekv\u00e1runkat csak \u00fagy bec\u00e9zz\u00fck, hogy a \u201efekete arany\u201d. J\u00f3l t\u00fckr\u00f6zi ez az elnevez\u00e9s a rajong\u00e1sunkat ez ir\u00e1nt a lekv\u00e1r ir\u00e1nt.\",\"breadcrumb\":{\"@id\":\"https:\\\/\\\/www.svgroupkft.hu\\\/product\\\/afonya-lekvar-700ml\\\/#breadcrumb\"},\"inLanguage\":\"sk-SK\",\"potentialAction\":[{\"@type\":\"ReadAction\",\"target\":[\"https:\\\/\\\/www.svgroupkft.hu\\\/product\\\/afonya-lekvar-700ml\\\/\"]}]},{\"@type\":\"ImageObject\",\"inLanguage\":\"sk-SK\",\"@id\":\"https:\\\/\\\/www.svgroupkft.hu\\\/product\\\/afonya-lekvar-700ml\\\/#primaryimage\",\"url\":\"https:\\\/\\\/www.svgroupkft.hu\\\/wp-content\\\/uploads\\\/2024\\\/08\\\/afonya.jpg\",\"contentUrl\":\"https:\\\/\\\/www.svgroupkft.hu\\\/wp-content\\\/uploads\\\/2024\\\/08\\\/afonya.jpg\",\"width\":1280,\"height\":720,\"caption\":\"Blueberry background. Ripe and juicy fresh picked blueberries backdrop, closeup. Organic Blue berries\"},{\"@type\":\"BreadcrumbList\",\"@id\":\"https:\\\/\\\/www.svgroupkft.hu\\\/product\\\/afonya-lekvar-700ml\\\/#breadcrumb\",\"itemListElement\":[{\"@type\":\"ListItem\",\"position\":1,\"name\":\"Home\",\"item\":\"https:\\\/\\\/www.svgroupkft.hu\\\/\"},{\"@type\":\"ListItem\",\"position\":2,\"name\":\"\u00dczlet\",\"item\":\"https:\\\/\\\/www.svgroupkft.hu\\\/shop\\\/\"},{\"@type\":\"ListItem\",\"position\":3,\"name\":\"\u00c1fonya lekv\u00e1r 700ml\"}]},{\"@type\":\"WebSite\",\"@id\":\"https:\\\/\\\/www.svgroupkft.hu\\\/#website\",\"url\":\"https:\\\/\\\/www.svgroupkft.hu\\\/\",\"name\":\"SV GROUP Kft.\",\"description\":\"Zempl\u00e9n \u00edzei - gy\u00fcm\u00f6lcsfeldolgoz\u00f3 \u00fczem\",\"publisher\":{\"@id\":\"https:\\\/\\\/www.svgroupkft.hu\\\/#organization\"},\"potentialAction\":[{\"@type\":\"SearchAction\",\"target\":{\"@type\":\"EntryPoint\",\"urlTemplate\":\"https:\\\/\\\/www.svgroupkft.hu\\\/?s={search_term_string}\"},\"query-input\":{\"@type\":\"PropertyValueSpecification\",\"valueRequired\":true,\"valueName\":\"search_term_string\"}}],\"inLanguage\":\"sk-SK\"},{\"@type\":\"Organization\",\"@id\":\"https:\\\/\\\/www.svgroupkft.hu\\\/#organization\",\"name\":\"SV GROUP Kft.\",\"url\":\"https:\\\/\\\/www.svgroupkft.hu\\\/\",\"logo\":{\"@type\":\"ImageObject\",\"inLanguage\":\"sk-SK\",\"@id\":\"https:\\\/\\\/www.svgroupkft.hu\\\/#\\\/schema\\\/logo\\\/image\\\/\",\"url\":\"https:\\\/\\\/www.svgroupkft.hu\\\/wp-content\\\/uploads\\\/2022\\\/02\\\/favicon.png\",\"contentUrl\":\"https:\\\/\\\/www.svgroupkft.hu\\\/wp-content\\\/uploads\\\/2022\\\/02\\\/favicon.png\",\"width\":512,\"height\":512,\"caption\":\"SV GROUP Kft.\"},\"image\":{\"@id\":\"https:\\\/\\\/www.svgroupkft.hu\\\/#\\\/schema\\\/logo\\\/image\\\/\"},\"sameAs\":[\"https:\\\/\\\/www.facebook.com\\\/zemplenizei\\\/\",\"https:\\\/\\\/www.instagram.com\\\/zemplenizei\\\/\"]}]}<\/script>\n<!-- \/ Yoast SEO plugin. -->","yoast_head_json":{"title":"\u00c1fonya lekv\u00e1r 700ml - SV GROUP Kft.","description":"Az \u00e1fonya lekv\u00e1runkat csak \u00fagy bec\u00e9zz\u00fck, hogy a \u201efekete arany\u201d. J\u00f3l t\u00fckr\u00f6zi ez az elnevez\u00e9s a rajong\u00e1sunkat ez ir\u00e1nt a lekv\u00e1r ir\u00e1nt.","robots":{"index":"index","follow":"follow","max-snippet":"max-snippet:-1","max-image-preview":"max-image-preview:large","max-video-preview":"max-video-preview:-1"},"canonical":"https:\/\/www.svgroupkft.hu\/sk\/product\/afonya-lekvar-700ml\/","og_locale":"sk_SK","og_type":"article","og_title":"\u00c1fonya lekv\u00e1r 700ml - SV GROUP Kft.","og_description":"Az \u00e1fonya lekv\u00e1runkat csak \u00fagy bec\u00e9zz\u00fck, hogy a \u201efekete arany\u201d. J\u00f3l t\u00fckr\u00f6zi ez az elnevez\u00e9s a rajong\u00e1sunkat ez ir\u00e1nt a lekv\u00e1r ir\u00e1nt.","og_url":"https:\/\/www.svgroupkft.hu\/sk\/product\/afonya-lekvar-700ml\/","og_site_name":"SV GROUP Kft.","article_publisher":"https:\/\/www.facebook.com\/zemplenizei\/","article_modified_time":"2026-02-16T08:41:37+00:00","og_image":[{"width":1280,"height":720,"url":"https:\/\/www.svgroupkft.hu\/wp-content\/uploads\/2024\/08\/afonya.jpg","type":"image\/jpeg"}],"twitter_card":"summary_large_image","schema":{"@context":"https:\/\/schema.org","@graph":[{"@type":"WebPage","@id":"https:\/\/www.svgroupkft.hu\/product\/afonya-lekvar-700ml\/","url":"https:\/\/www.svgroupkft.hu\/product\/afonya-lekvar-700ml\/","name":"\u00c1fonya lekv\u00e1r 700ml - SV GROUP Kft.","isPartOf":{"@id":"https:\/\/www.svgroupkft.hu\/#website"},"primaryImageOfPage":{"@id":"https:\/\/www.svgroupkft.hu\/product\/afonya-lekvar-700ml\/#primaryimage"},"image":{"@id":"https:\/\/www.svgroupkft.hu\/product\/afonya-lekvar-700ml\/#primaryimage"},"thumbnailUrl":"https:\/\/www.svgroupkft.hu\/wp-content\/uploads\/2024\/08\/afonya.jpg","datePublished":"2024-08-06T19:19:58+00:00","dateModified":"2026-02-16T08:41:37+00:00","description":"Az \u00e1fonya lekv\u00e1runkat csak \u00fagy bec\u00e9zz\u00fck, hogy a \u201efekete arany\u201d. J\u00f3l t\u00fckr\u00f6zi ez az elnevez\u00e9s a rajong\u00e1sunkat ez ir\u00e1nt a lekv\u00e1r ir\u00e1nt.","breadcrumb":{"@id":"https:\/\/www.svgroupkft.hu\/product\/afonya-lekvar-700ml\/#breadcrumb"},"inLanguage":"sk-SK","potentialAction":[{"@type":"ReadAction","target":["https:\/\/www.svgroupkft.hu\/product\/afonya-lekvar-700ml\/"]}]},{"@type":"ImageObject","inLanguage":"sk-SK","@id":"https:\/\/www.svgroupkft.hu\/product\/afonya-lekvar-700ml\/#primaryimage","url":"https:\/\/www.svgroupkft.hu\/wp-content\/uploads\/2024\/08\/afonya.jpg","contentUrl":"https:\/\/www.svgroupkft.hu\/wp-content\/uploads\/2024\/08\/afonya.jpg","width":1280,"height":720,"caption":"Blueberry background. Ripe and juicy fresh picked blueberries backdrop, closeup. Organic Blue berries"},{"@type":"BreadcrumbList","@id":"https:\/\/www.svgroupkft.hu\/product\/afonya-lekvar-700ml\/#breadcrumb","itemListElement":[{"@type":"ListItem","position":1,"name":"Home","item":"https:\/\/www.svgroupkft.hu\/"},{"@type":"ListItem","position":2,"name":"\u00dczlet","item":"https:\/\/www.svgroupkft.hu\/shop\/"},{"@type":"ListItem","position":3,"name":"\u00c1fonya lekv\u00e1r 700ml"}]},{"@type":"WebSite","@id":"https:\/\/www.svgroupkft.hu\/#website","url":"https:\/\/www.svgroupkft.hu\/","name":"SV GROUP Kft.","description":"Zempl\u00e9n \u00edzei - gy\u00fcm\u00f6lcsfeldolgoz\u00f3 \u00fczem","publisher":{"@id":"https:\/\/www.svgroupkft.hu\/#organization"},"potentialAction":[{"@type":"SearchAction","target":{"@type":"EntryPoint","urlTemplate":"https:\/\/www.svgroupkft.hu\/?s={search_term_string}"},"query-input":{"@type":"PropertyValueSpecification","valueRequired":true,"valueName":"search_term_string"}}],"inLanguage":"sk-SK"},{"@type":"Organization","@id":"https:\/\/www.svgroupkft.hu\/#organization","name":"SV GROUP Kft.","url":"https:\/\/www.svgroupkft.hu\/","logo":{"@type":"ImageObject","inLanguage":"sk-SK","@id":"https:\/\/www.svgroupkft.hu\/#\/schema\/logo\/image\/","url":"https:\/\/www.svgroupkft.hu\/wp-content\/uploads\/2022\/02\/favicon.png","contentUrl":"https:\/\/www.svgroupkft.hu\/wp-content\/uploads\/2022\/02\/favicon.png","width":512,"height":512,"caption":"SV GROUP Kft."},"image":{"@id":"https:\/\/www.svgroupkft.hu\/#\/schema\/logo\/image\/"},"sameAs":["https:\/\/www.facebook.com\/zemplenizei\/","https:\/\/www.instagram.com\/zemplenizei\/"]}]}},"_links":{"self":[{"href":"https:\/\/www.svgroupkft.hu\/sk\/wp-json\/wp\/v2\/product\/1351","targetHints":{"allow":["GET"]}}],"collection":[{"href":"https:\/\/www.svgroupkft.hu\/sk\/wp-json\/wp\/v2\/product"}],"about":[{"href":"https:\/\/www.svgroupkft.hu\/sk\/wp-json\/wp\/v2\/types\/product"}],"replies":[{"embeddable":true,"href":"https:\/\/www.svgroupkft.hu\/sk\/wp-json\/wp\/v2\/comments?post=1351"}],"wp:featuredmedia":[{"embeddable":true,"href":"https:\/\/www.svgroupkft.hu\/sk\/wp-json\/wp\/v2\/media\/1352"}],"wp:attachment":[{"href":"https:\/\/www.svgroupkft.hu\/sk\/wp-json\/wp\/v2\/media?parent=1351"}],"wp:term":[{"taxonomy":"product_brand","embeddable":true,"href":"https:\/\/www.svgroupkft.hu\/sk\/wp-json\/wp\/v2\/product_brand?post=1351"},{"taxonomy":"product_cat","embeddable":true,"href":"https:\/\/www.svgroupkft.hu\/sk\/wp-json\/wp\/v2\/product_cat?post=1351"},{"taxonomy":"product_tag","embeddable":true,"href":"https:\/\/www.svgroupkft.hu\/sk\/wp-json\/wp\/v2\/product_tag?post=1351"}],"curies":[{"name":"wp","href":"https:\/\/api.w.org\/{rel}","templated":true}]}}