{"id":1353,"date":"2024-08-06T21:52:51","date_gmt":"2024-08-06T19:52:51","guid":{"rendered":"https:\/\/www.svgroupkft.hu\/?post_type=product&#038;p=1353"},"modified":"2025-10-23T19:51:22","modified_gmt":"2025-10-23T17:51:22","slug":"malnalekvar-700ml","status":"publish","type":"product","link":"https:\/\/www.svgroupkft.hu\/sk\/product\/malnalekvar-700ml\/","title":{"rendered":"M\u00e1lnalekv\u00e1r 700ml"},"content":{"rendered":"","protected":false},"excerpt":{"rendered":"<p>\u010co by sme mohli poveda\u0165 o maline? Ve\u010f kto by nepoznal toto chutn\u00e9 letn\u00e9 bobu\u013eovit\u00e9 ovocie? \u0164a\u017eko by sa na\u0161iel \u010dlovek, ktor\u00fd nem\u00e1 spomienky z detstva, ako stoj\u00ed pri malinovom kr\u00edku v letnej hor\u00fa\u010dave a ober\u00e1 toto lahodn\u00e9 ovocie. Okrem toho, \u017ee je chutn\u00e1 je aj prospe\u0161n\u00e1 pre zdravie. Zlep\u0161uje zrak, pom\u00e1ha predch\u00e1dza\u0165 vzniku rakoviny, omladzuje poko\u017eku a v\u010faka vysok\u00e9mu obsahu vitam\u00ednu C posil\u0148uje imunitn\u00fd syst\u00e9m. Je zdrav\u00e1 a naozaj chutn\u00e1!<\/p>","protected":false},"featured_media":1354,"comment_status":"closed","ping_status":"closed","template":"","meta":{"_monsterinsights_skip_tracking":false,"_monsterinsights_sitenote_active":false,"_monsterinsights_sitenote_note":"","_monsterinsights_sitenote_category":0,"ngg_post_thumbnail":0},"product_brand":[],"product_cat":[521],"product_tag":[],"class_list":{"0":"post-1353","1":"product","2":"type-product","3":"status-publish","4":"has-post-thumbnail","6":"product_cat-lekvarok","9":"instock","10":"shipping-taxable","11":"purchasable","12":"product-type-simple"},"yoast_head":"<!-- This site is optimized with the Yoast SEO plugin v27.4 - https:\/\/yoast.com\/product\/yoast-seo-wordpress\/ -->\n<title>M\u00e1lnalekv\u00e1r 700ml - SV GROUP Kft.<\/title>\n<meta name=\"description\" content=\"Seg\u00edt megel\u0151zni a daganatos betegs\u00e9gek kialakul\u00e1s\u00e1t, b\u0151rfiatal\u00edt\u00f3 hat\u00e1s\u00fa, \u00e9s er\u0151s\u00edti az immunrendszert. Eg\u00e9szs\u00e9ges, \u00e9s nagyon finom!\" \/>\n<meta name=\"robots\" content=\"index, follow, max-snippet:-1, max-image-preview:large, max-video-preview:-1\" \/>\n<link rel=\"canonical\" href=\"https:\/\/www.svgroupkft.hu\/sk\/product\/malnalekvar-700ml\/\" \/>\n<meta property=\"og:locale\" content=\"sk_SK\" \/>\n<meta property=\"og:type\" content=\"article\" \/>\n<meta property=\"og:title\" content=\"M\u00e1lnalekv\u00e1r 700ml - SV GROUP Kft.\" \/>\n<meta property=\"og:description\" content=\"Seg\u00edt megel\u0151zni a daganatos betegs\u00e9gek kialakul\u00e1s\u00e1t, b\u0151rfiatal\u00edt\u00f3 hat\u00e1s\u00fa, \u00e9s er\u0151s\u00edti az immunrendszert. Eg\u00e9szs\u00e9ges, \u00e9s nagyon finom!\" \/>\n<meta property=\"og:url\" content=\"https:\/\/www.svgroupkft.hu\/sk\/product\/malnalekvar-700ml\/\" \/>\n<meta property=\"og:site_name\" content=\"SV GROUP Kft.\" \/>\n<meta property=\"article:publisher\" content=\"https:\/\/www.facebook.com\/zemplenizei\/\" \/>\n<meta property=\"article:modified_time\" content=\"2025-10-23T17:51:22+00:00\" \/>\n<meta property=\"og:image\" content=\"https:\/\/www.svgroupkft.hu\/wp-content\/uploads\/2024\/08\/malna.webp\" \/>\n\t<meta property=\"og:image:width\" content=\"1880\" \/>\n\t<meta property=\"og:image:height\" content=\"1254\" \/>\n\t<meta property=\"og:image:type\" content=\"image\/webp\" \/>\n<meta name=\"twitter:card\" content=\"summary_large_image\" \/>\n<script type=\"application\/ld+json\" class=\"yoast-schema-graph\">{\"@context\":\"https:\\\/\\\/schema.org\",\"@graph\":[{\"@type\":\"WebPage\",\"@id\":\"https:\\\/\\\/www.svgroupkft.hu\\\/product\\\/malnalekvar-700ml\\\/\",\"url\":\"https:\\\/\\\/www.svgroupkft.hu\\\/product\\\/malnalekvar-700ml\\\/\",\"name\":\"M\u00e1lnalekv\u00e1r 700ml - SV GROUP Kft.\",\"isPartOf\":{\"@id\":\"https:\\\/\\\/www.svgroupkft.hu\\\/#website\"},\"primaryImageOfPage\":{\"@id\":\"https:\\\/\\\/www.svgroupkft.hu\\\/product\\\/malnalekvar-700ml\\\/#primaryimage\"},\"image\":{\"@id\":\"https:\\\/\\\/www.svgroupkft.hu\\\/product\\\/malnalekvar-700ml\\\/#primaryimage\"},\"thumbnailUrl\":\"https:\\\/\\\/www.svgroupkft.hu\\\/wp-content\\\/uploads\\\/2024\\\/08\\\/malna.webp\",\"datePublished\":\"2024-08-06T19:52:51+00:00\",\"dateModified\":\"2025-10-23T17:51:22+00:00\",\"description\":\"Seg\u00edt megel\u0151zni a daganatos betegs\u00e9gek kialakul\u00e1s\u00e1t, b\u0151rfiatal\u00edt\u00f3 hat\u00e1s\u00fa, \u00e9s er\u0151s\u00edti az immunrendszert. Eg\u00e9szs\u00e9ges, \u00e9s nagyon finom!\",\"breadcrumb\":{\"@id\":\"https:\\\/\\\/www.svgroupkft.hu\\\/product\\\/malnalekvar-700ml\\\/#breadcrumb\"},\"inLanguage\":\"sk-SK\",\"potentialAction\":[{\"@type\":\"ReadAction\",\"target\":[\"https:\\\/\\\/www.svgroupkft.hu\\\/product\\\/malnalekvar-700ml\\\/\"]}]},{\"@type\":\"ImageObject\",\"inLanguage\":\"sk-SK\",\"@id\":\"https:\\\/\\\/www.svgroupkft.hu\\\/product\\\/malnalekvar-700ml\\\/#primaryimage\",\"url\":\"https:\\\/\\\/www.svgroupkft.hu\\\/wp-content\\\/uploads\\\/2024\\\/08\\\/malna.webp\",\"contentUrl\":\"https:\\\/\\\/www.svgroupkft.hu\\\/wp-content\\\/uploads\\\/2024\\\/08\\\/malna.webp\",\"width\":1880,\"height\":1254},{\"@type\":\"BreadcrumbList\",\"@id\":\"https:\\\/\\\/www.svgroupkft.hu\\\/product\\\/malnalekvar-700ml\\\/#breadcrumb\",\"itemListElement\":[{\"@type\":\"ListItem\",\"position\":1,\"name\":\"Home\",\"item\":\"https:\\\/\\\/www.svgroupkft.hu\\\/\"},{\"@type\":\"ListItem\",\"position\":2,\"name\":\"\u00dczlet\",\"item\":\"https:\\\/\\\/www.svgroupkft.hu\\\/shop\\\/\"},{\"@type\":\"ListItem\",\"position\":3,\"name\":\"M\u00e1lnalekv\u00e1r 700ml\"}]},{\"@type\":\"WebSite\",\"@id\":\"https:\\\/\\\/www.svgroupkft.hu\\\/#website\",\"url\":\"https:\\\/\\\/www.svgroupkft.hu\\\/\",\"name\":\"SV GROUP Kft.\",\"description\":\"Zempl\u00e9n \u00edzei - gy\u00fcm\u00f6lcsfeldolgoz\u00f3 \u00fczem\",\"publisher\":{\"@id\":\"https:\\\/\\\/www.svgroupkft.hu\\\/#organization\"},\"potentialAction\":[{\"@type\":\"SearchAction\",\"target\":{\"@type\":\"EntryPoint\",\"urlTemplate\":\"https:\\\/\\\/www.svgroupkft.hu\\\/?s={search_term_string}\"},\"query-input\":{\"@type\":\"PropertyValueSpecification\",\"valueRequired\":true,\"valueName\":\"search_term_string\"}}],\"inLanguage\":\"sk-SK\"},{\"@type\":\"Organization\",\"@id\":\"https:\\\/\\\/www.svgroupkft.hu\\\/#organization\",\"name\":\"SV GROUP Kft.\",\"url\":\"https:\\\/\\\/www.svgroupkft.hu\\\/\",\"logo\":{\"@type\":\"ImageObject\",\"inLanguage\":\"sk-SK\",\"@id\":\"https:\\\/\\\/www.svgroupkft.hu\\\/#\\\/schema\\\/logo\\\/image\\\/\",\"url\":\"https:\\\/\\\/www.svgroupkft.hu\\\/wp-content\\\/uploads\\\/2022\\\/02\\\/favicon.png\",\"contentUrl\":\"https:\\\/\\\/www.svgroupkft.hu\\\/wp-content\\\/uploads\\\/2022\\\/02\\\/favicon.png\",\"width\":512,\"height\":512,\"caption\":\"SV GROUP Kft.\"},\"image\":{\"@id\":\"https:\\\/\\\/www.svgroupkft.hu\\\/#\\\/schema\\\/logo\\\/image\\\/\"},\"sameAs\":[\"https:\\\/\\\/www.facebook.com\\\/zemplenizei\\\/\",\"https:\\\/\\\/www.instagram.com\\\/zemplenizei\\\/\"]}]}<\/script>\n<!-- \/ Yoast SEO plugin. -->","yoast_head_json":{"title":"M\u00e1lnalekv\u00e1r 700ml - SV GROUP Kft.","description":"Seg\u00edt megel\u0151zni a daganatos betegs\u00e9gek kialakul\u00e1s\u00e1t, b\u0151rfiatal\u00edt\u00f3 hat\u00e1s\u00fa, \u00e9s er\u0151s\u00edti az immunrendszert. Eg\u00e9szs\u00e9ges, \u00e9s nagyon finom!","robots":{"index":"index","follow":"follow","max-snippet":"max-snippet:-1","max-image-preview":"max-image-preview:large","max-video-preview":"max-video-preview:-1"},"canonical":"https:\/\/www.svgroupkft.hu\/sk\/product\/malnalekvar-700ml\/","og_locale":"sk_SK","og_type":"article","og_title":"M\u00e1lnalekv\u00e1r 700ml - SV GROUP Kft.","og_description":"Seg\u00edt megel\u0151zni a daganatos betegs\u00e9gek kialakul\u00e1s\u00e1t, b\u0151rfiatal\u00edt\u00f3 hat\u00e1s\u00fa, \u00e9s er\u0151s\u00edti az immunrendszert. Eg\u00e9szs\u00e9ges, \u00e9s nagyon finom!","og_url":"https:\/\/www.svgroupkft.hu\/sk\/product\/malnalekvar-700ml\/","og_site_name":"SV GROUP Kft.","article_publisher":"https:\/\/www.facebook.com\/zemplenizei\/","article_modified_time":"2025-10-23T17:51:22+00:00","og_image":[{"width":1880,"height":1254,"url":"https:\/\/www.svgroupkft.hu\/wp-content\/uploads\/2024\/08\/malna.webp","type":"image\/webp"}],"twitter_card":"summary_large_image","schema":{"@context":"https:\/\/schema.org","@graph":[{"@type":"WebPage","@id":"https:\/\/www.svgroupkft.hu\/product\/malnalekvar-700ml\/","url":"https:\/\/www.svgroupkft.hu\/product\/malnalekvar-700ml\/","name":"M\u00e1lnalekv\u00e1r 700ml - SV GROUP Kft.","isPartOf":{"@id":"https:\/\/www.svgroupkft.hu\/#website"},"primaryImageOfPage":{"@id":"https:\/\/www.svgroupkft.hu\/product\/malnalekvar-700ml\/#primaryimage"},"image":{"@id":"https:\/\/www.svgroupkft.hu\/product\/malnalekvar-700ml\/#primaryimage"},"thumbnailUrl":"https:\/\/www.svgroupkft.hu\/wp-content\/uploads\/2024\/08\/malna.webp","datePublished":"2024-08-06T19:52:51+00:00","dateModified":"2025-10-23T17:51:22+00:00","description":"Seg\u00edt megel\u0151zni a daganatos betegs\u00e9gek kialakul\u00e1s\u00e1t, b\u0151rfiatal\u00edt\u00f3 hat\u00e1s\u00fa, \u00e9s er\u0151s\u00edti az immunrendszert. Eg\u00e9szs\u00e9ges, \u00e9s nagyon finom!","breadcrumb":{"@id":"https:\/\/www.svgroupkft.hu\/product\/malnalekvar-700ml\/#breadcrumb"},"inLanguage":"sk-SK","potentialAction":[{"@type":"ReadAction","target":["https:\/\/www.svgroupkft.hu\/product\/malnalekvar-700ml\/"]}]},{"@type":"ImageObject","inLanguage":"sk-SK","@id":"https:\/\/www.svgroupkft.hu\/product\/malnalekvar-700ml\/#primaryimage","url":"https:\/\/www.svgroupkft.hu\/wp-content\/uploads\/2024\/08\/malna.webp","contentUrl":"https:\/\/www.svgroupkft.hu\/wp-content\/uploads\/2024\/08\/malna.webp","width":1880,"height":1254},{"@type":"BreadcrumbList","@id":"https:\/\/www.svgroupkft.hu\/product\/malnalekvar-700ml\/#breadcrumb","itemListElement":[{"@type":"ListItem","position":1,"name":"Home","item":"https:\/\/www.svgroupkft.hu\/"},{"@type":"ListItem","position":2,"name":"\u00dczlet","item":"https:\/\/www.svgroupkft.hu\/shop\/"},{"@type":"ListItem","position":3,"name":"M\u00e1lnalekv\u00e1r 700ml"}]},{"@type":"WebSite","@id":"https:\/\/www.svgroupkft.hu\/#website","url":"https:\/\/www.svgroupkft.hu\/","name":"SV GROUP Kft.","description":"Zempl\u00e9n \u00edzei - gy\u00fcm\u00f6lcsfeldolgoz\u00f3 \u00fczem","publisher":{"@id":"https:\/\/www.svgroupkft.hu\/#organization"},"potentialAction":[{"@type":"SearchAction","target":{"@type":"EntryPoint","urlTemplate":"https:\/\/www.svgroupkft.hu\/?s={search_term_string}"},"query-input":{"@type":"PropertyValueSpecification","valueRequired":true,"valueName":"search_term_string"}}],"inLanguage":"sk-SK"},{"@type":"Organization","@id":"https:\/\/www.svgroupkft.hu\/#organization","name":"SV GROUP Kft.","url":"https:\/\/www.svgroupkft.hu\/","logo":{"@type":"ImageObject","inLanguage":"sk-SK","@id":"https:\/\/www.svgroupkft.hu\/#\/schema\/logo\/image\/","url":"https:\/\/www.svgroupkft.hu\/wp-content\/uploads\/2022\/02\/favicon.png","contentUrl":"https:\/\/www.svgroupkft.hu\/wp-content\/uploads\/2022\/02\/favicon.png","width":512,"height":512,"caption":"SV GROUP Kft."},"image":{"@id":"https:\/\/www.svgroupkft.hu\/#\/schema\/logo\/image\/"},"sameAs":["https:\/\/www.facebook.com\/zemplenizei\/","https:\/\/www.instagram.com\/zemplenizei\/"]}]}},"_links":{"self":[{"href":"https:\/\/www.svgroupkft.hu\/sk\/wp-json\/wp\/v2\/product\/1353","targetHints":{"allow":["GET"]}}],"collection":[{"href":"https:\/\/www.svgroupkft.hu\/sk\/wp-json\/wp\/v2\/product"}],"about":[{"href":"https:\/\/www.svgroupkft.hu\/sk\/wp-json\/wp\/v2\/types\/product"}],"replies":[{"embeddable":true,"href":"https:\/\/www.svgroupkft.hu\/sk\/wp-json\/wp\/v2\/comments?post=1353"}],"wp:featuredmedia":[{"embeddable":true,"href":"https:\/\/www.svgroupkft.hu\/sk\/wp-json\/wp\/v2\/media\/1354"}],"wp:attachment":[{"href":"https:\/\/www.svgroupkft.hu\/sk\/wp-json\/wp\/v2\/media?parent=1353"}],"wp:term":[{"taxonomy":"product_brand","embeddable":true,"href":"https:\/\/www.svgroupkft.hu\/sk\/wp-json\/wp\/v2\/product_brand?post=1353"},{"taxonomy":"product_cat","embeddable":true,"href":"https:\/\/www.svgroupkft.hu\/sk\/wp-json\/wp\/v2\/product_cat?post=1353"},{"taxonomy":"product_tag","embeddable":true,"href":"https:\/\/www.svgroupkft.hu\/sk\/wp-json\/wp\/v2\/product_tag?post=1353"}],"curies":[{"name":"wp","href":"https:\/\/api.w.org\/{rel}","templated":true}]}}