{"id":532,"date":"2022-01-06T12:13:30","date_gmt":"2022-01-06T11:13:30","guid":{"rendered":"https:\/\/www.svgroupkft.hu\/?post_type=product&#038;p=532"},"modified":"2026-02-16T09:43:56","modified_gmt":"2026-02-16T08:43:56","slug":"korte-alma","status":"publish","type":"product","link":"https:\/\/www.svgroupkft.hu\/sk\/product\/korte-alma\/","title":{"rendered":"Hru\u0161ka-Jablko 5L"},"content":{"rendered":"","protected":false},"excerpt":{"rendered":"<p>Hru\u0161kov\u00e1 \u0161\u0165ava okrem toho, \u017ee je ovocnou \u0161\u0165avou s pr\u00edjemnou aromatickou chu\u0165ou, v\u00fdborne pre\u010dis\u0165uje aj krv a posil\u0148uje nervov\u00fa s\u00fastavu. Obsahuje mno\u017estvo vitam\u00ednov, napr.: je bohat\u00e1 na vitam\u00edny A, B1, B2 a C, ako aj na obsah miner\u00e1lnych l\u00e1tok (v\u00e1pnik, drasl\u00edk, hor\u010d\u00edk, zinok, \u017eelezo, j\u00f3d). Pre vysok\u00fd obsah vl\u00e1kniny jej ka\u017edodenn\u00e1 konzum\u00e1cia m\u00e1 pozit\u00edvny vplyv na zdravie. Pomocou tohto ovocia sa d\u00e1 pred\u00eds\u0165 depresii, chudokrvnosti, artrit\u00edde ako aj in\u00fdm reumatologick\u00fdm ochoreniam. Hru\u0161kov\u00e1 \u0161\u0165ava je pova\u017eovan\u00e1 za kr\u00e1\u013eovn\u00fa pr\u00edrodn\u00fdch ovocn\u00fdch \u0161tiav.<\/p>","protected":false},"featured_media":1300,"comment_status":"closed","ping_status":"closed","template":"","meta":{"_monsterinsights_skip_tracking":false,"_monsterinsights_sitenote_active":false,"_monsterinsights_sitenote_note":"","_monsterinsights_sitenote_category":0,"ngg_post_thumbnail":0},"product_brand":[],"product_cat":[520],"product_tag":[],"class_list":{"0":"post-532","1":"product","2":"type-product","3":"status-publish","4":"has-post-thumbnail","6":"product_cat-gyumolcslevek","9":"instock","10":"shipping-taxable","11":"purchasable","12":"product-type-simple"},"yoast_head":"<!-- This site is optimized with the Yoast SEO plugin v27.5 - https:\/\/yoast.com\/product\/yoast-seo-wordpress\/ -->\n<title>K\u00f6rte Alma 5L - SV GROUP Kft.<\/title>\n<meta name=\"description\" content=\"Magas rost tartalma miatt mindennapi fogyaszt\u00e1sa kedvez\u0151en hat eg\u00e9szs\u00e9g\u00fcnkre. A k\u00f6rte levet tartj\u00e1k a gy\u00fcm\u00f6lcslevek kir\u00e1lyn\u0151j\u00e9nek.\" \/>\n<meta name=\"robots\" content=\"index, follow, max-snippet:-1, max-image-preview:large, max-video-preview:-1\" \/>\n<link rel=\"canonical\" href=\"https:\/\/www.svgroupkft.hu\/sk\/product\/korte-alma\/\" \/>\n<meta property=\"og:locale\" content=\"sk_SK\" \/>\n<meta property=\"og:type\" content=\"article\" \/>\n<meta property=\"og:title\" content=\"K\u00f6rte Alma 5L - SV GROUP Kft.\" \/>\n<meta property=\"og:description\" content=\"Magas rost tartalma miatt mindennapi fogyaszt\u00e1sa kedvez\u0151en hat eg\u00e9szs\u00e9g\u00fcnkre. A k\u00f6rte levet tartj\u00e1k a gy\u00fcm\u00f6lcslevek kir\u00e1lyn\u0151j\u00e9nek.\" \/>\n<meta property=\"og:url\" content=\"https:\/\/www.svgroupkft.hu\/sk\/product\/korte-alma\/\" \/>\n<meta property=\"og:site_name\" content=\"SV GROUP Kft.\" \/>\n<meta property=\"article:publisher\" content=\"https:\/\/www.facebook.com\/zemplenizei\/\" \/>\n<meta property=\"article:modified_time\" content=\"2026-02-16T08:43:56+00:00\" \/>\n<meta property=\"og:image\" content=\"https:\/\/www.svgroupkft.hu\/wp-content\/uploads\/2022\/07\/gyumolcsle_5l.jpg\" \/>\n\t<meta property=\"og:image:width\" content=\"1000\" \/>\n\t<meta property=\"og:image:height\" content=\"1000\" \/>\n\t<meta property=\"og:image:type\" content=\"image\/jpeg\" \/>\n<meta name=\"twitter:card\" content=\"summary_large_image\" \/>\n<script type=\"application\/ld+json\" class=\"yoast-schema-graph\">{\"@context\":\"https:\\\/\\\/schema.org\",\"@graph\":[{\"@type\":\"WebPage\",\"@id\":\"https:\\\/\\\/www.svgroupkft.hu\\\/product\\\/korte-alma\\\/\",\"url\":\"https:\\\/\\\/www.svgroupkft.hu\\\/product\\\/korte-alma\\\/\",\"name\":\"K\u00f6rte Alma 5L - SV GROUP Kft.\",\"isPartOf\":{\"@id\":\"https:\\\/\\\/www.svgroupkft.hu\\\/#website\"},\"primaryImageOfPage\":{\"@id\":\"https:\\\/\\\/www.svgroupkft.hu\\\/product\\\/korte-alma\\\/#primaryimage\"},\"image\":{\"@id\":\"https:\\\/\\\/www.svgroupkft.hu\\\/product\\\/korte-alma\\\/#primaryimage\"},\"thumbnailUrl\":\"https:\\\/\\\/www.svgroupkft.hu\\\/wp-content\\\/uploads\\\/2022\\\/07\\\/gyumolcsle_5l.jpg\",\"datePublished\":\"2022-01-06T11:13:30+00:00\",\"dateModified\":\"2026-02-16T08:43:56+00:00\",\"description\":\"Magas rost tartalma miatt mindennapi fogyaszt\u00e1sa kedvez\u0151en hat eg\u00e9szs\u00e9g\u00fcnkre. A k\u00f6rte levet tartj\u00e1k a gy\u00fcm\u00f6lcslevek kir\u00e1lyn\u0151j\u00e9nek.\",\"breadcrumb\":{\"@id\":\"https:\\\/\\\/www.svgroupkft.hu\\\/product\\\/korte-alma\\\/#breadcrumb\"},\"inLanguage\":\"sk-SK\",\"potentialAction\":[{\"@type\":\"ReadAction\",\"target\":[\"https:\\\/\\\/www.svgroupkft.hu\\\/product\\\/korte-alma\\\/\"]}]},{\"@type\":\"ImageObject\",\"inLanguage\":\"sk-SK\",\"@id\":\"https:\\\/\\\/www.svgroupkft.hu\\\/product\\\/korte-alma\\\/#primaryimage\",\"url\":\"https:\\\/\\\/www.svgroupkft.hu\\\/wp-content\\\/uploads\\\/2022\\\/07\\\/gyumolcsle_5l.jpg\",\"contentUrl\":\"https:\\\/\\\/www.svgroupkft.hu\\\/wp-content\\\/uploads\\\/2022\\\/07\\\/gyumolcsle_5l.jpg\",\"width\":1000,\"height\":1000},{\"@type\":\"BreadcrumbList\",\"@id\":\"https:\\\/\\\/www.svgroupkft.hu\\\/product\\\/korte-alma\\\/#breadcrumb\",\"itemListElement\":[{\"@type\":\"ListItem\",\"position\":1,\"name\":\"Home\",\"item\":\"https:\\\/\\\/www.svgroupkft.hu\\\/\"},{\"@type\":\"ListItem\",\"position\":2,\"name\":\"\u00dczlet\",\"item\":\"https:\\\/\\\/www.svgroupkft.hu\\\/shop\\\/\"},{\"@type\":\"ListItem\",\"position\":3,\"name\":\"K\u00f6rte Alma 5L\"}]},{\"@type\":\"WebSite\",\"@id\":\"https:\\\/\\\/www.svgroupkft.hu\\\/#website\",\"url\":\"https:\\\/\\\/www.svgroupkft.hu\\\/\",\"name\":\"SV GROUP Kft.\",\"description\":\"Zempl\u00e9n \u00edzei - gy\u00fcm\u00f6lcsfeldolgoz\u00f3 \u00fczem\",\"publisher\":{\"@id\":\"https:\\\/\\\/www.svgroupkft.hu\\\/#organization\"},\"potentialAction\":[{\"@type\":\"SearchAction\",\"target\":{\"@type\":\"EntryPoint\",\"urlTemplate\":\"https:\\\/\\\/www.svgroupkft.hu\\\/?s={search_term_string}\"},\"query-input\":{\"@type\":\"PropertyValueSpecification\",\"valueRequired\":true,\"valueName\":\"search_term_string\"}}],\"inLanguage\":\"sk-SK\"},{\"@type\":\"Organization\",\"@id\":\"https:\\\/\\\/www.svgroupkft.hu\\\/#organization\",\"name\":\"SV GROUP Kft.\",\"url\":\"https:\\\/\\\/www.svgroupkft.hu\\\/\",\"logo\":{\"@type\":\"ImageObject\",\"inLanguage\":\"sk-SK\",\"@id\":\"https:\\\/\\\/www.svgroupkft.hu\\\/#\\\/schema\\\/logo\\\/image\\\/\",\"url\":\"https:\\\/\\\/www.svgroupkft.hu\\\/wp-content\\\/uploads\\\/2022\\\/02\\\/favicon.png\",\"contentUrl\":\"https:\\\/\\\/www.svgroupkft.hu\\\/wp-content\\\/uploads\\\/2022\\\/02\\\/favicon.png\",\"width\":512,\"height\":512,\"caption\":\"SV GROUP Kft.\"},\"image\":{\"@id\":\"https:\\\/\\\/www.svgroupkft.hu\\\/#\\\/schema\\\/logo\\\/image\\\/\"},\"sameAs\":[\"https:\\\/\\\/www.facebook.com\\\/zemplenizei\\\/\",\"https:\\\/\\\/www.instagram.com\\\/zemplenizei\\\/\"]}]}<\/script>\n<!-- \/ Yoast SEO plugin. -->","yoast_head_json":{"title":"K\u00f6rte Alma 5L - SV GROUP Kft.","description":"Magas rost tartalma miatt mindennapi fogyaszt\u00e1sa kedvez\u0151en hat eg\u00e9szs\u00e9g\u00fcnkre. A k\u00f6rte levet tartj\u00e1k a gy\u00fcm\u00f6lcslevek kir\u00e1lyn\u0151j\u00e9nek.","robots":{"index":"index","follow":"follow","max-snippet":"max-snippet:-1","max-image-preview":"max-image-preview:large","max-video-preview":"max-video-preview:-1"},"canonical":"https:\/\/www.svgroupkft.hu\/sk\/product\/korte-alma\/","og_locale":"sk_SK","og_type":"article","og_title":"K\u00f6rte Alma 5L - SV GROUP Kft.","og_description":"Magas rost tartalma miatt mindennapi fogyaszt\u00e1sa kedvez\u0151en hat eg\u00e9szs\u00e9g\u00fcnkre. A k\u00f6rte levet tartj\u00e1k a gy\u00fcm\u00f6lcslevek kir\u00e1lyn\u0151j\u00e9nek.","og_url":"https:\/\/www.svgroupkft.hu\/sk\/product\/korte-alma\/","og_site_name":"SV GROUP Kft.","article_publisher":"https:\/\/www.facebook.com\/zemplenizei\/","article_modified_time":"2026-02-16T08:43:56+00:00","og_image":[{"width":1000,"height":1000,"url":"https:\/\/www.svgroupkft.hu\/wp-content\/uploads\/2022\/07\/gyumolcsle_5l.jpg","type":"image\/jpeg"}],"twitter_card":"summary_large_image","schema":{"@context":"https:\/\/schema.org","@graph":[{"@type":"WebPage","@id":"https:\/\/www.svgroupkft.hu\/product\/korte-alma\/","url":"https:\/\/www.svgroupkft.hu\/product\/korte-alma\/","name":"K\u00f6rte Alma 5L - SV GROUP Kft.","isPartOf":{"@id":"https:\/\/www.svgroupkft.hu\/#website"},"primaryImageOfPage":{"@id":"https:\/\/www.svgroupkft.hu\/product\/korte-alma\/#primaryimage"},"image":{"@id":"https:\/\/www.svgroupkft.hu\/product\/korte-alma\/#primaryimage"},"thumbnailUrl":"https:\/\/www.svgroupkft.hu\/wp-content\/uploads\/2022\/07\/gyumolcsle_5l.jpg","datePublished":"2022-01-06T11:13:30+00:00","dateModified":"2026-02-16T08:43:56+00:00","description":"Magas rost tartalma miatt mindennapi fogyaszt\u00e1sa kedvez\u0151en hat eg\u00e9szs\u00e9g\u00fcnkre. A k\u00f6rte levet tartj\u00e1k a gy\u00fcm\u00f6lcslevek kir\u00e1lyn\u0151j\u00e9nek.","breadcrumb":{"@id":"https:\/\/www.svgroupkft.hu\/product\/korte-alma\/#breadcrumb"},"inLanguage":"sk-SK","potentialAction":[{"@type":"ReadAction","target":["https:\/\/www.svgroupkft.hu\/product\/korte-alma\/"]}]},{"@type":"ImageObject","inLanguage":"sk-SK","@id":"https:\/\/www.svgroupkft.hu\/product\/korte-alma\/#primaryimage","url":"https:\/\/www.svgroupkft.hu\/wp-content\/uploads\/2022\/07\/gyumolcsle_5l.jpg","contentUrl":"https:\/\/www.svgroupkft.hu\/wp-content\/uploads\/2022\/07\/gyumolcsle_5l.jpg","width":1000,"height":1000},{"@type":"BreadcrumbList","@id":"https:\/\/www.svgroupkft.hu\/product\/korte-alma\/#breadcrumb","itemListElement":[{"@type":"ListItem","position":1,"name":"Home","item":"https:\/\/www.svgroupkft.hu\/"},{"@type":"ListItem","position":2,"name":"\u00dczlet","item":"https:\/\/www.svgroupkft.hu\/shop\/"},{"@type":"ListItem","position":3,"name":"K\u00f6rte Alma 5L"}]},{"@type":"WebSite","@id":"https:\/\/www.svgroupkft.hu\/#website","url":"https:\/\/www.svgroupkft.hu\/","name":"SV GROUP Kft.","description":"Zempl\u00e9n \u00edzei - gy\u00fcm\u00f6lcsfeldolgoz\u00f3 \u00fczem","publisher":{"@id":"https:\/\/www.svgroupkft.hu\/#organization"},"potentialAction":[{"@type":"SearchAction","target":{"@type":"EntryPoint","urlTemplate":"https:\/\/www.svgroupkft.hu\/?s={search_term_string}"},"query-input":{"@type":"PropertyValueSpecification","valueRequired":true,"valueName":"search_term_string"}}],"inLanguage":"sk-SK"},{"@type":"Organization","@id":"https:\/\/www.svgroupkft.hu\/#organization","name":"SV GROUP Kft.","url":"https:\/\/www.svgroupkft.hu\/","logo":{"@type":"ImageObject","inLanguage":"sk-SK","@id":"https:\/\/www.svgroupkft.hu\/#\/schema\/logo\/image\/","url":"https:\/\/www.svgroupkft.hu\/wp-content\/uploads\/2022\/02\/favicon.png","contentUrl":"https:\/\/www.svgroupkft.hu\/wp-content\/uploads\/2022\/02\/favicon.png","width":512,"height":512,"caption":"SV GROUP Kft."},"image":{"@id":"https:\/\/www.svgroupkft.hu\/#\/schema\/logo\/image\/"},"sameAs":["https:\/\/www.facebook.com\/zemplenizei\/","https:\/\/www.instagram.com\/zemplenizei\/"]}]}},"_links":{"self":[{"href":"https:\/\/www.svgroupkft.hu\/sk\/wp-json\/wp\/v2\/product\/532","targetHints":{"allow":["GET"]}}],"collection":[{"href":"https:\/\/www.svgroupkft.hu\/sk\/wp-json\/wp\/v2\/product"}],"about":[{"href":"https:\/\/www.svgroupkft.hu\/sk\/wp-json\/wp\/v2\/types\/product"}],"replies":[{"embeddable":true,"href":"https:\/\/www.svgroupkft.hu\/sk\/wp-json\/wp\/v2\/comments?post=532"}],"wp:featuredmedia":[{"embeddable":true,"href":"https:\/\/www.svgroupkft.hu\/sk\/wp-json\/wp\/v2\/media\/1300"}],"wp:attachment":[{"href":"https:\/\/www.svgroupkft.hu\/sk\/wp-json\/wp\/v2\/media?parent=532"}],"wp:term":[{"taxonomy":"product_brand","embeddable":true,"href":"https:\/\/www.svgroupkft.hu\/sk\/wp-json\/wp\/v2\/product_brand?post=532"},{"taxonomy":"product_cat","embeddable":true,"href":"https:\/\/www.svgroupkft.hu\/sk\/wp-json\/wp\/v2\/product_cat?post=532"},{"taxonomy":"product_tag","embeddable":true,"href":"https:\/\/www.svgroupkft.hu\/sk\/wp-json\/wp\/v2\/product_tag?post=532"}],"curies":[{"name":"wp","href":"https:\/\/api.w.org\/{rel}","templated":true}]}}