{"id":534,"date":"2022-01-06T12:16:18","date_gmt":"2022-01-06T11:16:18","guid":{"rendered":"https:\/\/www.svgroupkft.hu\/?post_type=product&#038;p=534"},"modified":"2026-02-16T09:40:28","modified_gmt":"2026-02-16T08:40:28","slug":"meggy-alma","status":"publish","type":"product","link":"https:\/\/www.svgroupkft.hu\/sk\/product\/meggy-alma\/","title":{"rendered":"Meggy Alma 5L"},"content":{"rendered":"","protected":false},"excerpt":{"rendered":"<p>Vi\u0161\u0148ov\u00fa \u0161\u0165avu vyr\u00e1bame bez konzerva\u010dn\u00fdch a pr\u00eddavn\u00fdch l\u00e1tok. Rovnako ako aj in\u00e9 bobu\u013eov\u00e9 ovocie, m\u00e1 ve\u013emi vysok\u00e9 nutri\u010dn\u00e9 hodnoty. Vi\u0161\u0148ov\u00e1 \u0161\u0165ava obsahuje flavonoidy, ktor\u00e9 maj\u00fa antioxida\u010dn\u00fd \u00fa\u010dinok. Je bohat\u00e1 na vitam\u00edny A a B, okrem toho obsahuje aj vitam\u00edn C a vysok\u00fa d\u00e1vku sel\u00e9nu. Pre\u010dis\u0165uje krv a m\u00e1 protiv\u00edrusov\u00fd \u00fa\u010dinok. Obsahuje mno\u017estvo miner\u00e1lnych l\u00e1tok, ako v\u00e1pnik, drasl\u00edk, hor\u010d\u00edk, \u017eelezo a zinok.<\/p>\n<p>Antioxidanty v \u0161\u0165ave pom\u00e1haj\u00fa zachova\u0165 pru\u017enos\u0165 \u017eilovej steny, odpor\u00fa\u010daj\u00fa ju pri probl\u00e9moch s k\u0155\u010dov\u00fdmi \u017eilami. U\u013eah\u010duje bolesti sp\u00f4soben\u00e9 ochoren\u00edm k\u013abov a zmier\u0148uje aj boles\u0165 hlavy. M\u00e1 prospe\u0161n\u00fd \u00fa\u010dinok na fungovanie pe\u010dene a obli\u010diek.\nObsahuje v\u0161etky typy vitam\u00ednov B, priaznivo p\u00f4sob\u00ed na tr\u00e1venie a stimuluje nervov\u00fa funkciu. Ovplyv\u0148uje \u010dinnos\u0165 d\u00fdchacieho syst\u00e9mu, pou\u017e\u00edvaj\u00fa ju napr. pri lie\u010dbe prechladnutia.<\/p>","protected":false},"featured_media":1300,"comment_status":"closed","ping_status":"closed","template":"","meta":{"_monsterinsights_skip_tracking":false,"_monsterinsights_sitenote_active":false,"_monsterinsights_sitenote_note":"","_monsterinsights_sitenote_category":0,"ngg_post_thumbnail":0},"product_brand":[],"product_cat":[520],"product_tag":[],"class_list":{"0":"post-534","1":"product","2":"type-product","3":"status-publish","4":"has-post-thumbnail","6":"product_cat-gyumolcslevek","9":"outofstock","10":"shipping-taxable","11":"purchasable","12":"product-type-simple"},"yoast_head":"<!-- This site is optimized with the Yoast SEO plugin v27.4 - https:\/\/yoast.com\/product\/yoast-seo-wordpress\/ -->\n<title>Meggy Alma 5L - SV GROUP Kft.<\/title>\n<meta name=\"description\" content=\"A meggyl\u00e9 Flavonodiokat tartalmaz amelyik antioxid\u00e1ns hat\u00e1s\u00faak, A \u00e9s B vitaminban gazdag, ezen k\u00edv\u00fcl C- vitamint \u00e9s Szel\u00e9n tartama is magas.\" \/>\n<meta name=\"robots\" content=\"index, follow, max-snippet:-1, max-image-preview:large, max-video-preview:-1\" \/>\n<link rel=\"canonical\" href=\"https:\/\/www.svgroupkft.hu\/sk\/product\/meggy-alma\/\" \/>\n<meta property=\"og:locale\" content=\"sk_SK\" \/>\n<meta property=\"og:type\" content=\"article\" \/>\n<meta property=\"og:title\" content=\"Meggy Alma 5L - SV GROUP Kft.\" \/>\n<meta property=\"og:description\" content=\"A meggyl\u00e9 Flavonodiokat tartalmaz amelyik antioxid\u00e1ns hat\u00e1s\u00faak, A \u00e9s B vitaminban gazdag, ezen k\u00edv\u00fcl C- vitamint \u00e9s Szel\u00e9n tartama is magas.\" \/>\n<meta property=\"og:url\" content=\"https:\/\/www.svgroupkft.hu\/sk\/product\/meggy-alma\/\" \/>\n<meta property=\"og:site_name\" content=\"SV GROUP Kft.\" \/>\n<meta property=\"article:publisher\" content=\"https:\/\/www.facebook.com\/zemplenizei\/\" \/>\n<meta property=\"article:modified_time\" content=\"2026-02-16T08:40:28+00:00\" \/>\n<meta property=\"og:image\" content=\"https:\/\/www.svgroupkft.hu\/wp-content\/uploads\/2022\/07\/gyumolcsle_5l.jpg\" \/>\n\t<meta property=\"og:image:width\" content=\"1000\" \/>\n\t<meta property=\"og:image:height\" content=\"1000\" \/>\n\t<meta property=\"og:image:type\" content=\"image\/jpeg\" \/>\n<meta name=\"twitter:card\" content=\"summary_large_image\" \/>\n<script type=\"application\/ld+json\" class=\"yoast-schema-graph\">{\"@context\":\"https:\\\/\\\/schema.org\",\"@graph\":[{\"@type\":\"WebPage\",\"@id\":\"https:\\\/\\\/www.svgroupkft.hu\\\/product\\\/meggy-alma\\\/\",\"url\":\"https:\\\/\\\/www.svgroupkft.hu\\\/product\\\/meggy-alma\\\/\",\"name\":\"Meggy Alma 5L - SV GROUP Kft.\",\"isPartOf\":{\"@id\":\"https:\\\/\\\/www.svgroupkft.hu\\\/#website\"},\"primaryImageOfPage\":{\"@id\":\"https:\\\/\\\/www.svgroupkft.hu\\\/product\\\/meggy-alma\\\/#primaryimage\"},\"image\":{\"@id\":\"https:\\\/\\\/www.svgroupkft.hu\\\/product\\\/meggy-alma\\\/#primaryimage\"},\"thumbnailUrl\":\"https:\\\/\\\/www.svgroupkft.hu\\\/wp-content\\\/uploads\\\/2022\\\/07\\\/gyumolcsle_5l.jpg\",\"datePublished\":\"2022-01-06T11:16:18+00:00\",\"dateModified\":\"2026-02-16T08:40:28+00:00\",\"description\":\"A meggyl\u00e9 Flavonodiokat tartalmaz amelyik antioxid\u00e1ns hat\u00e1s\u00faak, A \u00e9s B vitaminban gazdag, ezen k\u00edv\u00fcl C- vitamint \u00e9s Szel\u00e9n tartama is magas.\",\"breadcrumb\":{\"@id\":\"https:\\\/\\\/www.svgroupkft.hu\\\/product\\\/meggy-alma\\\/#breadcrumb\"},\"inLanguage\":\"sk-SK\",\"potentialAction\":[{\"@type\":\"ReadAction\",\"target\":[\"https:\\\/\\\/www.svgroupkft.hu\\\/product\\\/meggy-alma\\\/\"]}]},{\"@type\":\"ImageObject\",\"inLanguage\":\"sk-SK\",\"@id\":\"https:\\\/\\\/www.svgroupkft.hu\\\/product\\\/meggy-alma\\\/#primaryimage\",\"url\":\"https:\\\/\\\/www.svgroupkft.hu\\\/wp-content\\\/uploads\\\/2022\\\/07\\\/gyumolcsle_5l.jpg\",\"contentUrl\":\"https:\\\/\\\/www.svgroupkft.hu\\\/wp-content\\\/uploads\\\/2022\\\/07\\\/gyumolcsle_5l.jpg\",\"width\":1000,\"height\":1000},{\"@type\":\"BreadcrumbList\",\"@id\":\"https:\\\/\\\/www.svgroupkft.hu\\\/product\\\/meggy-alma\\\/#breadcrumb\",\"itemListElement\":[{\"@type\":\"ListItem\",\"position\":1,\"name\":\"Home\",\"item\":\"https:\\\/\\\/www.svgroupkft.hu\\\/\"},{\"@type\":\"ListItem\",\"position\":2,\"name\":\"\u00dczlet\",\"item\":\"https:\\\/\\\/www.svgroupkft.hu\\\/shop\\\/\"},{\"@type\":\"ListItem\",\"position\":3,\"name\":\"Meggy Alma 5L\"}]},{\"@type\":\"WebSite\",\"@id\":\"https:\\\/\\\/www.svgroupkft.hu\\\/#website\",\"url\":\"https:\\\/\\\/www.svgroupkft.hu\\\/\",\"name\":\"SV GROUP Kft.\",\"description\":\"Zempl\u00e9n \u00edzei - gy\u00fcm\u00f6lcsfeldolgoz\u00f3 \u00fczem\",\"publisher\":{\"@id\":\"https:\\\/\\\/www.svgroupkft.hu\\\/#organization\"},\"potentialAction\":[{\"@type\":\"SearchAction\",\"target\":{\"@type\":\"EntryPoint\",\"urlTemplate\":\"https:\\\/\\\/www.svgroupkft.hu\\\/?s={search_term_string}\"},\"query-input\":{\"@type\":\"PropertyValueSpecification\",\"valueRequired\":true,\"valueName\":\"search_term_string\"}}],\"inLanguage\":\"sk-SK\"},{\"@type\":\"Organization\",\"@id\":\"https:\\\/\\\/www.svgroupkft.hu\\\/#organization\",\"name\":\"SV GROUP Kft.\",\"url\":\"https:\\\/\\\/www.svgroupkft.hu\\\/\",\"logo\":{\"@type\":\"ImageObject\",\"inLanguage\":\"sk-SK\",\"@id\":\"https:\\\/\\\/www.svgroupkft.hu\\\/#\\\/schema\\\/logo\\\/image\\\/\",\"url\":\"https:\\\/\\\/www.svgroupkft.hu\\\/wp-content\\\/uploads\\\/2022\\\/02\\\/favicon.png\",\"contentUrl\":\"https:\\\/\\\/www.svgroupkft.hu\\\/wp-content\\\/uploads\\\/2022\\\/02\\\/favicon.png\",\"width\":512,\"height\":512,\"caption\":\"SV GROUP Kft.\"},\"image\":{\"@id\":\"https:\\\/\\\/www.svgroupkft.hu\\\/#\\\/schema\\\/logo\\\/image\\\/\"},\"sameAs\":[\"https:\\\/\\\/www.facebook.com\\\/zemplenizei\\\/\",\"https:\\\/\\\/www.instagram.com\\\/zemplenizei\\\/\"]}]}<\/script>\n<!-- \/ Yoast SEO plugin. -->","yoast_head_json":{"title":"Meggy Alma 5L - SV GROUP Kft.","description":"A meggyl\u00e9 Flavonodiokat tartalmaz amelyik antioxid\u00e1ns hat\u00e1s\u00faak, A \u00e9s B vitaminban gazdag, ezen k\u00edv\u00fcl C- vitamint \u00e9s Szel\u00e9n tartama is magas.","robots":{"index":"index","follow":"follow","max-snippet":"max-snippet:-1","max-image-preview":"max-image-preview:large","max-video-preview":"max-video-preview:-1"},"canonical":"https:\/\/www.svgroupkft.hu\/sk\/product\/meggy-alma\/","og_locale":"sk_SK","og_type":"article","og_title":"Meggy Alma 5L - SV GROUP Kft.","og_description":"A meggyl\u00e9 Flavonodiokat tartalmaz amelyik antioxid\u00e1ns hat\u00e1s\u00faak, A \u00e9s B vitaminban gazdag, ezen k\u00edv\u00fcl C- vitamint \u00e9s Szel\u00e9n tartama is magas.","og_url":"https:\/\/www.svgroupkft.hu\/sk\/product\/meggy-alma\/","og_site_name":"SV GROUP Kft.","article_publisher":"https:\/\/www.facebook.com\/zemplenizei\/","article_modified_time":"2026-02-16T08:40:28+00:00","og_image":[{"width":1000,"height":1000,"url":"https:\/\/www.svgroupkft.hu\/wp-content\/uploads\/2022\/07\/gyumolcsle_5l.jpg","type":"image\/jpeg"}],"twitter_card":"summary_large_image","schema":{"@context":"https:\/\/schema.org","@graph":[{"@type":"WebPage","@id":"https:\/\/www.svgroupkft.hu\/product\/meggy-alma\/","url":"https:\/\/www.svgroupkft.hu\/product\/meggy-alma\/","name":"Meggy Alma 5L - SV GROUP Kft.","isPartOf":{"@id":"https:\/\/www.svgroupkft.hu\/#website"},"primaryImageOfPage":{"@id":"https:\/\/www.svgroupkft.hu\/product\/meggy-alma\/#primaryimage"},"image":{"@id":"https:\/\/www.svgroupkft.hu\/product\/meggy-alma\/#primaryimage"},"thumbnailUrl":"https:\/\/www.svgroupkft.hu\/wp-content\/uploads\/2022\/07\/gyumolcsle_5l.jpg","datePublished":"2022-01-06T11:16:18+00:00","dateModified":"2026-02-16T08:40:28+00:00","description":"A meggyl\u00e9 Flavonodiokat tartalmaz amelyik antioxid\u00e1ns hat\u00e1s\u00faak, A \u00e9s B vitaminban gazdag, ezen k\u00edv\u00fcl C- vitamint \u00e9s Szel\u00e9n tartama is magas.","breadcrumb":{"@id":"https:\/\/www.svgroupkft.hu\/product\/meggy-alma\/#breadcrumb"},"inLanguage":"sk-SK","potentialAction":[{"@type":"ReadAction","target":["https:\/\/www.svgroupkft.hu\/product\/meggy-alma\/"]}]},{"@type":"ImageObject","inLanguage":"sk-SK","@id":"https:\/\/www.svgroupkft.hu\/product\/meggy-alma\/#primaryimage","url":"https:\/\/www.svgroupkft.hu\/wp-content\/uploads\/2022\/07\/gyumolcsle_5l.jpg","contentUrl":"https:\/\/www.svgroupkft.hu\/wp-content\/uploads\/2022\/07\/gyumolcsle_5l.jpg","width":1000,"height":1000},{"@type":"BreadcrumbList","@id":"https:\/\/www.svgroupkft.hu\/product\/meggy-alma\/#breadcrumb","itemListElement":[{"@type":"ListItem","position":1,"name":"Home","item":"https:\/\/www.svgroupkft.hu\/"},{"@type":"ListItem","position":2,"name":"\u00dczlet","item":"https:\/\/www.svgroupkft.hu\/shop\/"},{"@type":"ListItem","position":3,"name":"Meggy Alma 5L"}]},{"@type":"WebSite","@id":"https:\/\/www.svgroupkft.hu\/#website","url":"https:\/\/www.svgroupkft.hu\/","name":"SV GROUP Kft.","description":"Zempl\u00e9n \u00edzei - gy\u00fcm\u00f6lcsfeldolgoz\u00f3 \u00fczem","publisher":{"@id":"https:\/\/www.svgroupkft.hu\/#organization"},"potentialAction":[{"@type":"SearchAction","target":{"@type":"EntryPoint","urlTemplate":"https:\/\/www.svgroupkft.hu\/?s={search_term_string}"},"query-input":{"@type":"PropertyValueSpecification","valueRequired":true,"valueName":"search_term_string"}}],"inLanguage":"sk-SK"},{"@type":"Organization","@id":"https:\/\/www.svgroupkft.hu\/#organization","name":"SV GROUP Kft.","url":"https:\/\/www.svgroupkft.hu\/","logo":{"@type":"ImageObject","inLanguage":"sk-SK","@id":"https:\/\/www.svgroupkft.hu\/#\/schema\/logo\/image\/","url":"https:\/\/www.svgroupkft.hu\/wp-content\/uploads\/2022\/02\/favicon.png","contentUrl":"https:\/\/www.svgroupkft.hu\/wp-content\/uploads\/2022\/02\/favicon.png","width":512,"height":512,"caption":"SV GROUP Kft."},"image":{"@id":"https:\/\/www.svgroupkft.hu\/#\/schema\/logo\/image\/"},"sameAs":["https:\/\/www.facebook.com\/zemplenizei\/","https:\/\/www.instagram.com\/zemplenizei\/"]}]}},"_links":{"self":[{"href":"https:\/\/www.svgroupkft.hu\/sk\/wp-json\/wp\/v2\/product\/534","targetHints":{"allow":["GET"]}}],"collection":[{"href":"https:\/\/www.svgroupkft.hu\/sk\/wp-json\/wp\/v2\/product"}],"about":[{"href":"https:\/\/www.svgroupkft.hu\/sk\/wp-json\/wp\/v2\/types\/product"}],"replies":[{"embeddable":true,"href":"https:\/\/www.svgroupkft.hu\/sk\/wp-json\/wp\/v2\/comments?post=534"}],"wp:featuredmedia":[{"embeddable":true,"href":"https:\/\/www.svgroupkft.hu\/sk\/wp-json\/wp\/v2\/media\/1300"}],"wp:attachment":[{"href":"https:\/\/www.svgroupkft.hu\/sk\/wp-json\/wp\/v2\/media?parent=534"}],"wp:term":[{"taxonomy":"product_brand","embeddable":true,"href":"https:\/\/www.svgroupkft.hu\/sk\/wp-json\/wp\/v2\/product_brand?post=534"},{"taxonomy":"product_cat","embeddable":true,"href":"https:\/\/www.svgroupkft.hu\/sk\/wp-json\/wp\/v2\/product_cat?post=534"},{"taxonomy":"product_tag","embeddable":true,"href":"https:\/\/www.svgroupkft.hu\/sk\/wp-json\/wp\/v2\/product_tag?post=534"}],"curies":[{"name":"wp","href":"https:\/\/api.w.org\/{rel}","templated":true}]}}