{"id":536,"date":"2022-01-06T12:19:48","date_gmt":"2022-01-06T11:19:48","guid":{"rendered":"https:\/\/www.svgroupkft.hu\/?post_type=product&#038;p=536"},"modified":"2026-02-16T09:45:52","modified_gmt":"2026-02-16T08:45:52","slug":"homoktovis-alma","status":"publish","type":"product","link":"https:\/\/www.svgroupkft.hu\/sk\/product\/homoktovis-alma\/","title":{"rendered":"Rakytn\u00edk-Jablko 3L"},"content":{"rendered":"","protected":false},"excerpt":{"rendered":"<p>Rakytn\u00edk je v poslednej dobe ve\u013emi popul\u00e1rnym ovoc\u00edm, ktor\u00fd sa \u010doraz viac objavuje aj v medic\u00edne a spolu s jablkom tvor\u00ed naozaj skvel\u00fa kombin\u00e1ciu. Plody rakytn\u00edka s\u00fa hork\u00e9, av\u0161ak so sladkou chu\u0165ou jab\u013ak vytv\u00e1raj\u00fa ozajstn\u00fa vitam\u00ednov\u00fa bombu! Zo v\u0161etk\u00fdch bobu\u013eov\u00fdch rastl\u00edn, ktor\u00e9 sa daj\u00fa u n\u00e1s pestova\u0165, plody rakytn\u00edka obsahuj\u00fa najviac vitam\u00ednu C. Okrem toho v\u0161ak v zna\u010dnej miere n\u00e1jdeme v nich aj vitam\u00edny A, B1, B2, B6, B8, B9, E a vitam\u00edn K. \nPreto rakytn\u00edk zmie\u0161ame s jablkom, lebo obsahuje \u017elt\u00e9 flavonoidy, ktor\u00e9 s\u00fa rozpustn\u00e9 vo vode a s\u00fa ve\u013emi \u00fa\u010dinn\u00fdmi antioxidantmi, nesmierne prospe\u0161n\u00fdmi pre \u013eudsk\u00fd organizmus.<\/p>\n<p>Jeho konzum\u00e1cia sa odpor\u00fa\u010da pre posilnenie imunity a v\u010faka antialergick\u00e9mu \u00fa\u010dinku aj pre zmiernenie pr\u00edznakov alergie, pri stresovom, ru\u0161nom \u017eivotnom \u0161t\u00fdle, v\u010faka omladzuj\u00facemu \u00fa\u010dinku na poko\u017eku a v pr\u00edpade vysok\u00e9ho krvn\u00e9ho tlaku. \nJeho blahodarn\u00e9 \u00fa\u010dinky by sa dali dlho menova\u0165, ale k\u00fdm ho nevysk\u00fa\u0161ate, nem\u00f4\u017eete ich za\u017ei\u0165.<\/p>","protected":false},"featured_media":1301,"comment_status":"closed","ping_status":"closed","template":"","meta":{"_monsterinsights_skip_tracking":false,"_monsterinsights_sitenote_active":false,"_monsterinsights_sitenote_note":"","_monsterinsights_sitenote_category":0,"ngg_post_thumbnail":0},"product_brand":[],"product_cat":[520],"product_tag":[],"class_list":{"0":"post-536","1":"product","2":"type-product","3":"status-publish","4":"has-post-thumbnail","6":"product_cat-gyumolcslevek","9":"instock","10":"shipping-taxable","11":"purchasable","12":"product-type-simple"},"yoast_head":"<!-- This site is optimized with the Yoast SEO plugin v27.5 - https:\/\/yoast.com\/product\/yoast-seo-wordpress\/ -->\n<title>Homokt\u00f6vis Alma 3L - SV GROUP Kft.<\/title>\n<meta name=\"description\" content=\"Az \u00f6nmag\u00e1ban igencsak fanyar bogy\u00f3s kiv\u00e1l\u00f3an vegy\u00fcl az alma \u00e9desk\u00e9s \u00edz\u00e9vel, igazi vitaminbomba! C, A, B1, B2, B6, B8, B9, E, K\" \/>\n<meta name=\"robots\" content=\"index, follow, max-snippet:-1, max-image-preview:large, max-video-preview:-1\" \/>\n<link rel=\"canonical\" href=\"https:\/\/www.svgroupkft.hu\/sk\/product\/homoktovis-alma\/\" \/>\n<meta property=\"og:locale\" content=\"sk_SK\" \/>\n<meta property=\"og:type\" content=\"article\" \/>\n<meta property=\"og:title\" content=\"Homokt\u00f6vis Alma 3L - SV GROUP Kft.\" \/>\n<meta property=\"og:description\" content=\"Az \u00f6nmag\u00e1ban igencsak fanyar bogy\u00f3s kiv\u00e1l\u00f3an vegy\u00fcl az alma \u00e9desk\u00e9s \u00edz\u00e9vel, igazi vitaminbomba! C, A, B1, B2, B6, B8, B9, E, K\" \/>\n<meta property=\"og:url\" content=\"https:\/\/www.svgroupkft.hu\/sk\/product\/homoktovis-alma\/\" \/>\n<meta property=\"og:site_name\" content=\"SV GROUP Kft.\" \/>\n<meta property=\"article:publisher\" content=\"https:\/\/www.facebook.com\/zemplenizei\/\" \/>\n<meta property=\"article:modified_time\" content=\"2026-02-16T08:45:52+00:00\" \/>\n<meta property=\"og:image\" content=\"https:\/\/www.svgroupkft.hu\/wp-content\/uploads\/2022\/01\/gyumolcsle_3l.jpg\" \/>\n\t<meta property=\"og:image:width\" content=\"1000\" \/>\n\t<meta property=\"og:image:height\" content=\"1000\" \/>\n\t<meta property=\"og:image:type\" content=\"image\/jpeg\" \/>\n<meta name=\"twitter:card\" content=\"summary_large_image\" \/>\n<script type=\"application\/ld+json\" class=\"yoast-schema-graph\">{\"@context\":\"https:\\\/\\\/schema.org\",\"@graph\":[{\"@type\":\"WebPage\",\"@id\":\"https:\\\/\\\/www.svgroupkft.hu\\\/product\\\/homoktovis-alma\\\/\",\"url\":\"https:\\\/\\\/www.svgroupkft.hu\\\/product\\\/homoktovis-alma\\\/\",\"name\":\"Homokt\u00f6vis Alma 3L - SV GROUP Kft.\",\"isPartOf\":{\"@id\":\"https:\\\/\\\/www.svgroupkft.hu\\\/#website\"},\"primaryImageOfPage\":{\"@id\":\"https:\\\/\\\/www.svgroupkft.hu\\\/product\\\/homoktovis-alma\\\/#primaryimage\"},\"image\":{\"@id\":\"https:\\\/\\\/www.svgroupkft.hu\\\/product\\\/homoktovis-alma\\\/#primaryimage\"},\"thumbnailUrl\":\"https:\\\/\\\/www.svgroupkft.hu\\\/wp-content\\\/uploads\\\/2022\\\/01\\\/gyumolcsle_3l.jpg\",\"datePublished\":\"2022-01-06T11:19:48+00:00\",\"dateModified\":\"2026-02-16T08:45:52+00:00\",\"description\":\"Az \u00f6nmag\u00e1ban igencsak fanyar bogy\u00f3s kiv\u00e1l\u00f3an vegy\u00fcl az alma \u00e9desk\u00e9s \u00edz\u00e9vel, igazi vitaminbomba! C, A, B1, B2, B6, B8, B9, E, K\",\"breadcrumb\":{\"@id\":\"https:\\\/\\\/www.svgroupkft.hu\\\/product\\\/homoktovis-alma\\\/#breadcrumb\"},\"inLanguage\":\"sk-SK\",\"potentialAction\":[{\"@type\":\"ReadAction\",\"target\":[\"https:\\\/\\\/www.svgroupkft.hu\\\/product\\\/homoktovis-alma\\\/\"]}]},{\"@type\":\"ImageObject\",\"inLanguage\":\"sk-SK\",\"@id\":\"https:\\\/\\\/www.svgroupkft.hu\\\/product\\\/homoktovis-alma\\\/#primaryimage\",\"url\":\"https:\\\/\\\/www.svgroupkft.hu\\\/wp-content\\\/uploads\\\/2022\\\/01\\\/gyumolcsle_3l.jpg\",\"contentUrl\":\"https:\\\/\\\/www.svgroupkft.hu\\\/wp-content\\\/uploads\\\/2022\\\/01\\\/gyumolcsle_3l.jpg\",\"width\":1000,\"height\":1000},{\"@type\":\"BreadcrumbList\",\"@id\":\"https:\\\/\\\/www.svgroupkft.hu\\\/product\\\/homoktovis-alma\\\/#breadcrumb\",\"itemListElement\":[{\"@type\":\"ListItem\",\"position\":1,\"name\":\"Home\",\"item\":\"https:\\\/\\\/www.svgroupkft.hu\\\/\"},{\"@type\":\"ListItem\",\"position\":2,\"name\":\"\u00dczlet\",\"item\":\"https:\\\/\\\/www.svgroupkft.hu\\\/shop\\\/\"},{\"@type\":\"ListItem\",\"position\":3,\"name\":\"Homokt\u00f6vis Alma 3L\"}]},{\"@type\":\"WebSite\",\"@id\":\"https:\\\/\\\/www.svgroupkft.hu\\\/#website\",\"url\":\"https:\\\/\\\/www.svgroupkft.hu\\\/\",\"name\":\"SV GROUP Kft.\",\"description\":\"Zempl\u00e9n \u00edzei - gy\u00fcm\u00f6lcsfeldolgoz\u00f3 \u00fczem\",\"publisher\":{\"@id\":\"https:\\\/\\\/www.svgroupkft.hu\\\/#organization\"},\"potentialAction\":[{\"@type\":\"SearchAction\",\"target\":{\"@type\":\"EntryPoint\",\"urlTemplate\":\"https:\\\/\\\/www.svgroupkft.hu\\\/?s={search_term_string}\"},\"query-input\":{\"@type\":\"PropertyValueSpecification\",\"valueRequired\":true,\"valueName\":\"search_term_string\"}}],\"inLanguage\":\"sk-SK\"},{\"@type\":\"Organization\",\"@id\":\"https:\\\/\\\/www.svgroupkft.hu\\\/#organization\",\"name\":\"SV GROUP Kft.\",\"url\":\"https:\\\/\\\/www.svgroupkft.hu\\\/\",\"logo\":{\"@type\":\"ImageObject\",\"inLanguage\":\"sk-SK\",\"@id\":\"https:\\\/\\\/www.svgroupkft.hu\\\/#\\\/schema\\\/logo\\\/image\\\/\",\"url\":\"https:\\\/\\\/www.svgroupkft.hu\\\/wp-content\\\/uploads\\\/2022\\\/02\\\/favicon.png\",\"contentUrl\":\"https:\\\/\\\/www.svgroupkft.hu\\\/wp-content\\\/uploads\\\/2022\\\/02\\\/favicon.png\",\"width\":512,\"height\":512,\"caption\":\"SV GROUP Kft.\"},\"image\":{\"@id\":\"https:\\\/\\\/www.svgroupkft.hu\\\/#\\\/schema\\\/logo\\\/image\\\/\"},\"sameAs\":[\"https:\\\/\\\/www.facebook.com\\\/zemplenizei\\\/\",\"https:\\\/\\\/www.instagram.com\\\/zemplenizei\\\/\"]}]}<\/script>\n<!-- \/ Yoast SEO plugin. -->","yoast_head_json":{"title":"Homokt\u00f6vis Alma 3L - SV GROUP Kft.","description":"Az \u00f6nmag\u00e1ban igencsak fanyar bogy\u00f3s kiv\u00e1l\u00f3an vegy\u00fcl az alma \u00e9desk\u00e9s \u00edz\u00e9vel, igazi vitaminbomba! C, A, B1, B2, B6, B8, B9, E, K","robots":{"index":"index","follow":"follow","max-snippet":"max-snippet:-1","max-image-preview":"max-image-preview:large","max-video-preview":"max-video-preview:-1"},"canonical":"https:\/\/www.svgroupkft.hu\/sk\/product\/homoktovis-alma\/","og_locale":"sk_SK","og_type":"article","og_title":"Homokt\u00f6vis Alma 3L - SV GROUP Kft.","og_description":"Az \u00f6nmag\u00e1ban igencsak fanyar bogy\u00f3s kiv\u00e1l\u00f3an vegy\u00fcl az alma \u00e9desk\u00e9s \u00edz\u00e9vel, igazi vitaminbomba! C, A, B1, B2, B6, B8, B9, E, K","og_url":"https:\/\/www.svgroupkft.hu\/sk\/product\/homoktovis-alma\/","og_site_name":"SV GROUP Kft.","article_publisher":"https:\/\/www.facebook.com\/zemplenizei\/","article_modified_time":"2026-02-16T08:45:52+00:00","og_image":[{"width":1000,"height":1000,"url":"https:\/\/www.svgroupkft.hu\/wp-content\/uploads\/2022\/01\/gyumolcsle_3l.jpg","type":"image\/jpeg"}],"twitter_card":"summary_large_image","schema":{"@context":"https:\/\/schema.org","@graph":[{"@type":"WebPage","@id":"https:\/\/www.svgroupkft.hu\/product\/homoktovis-alma\/","url":"https:\/\/www.svgroupkft.hu\/product\/homoktovis-alma\/","name":"Homokt\u00f6vis Alma 3L - SV GROUP Kft.","isPartOf":{"@id":"https:\/\/www.svgroupkft.hu\/#website"},"primaryImageOfPage":{"@id":"https:\/\/www.svgroupkft.hu\/product\/homoktovis-alma\/#primaryimage"},"image":{"@id":"https:\/\/www.svgroupkft.hu\/product\/homoktovis-alma\/#primaryimage"},"thumbnailUrl":"https:\/\/www.svgroupkft.hu\/wp-content\/uploads\/2022\/01\/gyumolcsle_3l.jpg","datePublished":"2022-01-06T11:19:48+00:00","dateModified":"2026-02-16T08:45:52+00:00","description":"Az \u00f6nmag\u00e1ban igencsak fanyar bogy\u00f3s kiv\u00e1l\u00f3an vegy\u00fcl az alma \u00e9desk\u00e9s \u00edz\u00e9vel, igazi vitaminbomba! C, A, B1, B2, B6, B8, B9, E, K","breadcrumb":{"@id":"https:\/\/www.svgroupkft.hu\/product\/homoktovis-alma\/#breadcrumb"},"inLanguage":"sk-SK","potentialAction":[{"@type":"ReadAction","target":["https:\/\/www.svgroupkft.hu\/product\/homoktovis-alma\/"]}]},{"@type":"ImageObject","inLanguage":"sk-SK","@id":"https:\/\/www.svgroupkft.hu\/product\/homoktovis-alma\/#primaryimage","url":"https:\/\/www.svgroupkft.hu\/wp-content\/uploads\/2022\/01\/gyumolcsle_3l.jpg","contentUrl":"https:\/\/www.svgroupkft.hu\/wp-content\/uploads\/2022\/01\/gyumolcsle_3l.jpg","width":1000,"height":1000},{"@type":"BreadcrumbList","@id":"https:\/\/www.svgroupkft.hu\/product\/homoktovis-alma\/#breadcrumb","itemListElement":[{"@type":"ListItem","position":1,"name":"Home","item":"https:\/\/www.svgroupkft.hu\/"},{"@type":"ListItem","position":2,"name":"\u00dczlet","item":"https:\/\/www.svgroupkft.hu\/shop\/"},{"@type":"ListItem","position":3,"name":"Homokt\u00f6vis Alma 3L"}]},{"@type":"WebSite","@id":"https:\/\/www.svgroupkft.hu\/#website","url":"https:\/\/www.svgroupkft.hu\/","name":"SV GROUP Kft.","description":"Zempl\u00e9n \u00edzei - gy\u00fcm\u00f6lcsfeldolgoz\u00f3 \u00fczem","publisher":{"@id":"https:\/\/www.svgroupkft.hu\/#organization"},"potentialAction":[{"@type":"SearchAction","target":{"@type":"EntryPoint","urlTemplate":"https:\/\/www.svgroupkft.hu\/?s={search_term_string}"},"query-input":{"@type":"PropertyValueSpecification","valueRequired":true,"valueName":"search_term_string"}}],"inLanguage":"sk-SK"},{"@type":"Organization","@id":"https:\/\/www.svgroupkft.hu\/#organization","name":"SV GROUP Kft.","url":"https:\/\/www.svgroupkft.hu\/","logo":{"@type":"ImageObject","inLanguage":"sk-SK","@id":"https:\/\/www.svgroupkft.hu\/#\/schema\/logo\/image\/","url":"https:\/\/www.svgroupkft.hu\/wp-content\/uploads\/2022\/02\/favicon.png","contentUrl":"https:\/\/www.svgroupkft.hu\/wp-content\/uploads\/2022\/02\/favicon.png","width":512,"height":512,"caption":"SV GROUP Kft."},"image":{"@id":"https:\/\/www.svgroupkft.hu\/#\/schema\/logo\/image\/"},"sameAs":["https:\/\/www.facebook.com\/zemplenizei\/","https:\/\/www.instagram.com\/zemplenizei\/"]}]}},"_links":{"self":[{"href":"https:\/\/www.svgroupkft.hu\/sk\/wp-json\/wp\/v2\/product\/536","targetHints":{"allow":["GET"]}}],"collection":[{"href":"https:\/\/www.svgroupkft.hu\/sk\/wp-json\/wp\/v2\/product"}],"about":[{"href":"https:\/\/www.svgroupkft.hu\/sk\/wp-json\/wp\/v2\/types\/product"}],"replies":[{"embeddable":true,"href":"https:\/\/www.svgroupkft.hu\/sk\/wp-json\/wp\/v2\/comments?post=536"}],"wp:featuredmedia":[{"embeddable":true,"href":"https:\/\/www.svgroupkft.hu\/sk\/wp-json\/wp\/v2\/media\/1301"}],"wp:attachment":[{"href":"https:\/\/www.svgroupkft.hu\/sk\/wp-json\/wp\/v2\/media?parent=536"}],"wp:term":[{"taxonomy":"product_brand","embeddable":true,"href":"https:\/\/www.svgroupkft.hu\/sk\/wp-json\/wp\/v2\/product_brand?post=536"},{"taxonomy":"product_cat","embeddable":true,"href":"https:\/\/www.svgroupkft.hu\/sk\/wp-json\/wp\/v2\/product_cat?post=536"},{"taxonomy":"product_tag","embeddable":true,"href":"https:\/\/www.svgroupkft.hu\/sk\/wp-json\/wp\/v2\/product_tag?post=536"}],"curies":[{"name":"wp","href":"https:\/\/api.w.org\/{rel}","templated":true}]}}