{"id":538,"date":"2022-01-06T12:30:21","date_gmt":"2022-01-06T11:30:21","guid":{"rendered":"https:\/\/www.svgroupkft.hu\/?post_type=product&#038;p=538"},"modified":"2026-02-16T09:46:47","modified_gmt":"2026-02-16T08:46:47","slug":"cekla-alma","status":"publish","type":"product","link":"https:\/\/www.svgroupkft.hu\/sk\/product\/cekla-alma\/","title":{"rendered":"Cvikla-Jablko 3L"},"content":{"rendered":"","protected":false},"excerpt":{"rendered":"<p>Cviklov\u00e1 \u0161\u0165ava je bohat\u00e1 na antioxidanty a \u017eiviny, ako \u017eelezo, hor\u010d\u00edk, sod\u00edk, drasl\u00edk a vitam\u00edn C. Okrem t\u00fdchto v\u0161ak obsahuje aj beta\u00edn, ktor\u00fd podporuje zdravie srdca a cievneho syst\u00e9mu. Jej akt\u00edvne zlo\u017eky zni\u017euj\u00fa hladinu homocyste\u00ednu, ktor\u00fd m\u00f4\u017ee ma\u0165 negat\u00edvny vplyv na cievy. Cvikla t\u00fdm pom\u00e1ha pri prevencii srdcov\u00fdch ochoren\u00ed, infarktu a ochoren\u00ed perif\u00e9rnych ciev. Beta\u00edn p\u00f4sob\u00ed v spojen\u00ed s kyselinou listovou, vitam\u00ednom B6 a B12. Viacer\u00e9 \u0161t\u00fadie pouk\u00e1zali na to, \u017ee cvikla chr\u00e1ni pred chorobami pe\u010dene a proti negat\u00edvnym vplyvom nadmernej konzum\u00e1cie alkoholu, pom\u00e1ha pri nedostatku bielkov\u00edn a je mo\u017en\u00e9 s \u0148ou lie\u010di\u0165 aj cukrovku.<\/p>\n<p>Cviklov\u00e1 \u0161\u0165ava zni\u017euje krvn\u00fd tlak a pom\u00e1ha pred\u00eds\u0165 kardiovaskul\u00e1rnym ochoreniam. V \u0161t\u00fadii publikovanom vo vedeckom \u010dasopise American Heart Association Journal Hypertonia tvrdia, \u017ee konzum\u00e1cia pol litra cviklovej \u0161\u0165avy u\u017e za hodinu m\u00f4\u017ee zn\u00ed\u017ei\u0165 krvn\u00fd tlak. M\u00f4\u017ee za to pr\u00e1ve jej vysok\u00e9 mno\u017estvo dusi\u010dnanov. Pokles je pod\u013ea \u0161t\u00fadia e\u0161te v\u00fdraznej\u0161\u00ed po 3-4 hodin\u00e1ch a po 24 hodin\u00e1ch jej \u00fa\u010dinok \u00fadajne st\u00e1le pretrv\u00e1va.<\/p>","protected":false},"featured_media":1301,"comment_status":"closed","ping_status":"closed","template":"","meta":{"_monsterinsights_skip_tracking":false,"_monsterinsights_sitenote_active":false,"_monsterinsights_sitenote_note":"","_monsterinsights_sitenote_category":0,"ngg_post_thumbnail":0},"product_brand":[],"product_cat":[520],"product_tag":[],"class_list":{"0":"post-538","1":"product","2":"type-product","3":"status-publish","4":"has-post-thumbnail","6":"product_cat-gyumolcslevek","9":"instock","10":"shipping-taxable","11":"purchasable","12":"product-type-simple"},"yoast_head":"<!-- This site is optimized with the Yoast SEO plugin v27.5 - https:\/\/yoast.com\/product\/yoast-seo-wordpress\/ -->\n<title>C\u00e9kla Alma 3L - SV GROUP Kft.<\/title>\n<meta name=\"description\" content=\"A c\u00e9klal\u00e9 gazdag antioxid\u00e1nsokban \u00e9s olyan t\u00e1panyagokban, mint a vas, magn\u00e9zium, n\u00e1trium, k\u00e1lium \u00e9s a C-vitamin.\" \/>\n<meta name=\"robots\" content=\"index, follow, max-snippet:-1, max-image-preview:large, max-video-preview:-1\" \/>\n<link rel=\"canonical\" href=\"https:\/\/www.svgroupkft.hu\/sk\/product\/cekla-alma\/\" \/>\n<meta property=\"og:locale\" content=\"sk_SK\" \/>\n<meta property=\"og:type\" content=\"article\" \/>\n<meta property=\"og:title\" content=\"C\u00e9kla Alma 3L - SV GROUP Kft.\" \/>\n<meta property=\"og:description\" content=\"A c\u00e9klal\u00e9 gazdag antioxid\u00e1nsokban \u00e9s olyan t\u00e1panyagokban, mint a vas, magn\u00e9zium, n\u00e1trium, k\u00e1lium \u00e9s a C-vitamin.\" \/>\n<meta property=\"og:url\" content=\"https:\/\/www.svgroupkft.hu\/sk\/product\/cekla-alma\/\" \/>\n<meta property=\"og:site_name\" content=\"SV GROUP Kft.\" \/>\n<meta property=\"article:publisher\" content=\"https:\/\/www.facebook.com\/zemplenizei\/\" \/>\n<meta property=\"article:modified_time\" content=\"2026-02-16T08:46:47+00:00\" \/>\n<meta property=\"og:image\" content=\"https:\/\/www.svgroupkft.hu\/wp-content\/uploads\/2022\/01\/gyumolcsle_3l.jpg\" \/>\n\t<meta property=\"og:image:width\" content=\"1000\" \/>\n\t<meta property=\"og:image:height\" content=\"1000\" \/>\n\t<meta property=\"og:image:type\" content=\"image\/jpeg\" \/>\n<meta name=\"twitter:card\" content=\"summary_large_image\" \/>\n<script type=\"application\/ld+json\" class=\"yoast-schema-graph\">{\"@context\":\"https:\\\/\\\/schema.org\",\"@graph\":[{\"@type\":\"WebPage\",\"@id\":\"https:\\\/\\\/www.svgroupkft.hu\\\/product\\\/cekla-alma\\\/\",\"url\":\"https:\\\/\\\/www.svgroupkft.hu\\\/product\\\/cekla-alma\\\/\",\"name\":\"C\u00e9kla Alma 3L - SV GROUP Kft.\",\"isPartOf\":{\"@id\":\"https:\\\/\\\/www.svgroupkft.hu\\\/#website\"},\"primaryImageOfPage\":{\"@id\":\"https:\\\/\\\/www.svgroupkft.hu\\\/product\\\/cekla-alma\\\/#primaryimage\"},\"image\":{\"@id\":\"https:\\\/\\\/www.svgroupkft.hu\\\/product\\\/cekla-alma\\\/#primaryimage\"},\"thumbnailUrl\":\"https:\\\/\\\/www.svgroupkft.hu\\\/wp-content\\\/uploads\\\/2022\\\/01\\\/gyumolcsle_3l.jpg\",\"datePublished\":\"2022-01-06T11:30:21+00:00\",\"dateModified\":\"2026-02-16T08:46:47+00:00\",\"description\":\"A c\u00e9klal\u00e9 gazdag antioxid\u00e1nsokban \u00e9s olyan t\u00e1panyagokban, mint a vas, magn\u00e9zium, n\u00e1trium, k\u00e1lium \u00e9s a C-vitamin.\",\"breadcrumb\":{\"@id\":\"https:\\\/\\\/www.svgroupkft.hu\\\/product\\\/cekla-alma\\\/#breadcrumb\"},\"inLanguage\":\"sk-SK\",\"potentialAction\":[{\"@type\":\"ReadAction\",\"target\":[\"https:\\\/\\\/www.svgroupkft.hu\\\/product\\\/cekla-alma\\\/\"]}]},{\"@type\":\"ImageObject\",\"inLanguage\":\"sk-SK\",\"@id\":\"https:\\\/\\\/www.svgroupkft.hu\\\/product\\\/cekla-alma\\\/#primaryimage\",\"url\":\"https:\\\/\\\/www.svgroupkft.hu\\\/wp-content\\\/uploads\\\/2022\\\/01\\\/gyumolcsle_3l.jpg\",\"contentUrl\":\"https:\\\/\\\/www.svgroupkft.hu\\\/wp-content\\\/uploads\\\/2022\\\/01\\\/gyumolcsle_3l.jpg\",\"width\":1000,\"height\":1000},{\"@type\":\"BreadcrumbList\",\"@id\":\"https:\\\/\\\/www.svgroupkft.hu\\\/product\\\/cekla-alma\\\/#breadcrumb\",\"itemListElement\":[{\"@type\":\"ListItem\",\"position\":1,\"name\":\"Home\",\"item\":\"https:\\\/\\\/www.svgroupkft.hu\\\/\"},{\"@type\":\"ListItem\",\"position\":2,\"name\":\"\u00dczlet\",\"item\":\"https:\\\/\\\/www.svgroupkft.hu\\\/shop\\\/\"},{\"@type\":\"ListItem\",\"position\":3,\"name\":\"C\u00e9kla Alma 3L\"}]},{\"@type\":\"WebSite\",\"@id\":\"https:\\\/\\\/www.svgroupkft.hu\\\/#website\",\"url\":\"https:\\\/\\\/www.svgroupkft.hu\\\/\",\"name\":\"SV GROUP Kft.\",\"description\":\"Zempl\u00e9n \u00edzei - gy\u00fcm\u00f6lcsfeldolgoz\u00f3 \u00fczem\",\"publisher\":{\"@id\":\"https:\\\/\\\/www.svgroupkft.hu\\\/#organization\"},\"potentialAction\":[{\"@type\":\"SearchAction\",\"target\":{\"@type\":\"EntryPoint\",\"urlTemplate\":\"https:\\\/\\\/www.svgroupkft.hu\\\/?s={search_term_string}\"},\"query-input\":{\"@type\":\"PropertyValueSpecification\",\"valueRequired\":true,\"valueName\":\"search_term_string\"}}],\"inLanguage\":\"sk-SK\"},{\"@type\":\"Organization\",\"@id\":\"https:\\\/\\\/www.svgroupkft.hu\\\/#organization\",\"name\":\"SV GROUP Kft.\",\"url\":\"https:\\\/\\\/www.svgroupkft.hu\\\/\",\"logo\":{\"@type\":\"ImageObject\",\"inLanguage\":\"sk-SK\",\"@id\":\"https:\\\/\\\/www.svgroupkft.hu\\\/#\\\/schema\\\/logo\\\/image\\\/\",\"url\":\"https:\\\/\\\/www.svgroupkft.hu\\\/wp-content\\\/uploads\\\/2022\\\/02\\\/favicon.png\",\"contentUrl\":\"https:\\\/\\\/www.svgroupkft.hu\\\/wp-content\\\/uploads\\\/2022\\\/02\\\/favicon.png\",\"width\":512,\"height\":512,\"caption\":\"SV GROUP Kft.\"},\"image\":{\"@id\":\"https:\\\/\\\/www.svgroupkft.hu\\\/#\\\/schema\\\/logo\\\/image\\\/\"},\"sameAs\":[\"https:\\\/\\\/www.facebook.com\\\/zemplenizei\\\/\",\"https:\\\/\\\/www.instagram.com\\\/zemplenizei\\\/\"]}]}<\/script>\n<!-- \/ Yoast SEO plugin. -->","yoast_head_json":{"title":"C\u00e9kla Alma 3L - SV GROUP Kft.","description":"A c\u00e9klal\u00e9 gazdag antioxid\u00e1nsokban \u00e9s olyan t\u00e1panyagokban, mint a vas, magn\u00e9zium, n\u00e1trium, k\u00e1lium \u00e9s a C-vitamin.","robots":{"index":"index","follow":"follow","max-snippet":"max-snippet:-1","max-image-preview":"max-image-preview:large","max-video-preview":"max-video-preview:-1"},"canonical":"https:\/\/www.svgroupkft.hu\/sk\/product\/cekla-alma\/","og_locale":"sk_SK","og_type":"article","og_title":"C\u00e9kla Alma 3L - SV GROUP Kft.","og_description":"A c\u00e9klal\u00e9 gazdag antioxid\u00e1nsokban \u00e9s olyan t\u00e1panyagokban, mint a vas, magn\u00e9zium, n\u00e1trium, k\u00e1lium \u00e9s a C-vitamin.","og_url":"https:\/\/www.svgroupkft.hu\/sk\/product\/cekla-alma\/","og_site_name":"SV GROUP Kft.","article_publisher":"https:\/\/www.facebook.com\/zemplenizei\/","article_modified_time":"2026-02-16T08:46:47+00:00","og_image":[{"width":1000,"height":1000,"url":"https:\/\/www.svgroupkft.hu\/wp-content\/uploads\/2022\/01\/gyumolcsle_3l.jpg","type":"image\/jpeg"}],"twitter_card":"summary_large_image","schema":{"@context":"https:\/\/schema.org","@graph":[{"@type":"WebPage","@id":"https:\/\/www.svgroupkft.hu\/product\/cekla-alma\/","url":"https:\/\/www.svgroupkft.hu\/product\/cekla-alma\/","name":"C\u00e9kla Alma 3L - SV GROUP Kft.","isPartOf":{"@id":"https:\/\/www.svgroupkft.hu\/#website"},"primaryImageOfPage":{"@id":"https:\/\/www.svgroupkft.hu\/product\/cekla-alma\/#primaryimage"},"image":{"@id":"https:\/\/www.svgroupkft.hu\/product\/cekla-alma\/#primaryimage"},"thumbnailUrl":"https:\/\/www.svgroupkft.hu\/wp-content\/uploads\/2022\/01\/gyumolcsle_3l.jpg","datePublished":"2022-01-06T11:30:21+00:00","dateModified":"2026-02-16T08:46:47+00:00","description":"A c\u00e9klal\u00e9 gazdag antioxid\u00e1nsokban \u00e9s olyan t\u00e1panyagokban, mint a vas, magn\u00e9zium, n\u00e1trium, k\u00e1lium \u00e9s a C-vitamin.","breadcrumb":{"@id":"https:\/\/www.svgroupkft.hu\/product\/cekla-alma\/#breadcrumb"},"inLanguage":"sk-SK","potentialAction":[{"@type":"ReadAction","target":["https:\/\/www.svgroupkft.hu\/product\/cekla-alma\/"]}]},{"@type":"ImageObject","inLanguage":"sk-SK","@id":"https:\/\/www.svgroupkft.hu\/product\/cekla-alma\/#primaryimage","url":"https:\/\/www.svgroupkft.hu\/wp-content\/uploads\/2022\/01\/gyumolcsle_3l.jpg","contentUrl":"https:\/\/www.svgroupkft.hu\/wp-content\/uploads\/2022\/01\/gyumolcsle_3l.jpg","width":1000,"height":1000},{"@type":"BreadcrumbList","@id":"https:\/\/www.svgroupkft.hu\/product\/cekla-alma\/#breadcrumb","itemListElement":[{"@type":"ListItem","position":1,"name":"Home","item":"https:\/\/www.svgroupkft.hu\/"},{"@type":"ListItem","position":2,"name":"\u00dczlet","item":"https:\/\/www.svgroupkft.hu\/shop\/"},{"@type":"ListItem","position":3,"name":"C\u00e9kla Alma 3L"}]},{"@type":"WebSite","@id":"https:\/\/www.svgroupkft.hu\/#website","url":"https:\/\/www.svgroupkft.hu\/","name":"SV GROUP Kft.","description":"Zempl\u00e9n \u00edzei - gy\u00fcm\u00f6lcsfeldolgoz\u00f3 \u00fczem","publisher":{"@id":"https:\/\/www.svgroupkft.hu\/#organization"},"potentialAction":[{"@type":"SearchAction","target":{"@type":"EntryPoint","urlTemplate":"https:\/\/www.svgroupkft.hu\/?s={search_term_string}"},"query-input":{"@type":"PropertyValueSpecification","valueRequired":true,"valueName":"search_term_string"}}],"inLanguage":"sk-SK"},{"@type":"Organization","@id":"https:\/\/www.svgroupkft.hu\/#organization","name":"SV GROUP Kft.","url":"https:\/\/www.svgroupkft.hu\/","logo":{"@type":"ImageObject","inLanguage":"sk-SK","@id":"https:\/\/www.svgroupkft.hu\/#\/schema\/logo\/image\/","url":"https:\/\/www.svgroupkft.hu\/wp-content\/uploads\/2022\/02\/favicon.png","contentUrl":"https:\/\/www.svgroupkft.hu\/wp-content\/uploads\/2022\/02\/favicon.png","width":512,"height":512,"caption":"SV GROUP Kft."},"image":{"@id":"https:\/\/www.svgroupkft.hu\/#\/schema\/logo\/image\/"},"sameAs":["https:\/\/www.facebook.com\/zemplenizei\/","https:\/\/www.instagram.com\/zemplenizei\/"]}]}},"_links":{"self":[{"href":"https:\/\/www.svgroupkft.hu\/sk\/wp-json\/wp\/v2\/product\/538","targetHints":{"allow":["GET"]}}],"collection":[{"href":"https:\/\/www.svgroupkft.hu\/sk\/wp-json\/wp\/v2\/product"}],"about":[{"href":"https:\/\/www.svgroupkft.hu\/sk\/wp-json\/wp\/v2\/types\/product"}],"replies":[{"embeddable":true,"href":"https:\/\/www.svgroupkft.hu\/sk\/wp-json\/wp\/v2\/comments?post=538"}],"wp:featuredmedia":[{"embeddable":true,"href":"https:\/\/www.svgroupkft.hu\/sk\/wp-json\/wp\/v2\/media\/1301"}],"wp:attachment":[{"href":"https:\/\/www.svgroupkft.hu\/sk\/wp-json\/wp\/v2\/media?parent=538"}],"wp:term":[{"taxonomy":"product_brand","embeddable":true,"href":"https:\/\/www.svgroupkft.hu\/sk\/wp-json\/wp\/v2\/product_brand?post=538"},{"taxonomy":"product_cat","embeddable":true,"href":"https:\/\/www.svgroupkft.hu\/sk\/wp-json\/wp\/v2\/product_cat?post=538"},{"taxonomy":"product_tag","embeddable":true,"href":"https:\/\/www.svgroupkft.hu\/sk\/wp-json\/wp\/v2\/product_tag?post=538"}],"curies":[{"name":"wp","href":"https:\/\/api.w.org\/{rel}","templated":true}]}}