{"id":542,"date":"2022-01-21T08:28:58","date_gmt":"2022-01-21T07:28:58","guid":{"rendered":"https:\/\/www.svgroupkft.hu\/?post_type=product&#038;p=542"},"modified":"2026-02-16T09:47:26","modified_gmt":"2026-02-16T08:47:26","slug":"repa-alma","status":"publish","type":"product","link":"https:\/\/www.svgroupkft.hu\/sk\/product\/repa-alma\/","title":{"rendered":"Mrkva-Jablko 3L"},"content":{"rendered":"","protected":false},"excerpt":{"rendered":"<p>V\u00fd\u017eivn\u00fa hodnotu mrkvovej \u0161\u0165avy zabezpe\u010duje vysok\u00e9 mno\u017estvo betakarot\u00e9nu, vitam\u00ednov a drasl\u00edka.\nPosil\u0148uje imunitn\u00fd syst\u00e9m a pom\u00e1ha pri lie\u010dbe srdcov\u00fdch ochoren\u00ed. Betakarot\u00e9n je bohat\u00fdm zdrojom vitam\u00ednu A, ktor\u00fd posil\u0148uje imunitu. Vitam\u00edn A z mrkvovej \u0161\u0165avy zlep\u0161uje zrak, jeho ka\u017edodenn\u00e1 konzum\u00e1cia zabra\u0148uje vzniku srdcov\u00fdch ochoren\u00ed a mozgovej pr\u00edhody. Okrem toho vitam\u00edn A udr\u017euje vn\u00fatorn\u00e9 org\u00e1ny zdrav\u00e9, prispieva k odolnosti vo\u010di infek\u010dn\u00fdmi organizmami.<\/p>","protected":false},"featured_media":1301,"comment_status":"closed","ping_status":"closed","template":"","meta":{"_monsterinsights_skip_tracking":false,"_monsterinsights_sitenote_active":false,"_monsterinsights_sitenote_note":"","_monsterinsights_sitenote_category":0,"ngg_post_thumbnail":0},"product_brand":[],"product_cat":[520],"product_tag":[],"class_list":{"0":"post-542","1":"product","2":"type-product","3":"status-publish","4":"has-post-thumbnail","6":"product_cat-gyumolcslevek","9":"outofstock","10":"shipping-taxable","11":"purchasable","12":"product-type-simple"},"yoast_head":"<!-- This site is optimized with the Yoast SEO plugin v27.5 - https:\/\/yoast.com\/product\/yoast-seo-wordpress\/ -->\n<title>S\u00e1rgar\u00e9pa Alma 3L - SV GROUP Kft.<\/title>\n<meta name=\"description\" content=\"A r\u00e9palevet az teszi igaz\u00e1n t\u00e1pl\u00e1l\u00f3v\u00e1, hogy nagy mennyis\u00e9gben tartalmaz b\u00e9ta-karotint, vitaminokat \u00e9s k\u00e1liumot.\" \/>\n<meta name=\"robots\" content=\"index, follow, max-snippet:-1, max-image-preview:large, max-video-preview:-1\" \/>\n<link rel=\"canonical\" href=\"https:\/\/www.svgroupkft.hu\/sk\/product\/repa-alma\/\" \/>\n<meta property=\"og:locale\" content=\"sk_SK\" \/>\n<meta property=\"og:type\" content=\"article\" \/>\n<meta property=\"og:title\" content=\"S\u00e1rgar\u00e9pa Alma 3L - SV GROUP Kft.\" \/>\n<meta property=\"og:description\" content=\"A r\u00e9palevet az teszi igaz\u00e1n t\u00e1pl\u00e1l\u00f3v\u00e1, hogy nagy mennyis\u00e9gben tartalmaz b\u00e9ta-karotint, vitaminokat \u00e9s k\u00e1liumot.\" \/>\n<meta property=\"og:url\" content=\"https:\/\/www.svgroupkft.hu\/sk\/product\/repa-alma\/\" \/>\n<meta property=\"og:site_name\" content=\"SV GROUP Kft.\" \/>\n<meta property=\"article:publisher\" content=\"https:\/\/www.facebook.com\/zemplenizei\/\" \/>\n<meta property=\"article:modified_time\" content=\"2026-02-16T08:47:26+00:00\" \/>\n<meta property=\"og:image\" content=\"https:\/\/www.svgroupkft.hu\/wp-content\/uploads\/2022\/01\/gyumolcsle_3l.jpg\" \/>\n\t<meta property=\"og:image:width\" content=\"1000\" \/>\n\t<meta property=\"og:image:height\" content=\"1000\" \/>\n\t<meta property=\"og:image:type\" content=\"image\/jpeg\" \/>\n<meta name=\"twitter:card\" content=\"summary_large_image\" \/>\n<script type=\"application\/ld+json\" class=\"yoast-schema-graph\">{\"@context\":\"https:\\\/\\\/schema.org\",\"@graph\":[{\"@type\":\"WebPage\",\"@id\":\"https:\\\/\\\/www.svgroupkft.hu\\\/product\\\/repa-alma\\\/\",\"url\":\"https:\\\/\\\/www.svgroupkft.hu\\\/product\\\/repa-alma\\\/\",\"name\":\"S\u00e1rgar\u00e9pa Alma 3L - SV GROUP Kft.\",\"isPartOf\":{\"@id\":\"https:\\\/\\\/www.svgroupkft.hu\\\/#website\"},\"primaryImageOfPage\":{\"@id\":\"https:\\\/\\\/www.svgroupkft.hu\\\/product\\\/repa-alma\\\/#primaryimage\"},\"image\":{\"@id\":\"https:\\\/\\\/www.svgroupkft.hu\\\/product\\\/repa-alma\\\/#primaryimage\"},\"thumbnailUrl\":\"https:\\\/\\\/www.svgroupkft.hu\\\/wp-content\\\/uploads\\\/2022\\\/01\\\/gyumolcsle_3l.jpg\",\"datePublished\":\"2022-01-21T07:28:58+00:00\",\"dateModified\":\"2026-02-16T08:47:26+00:00\",\"description\":\"A r\u00e9palevet az teszi igaz\u00e1n t\u00e1pl\u00e1l\u00f3v\u00e1, hogy nagy mennyis\u00e9gben tartalmaz b\u00e9ta-karotint, vitaminokat \u00e9s k\u00e1liumot.\",\"breadcrumb\":{\"@id\":\"https:\\\/\\\/www.svgroupkft.hu\\\/product\\\/repa-alma\\\/#breadcrumb\"},\"inLanguage\":\"sk-SK\",\"potentialAction\":[{\"@type\":\"ReadAction\",\"target\":[\"https:\\\/\\\/www.svgroupkft.hu\\\/product\\\/repa-alma\\\/\"]}]},{\"@type\":\"ImageObject\",\"inLanguage\":\"sk-SK\",\"@id\":\"https:\\\/\\\/www.svgroupkft.hu\\\/product\\\/repa-alma\\\/#primaryimage\",\"url\":\"https:\\\/\\\/www.svgroupkft.hu\\\/wp-content\\\/uploads\\\/2022\\\/01\\\/gyumolcsle_3l.jpg\",\"contentUrl\":\"https:\\\/\\\/www.svgroupkft.hu\\\/wp-content\\\/uploads\\\/2022\\\/01\\\/gyumolcsle_3l.jpg\",\"width\":1000,\"height\":1000},{\"@type\":\"BreadcrumbList\",\"@id\":\"https:\\\/\\\/www.svgroupkft.hu\\\/product\\\/repa-alma\\\/#breadcrumb\",\"itemListElement\":[{\"@type\":\"ListItem\",\"position\":1,\"name\":\"Home\",\"item\":\"https:\\\/\\\/www.svgroupkft.hu\\\/\"},{\"@type\":\"ListItem\",\"position\":2,\"name\":\"\u00dczlet\",\"item\":\"https:\\\/\\\/www.svgroupkft.hu\\\/shop\\\/\"},{\"@type\":\"ListItem\",\"position\":3,\"name\":\"S\u00e1rgar\u00e9pa Alma 3L\"}]},{\"@type\":\"WebSite\",\"@id\":\"https:\\\/\\\/www.svgroupkft.hu\\\/#website\",\"url\":\"https:\\\/\\\/www.svgroupkft.hu\\\/\",\"name\":\"SV GROUP Kft.\",\"description\":\"Zempl\u00e9n \u00edzei - gy\u00fcm\u00f6lcsfeldolgoz\u00f3 \u00fczem\",\"publisher\":{\"@id\":\"https:\\\/\\\/www.svgroupkft.hu\\\/#organization\"},\"potentialAction\":[{\"@type\":\"SearchAction\",\"target\":{\"@type\":\"EntryPoint\",\"urlTemplate\":\"https:\\\/\\\/www.svgroupkft.hu\\\/?s={search_term_string}\"},\"query-input\":{\"@type\":\"PropertyValueSpecification\",\"valueRequired\":true,\"valueName\":\"search_term_string\"}}],\"inLanguage\":\"sk-SK\"},{\"@type\":\"Organization\",\"@id\":\"https:\\\/\\\/www.svgroupkft.hu\\\/#organization\",\"name\":\"SV GROUP Kft.\",\"url\":\"https:\\\/\\\/www.svgroupkft.hu\\\/\",\"logo\":{\"@type\":\"ImageObject\",\"inLanguage\":\"sk-SK\",\"@id\":\"https:\\\/\\\/www.svgroupkft.hu\\\/#\\\/schema\\\/logo\\\/image\\\/\",\"url\":\"https:\\\/\\\/www.svgroupkft.hu\\\/wp-content\\\/uploads\\\/2022\\\/02\\\/favicon.png\",\"contentUrl\":\"https:\\\/\\\/www.svgroupkft.hu\\\/wp-content\\\/uploads\\\/2022\\\/02\\\/favicon.png\",\"width\":512,\"height\":512,\"caption\":\"SV GROUP Kft.\"},\"image\":{\"@id\":\"https:\\\/\\\/www.svgroupkft.hu\\\/#\\\/schema\\\/logo\\\/image\\\/\"},\"sameAs\":[\"https:\\\/\\\/www.facebook.com\\\/zemplenizei\\\/\",\"https:\\\/\\\/www.instagram.com\\\/zemplenizei\\\/\"]}]}<\/script>\n<!-- \/ Yoast SEO plugin. -->","yoast_head_json":{"title":"S\u00e1rgar\u00e9pa Alma 3L - SV GROUP Kft.","description":"A r\u00e9palevet az teszi igaz\u00e1n t\u00e1pl\u00e1l\u00f3v\u00e1, hogy nagy mennyis\u00e9gben tartalmaz b\u00e9ta-karotint, vitaminokat \u00e9s k\u00e1liumot.","robots":{"index":"index","follow":"follow","max-snippet":"max-snippet:-1","max-image-preview":"max-image-preview:large","max-video-preview":"max-video-preview:-1"},"canonical":"https:\/\/www.svgroupkft.hu\/sk\/product\/repa-alma\/","og_locale":"sk_SK","og_type":"article","og_title":"S\u00e1rgar\u00e9pa Alma 3L - SV GROUP Kft.","og_description":"A r\u00e9palevet az teszi igaz\u00e1n t\u00e1pl\u00e1l\u00f3v\u00e1, hogy nagy mennyis\u00e9gben tartalmaz b\u00e9ta-karotint, vitaminokat \u00e9s k\u00e1liumot.","og_url":"https:\/\/www.svgroupkft.hu\/sk\/product\/repa-alma\/","og_site_name":"SV GROUP Kft.","article_publisher":"https:\/\/www.facebook.com\/zemplenizei\/","article_modified_time":"2026-02-16T08:47:26+00:00","og_image":[{"width":1000,"height":1000,"url":"https:\/\/www.svgroupkft.hu\/wp-content\/uploads\/2022\/01\/gyumolcsle_3l.jpg","type":"image\/jpeg"}],"twitter_card":"summary_large_image","schema":{"@context":"https:\/\/schema.org","@graph":[{"@type":"WebPage","@id":"https:\/\/www.svgroupkft.hu\/product\/repa-alma\/","url":"https:\/\/www.svgroupkft.hu\/product\/repa-alma\/","name":"S\u00e1rgar\u00e9pa Alma 3L - SV GROUP Kft.","isPartOf":{"@id":"https:\/\/www.svgroupkft.hu\/#website"},"primaryImageOfPage":{"@id":"https:\/\/www.svgroupkft.hu\/product\/repa-alma\/#primaryimage"},"image":{"@id":"https:\/\/www.svgroupkft.hu\/product\/repa-alma\/#primaryimage"},"thumbnailUrl":"https:\/\/www.svgroupkft.hu\/wp-content\/uploads\/2022\/01\/gyumolcsle_3l.jpg","datePublished":"2022-01-21T07:28:58+00:00","dateModified":"2026-02-16T08:47:26+00:00","description":"A r\u00e9palevet az teszi igaz\u00e1n t\u00e1pl\u00e1l\u00f3v\u00e1, hogy nagy mennyis\u00e9gben tartalmaz b\u00e9ta-karotint, vitaminokat \u00e9s k\u00e1liumot.","breadcrumb":{"@id":"https:\/\/www.svgroupkft.hu\/product\/repa-alma\/#breadcrumb"},"inLanguage":"sk-SK","potentialAction":[{"@type":"ReadAction","target":["https:\/\/www.svgroupkft.hu\/product\/repa-alma\/"]}]},{"@type":"ImageObject","inLanguage":"sk-SK","@id":"https:\/\/www.svgroupkft.hu\/product\/repa-alma\/#primaryimage","url":"https:\/\/www.svgroupkft.hu\/wp-content\/uploads\/2022\/01\/gyumolcsle_3l.jpg","contentUrl":"https:\/\/www.svgroupkft.hu\/wp-content\/uploads\/2022\/01\/gyumolcsle_3l.jpg","width":1000,"height":1000},{"@type":"BreadcrumbList","@id":"https:\/\/www.svgroupkft.hu\/product\/repa-alma\/#breadcrumb","itemListElement":[{"@type":"ListItem","position":1,"name":"Home","item":"https:\/\/www.svgroupkft.hu\/"},{"@type":"ListItem","position":2,"name":"\u00dczlet","item":"https:\/\/www.svgroupkft.hu\/shop\/"},{"@type":"ListItem","position":3,"name":"S\u00e1rgar\u00e9pa Alma 3L"}]},{"@type":"WebSite","@id":"https:\/\/www.svgroupkft.hu\/#website","url":"https:\/\/www.svgroupkft.hu\/","name":"SV GROUP Kft.","description":"Zempl\u00e9n \u00edzei - gy\u00fcm\u00f6lcsfeldolgoz\u00f3 \u00fczem","publisher":{"@id":"https:\/\/www.svgroupkft.hu\/#organization"},"potentialAction":[{"@type":"SearchAction","target":{"@type":"EntryPoint","urlTemplate":"https:\/\/www.svgroupkft.hu\/?s={search_term_string}"},"query-input":{"@type":"PropertyValueSpecification","valueRequired":true,"valueName":"search_term_string"}}],"inLanguage":"sk-SK"},{"@type":"Organization","@id":"https:\/\/www.svgroupkft.hu\/#organization","name":"SV GROUP Kft.","url":"https:\/\/www.svgroupkft.hu\/","logo":{"@type":"ImageObject","inLanguage":"sk-SK","@id":"https:\/\/www.svgroupkft.hu\/#\/schema\/logo\/image\/","url":"https:\/\/www.svgroupkft.hu\/wp-content\/uploads\/2022\/02\/favicon.png","contentUrl":"https:\/\/www.svgroupkft.hu\/wp-content\/uploads\/2022\/02\/favicon.png","width":512,"height":512,"caption":"SV GROUP Kft."},"image":{"@id":"https:\/\/www.svgroupkft.hu\/#\/schema\/logo\/image\/"},"sameAs":["https:\/\/www.facebook.com\/zemplenizei\/","https:\/\/www.instagram.com\/zemplenizei\/"]}]}},"_links":{"self":[{"href":"https:\/\/www.svgroupkft.hu\/sk\/wp-json\/wp\/v2\/product\/542","targetHints":{"allow":["GET"]}}],"collection":[{"href":"https:\/\/www.svgroupkft.hu\/sk\/wp-json\/wp\/v2\/product"}],"about":[{"href":"https:\/\/www.svgroupkft.hu\/sk\/wp-json\/wp\/v2\/types\/product"}],"replies":[{"embeddable":true,"href":"https:\/\/www.svgroupkft.hu\/sk\/wp-json\/wp\/v2\/comments?post=542"}],"wp:featuredmedia":[{"embeddable":true,"href":"https:\/\/www.svgroupkft.hu\/sk\/wp-json\/wp\/v2\/media\/1301"}],"wp:attachment":[{"href":"https:\/\/www.svgroupkft.hu\/sk\/wp-json\/wp\/v2\/media?parent=542"}],"wp:term":[{"taxonomy":"product_brand","embeddable":true,"href":"https:\/\/www.svgroupkft.hu\/sk\/wp-json\/wp\/v2\/product_brand?post=542"},{"taxonomy":"product_cat","embeddable":true,"href":"https:\/\/www.svgroupkft.hu\/sk\/wp-json\/wp\/v2\/product_cat?post=542"},{"taxonomy":"product_tag","embeddable":true,"href":"https:\/\/www.svgroupkft.hu\/sk\/wp-json\/wp\/v2\/product_tag?post=542"}],"curies":[{"name":"wp","href":"https:\/\/api.w.org\/{rel}","templated":true}]}}