{"id":607,"date":"2022-01-21T16:29:10","date_gmt":"2022-01-21T15:29:10","guid":{"rendered":"https:\/\/www.svgroupkft.hu\/?post_type=product&#038;p=607"},"modified":"2025-10-14T10:23:51","modified_gmt":"2025-10-14T08:23:51","slug":"kajszibarack","status":"publish","type":"product","link":"https:\/\/www.svgroupkft.hu\/sk\/product\/kajszibarack\/","title":{"rendered":"Marhu\u013eov\u00fd d\u017eem 200 ml"},"content":{"rendered":"","protected":false},"excerpt":{"rendered":"<p>Po\u010duli ste u\u017e o marhuli zo \u0161peci\u00e1lnej odrody G\u00f6nc? N\u00e1\u0161 produkt bol vyroben\u00fd z kr\u00e1\u013eovnej marh\u00fa\u013e. Jej ni\u010d\u00edm nezamenite\u013en\u00e1 chu\u0165, farba a ar\u00f3ma s\u00fa mimoriadne charakteristick\u00e9.\nOvocie k n\u00e1m prich\u00e1dza od lok\u00e1lnych pestovate\u013eov, zo stromu takmer okam\u017eite do kotla na v\u00fdrobu d\u017eemu. N\u00e1\u0161 z\u00e1vod le\u017e\u00ed pr\u00e1ve v srdci pestovate\u013eskej oblasti \u0161peci\u00e1lnej marhuli odrody G\u00f6nc. Preto garantujeme najvy\u0161\u0161iu kvalitu na\u0161ich v\u00fdrobkov.<\/p>","protected":false},"featured_media":720,"comment_status":"closed","ping_status":"closed","template":"","meta":{"_monsterinsights_skip_tracking":false,"_monsterinsights_sitenote_active":false,"_monsterinsights_sitenote_note":"","_monsterinsights_sitenote_category":0,"ngg_post_thumbnail":0},"product_brand":[],"product_cat":[521],"product_tag":[],"class_list":{"0":"post-607","1":"product","2":"type-product","3":"status-publish","4":"has-post-thumbnail","6":"product_cat-lekvarok","9":"instock","10":"shipping-taxable","11":"purchasable","12":"product-type-simple"},"yoast_head":"<!-- This site is optimized with the Yoast SEO plugin v27.5 - https:\/\/yoast.com\/product\/yoast-seo-wordpress\/ -->\n<title>Kajszibaracklekv\u00e1r 200ml - SV GROUP Kft.<\/title>\n<meta name=\"description\" content=\"Ki ne hallott volna a G\u00f6nci Kajszibarackr\u00f3l? Ezen term\u00e9k\u00fcnk a kajszibarackok kir\u00e1lyn\u0151j\u00e9b\u0151l k\u00e9sz\u00fcl.\" \/>\n<meta name=\"robots\" content=\"index, follow, max-snippet:-1, max-image-preview:large, max-video-preview:-1\" \/>\n<link rel=\"canonical\" href=\"https:\/\/www.svgroupkft.hu\/sk\/product\/kajszibarack\/\" \/>\n<meta property=\"og:locale\" content=\"sk_SK\" \/>\n<meta property=\"og:type\" content=\"article\" \/>\n<meta property=\"og:title\" content=\"Kajszibaracklekv\u00e1r 200ml - SV GROUP Kft.\" \/>\n<meta property=\"og:description\" content=\"Ki ne hallott volna a G\u00f6nci Kajszibarackr\u00f3l? Ezen term\u00e9k\u00fcnk a kajszibarackok kir\u00e1lyn\u0151j\u00e9b\u0151l k\u00e9sz\u00fcl.\" \/>\n<meta property=\"og:url\" content=\"https:\/\/www.svgroupkft.hu\/sk\/product\/kajszibarack\/\" \/>\n<meta property=\"og:site_name\" content=\"SV GROUP Kft.\" \/>\n<meta property=\"article:publisher\" content=\"https:\/\/www.facebook.com\/zemplenizei\/\" \/>\n<meta property=\"article:modified_time\" content=\"2025-10-14T08:23:51+00:00\" \/>\n<meta property=\"og:image\" content=\"https:\/\/www.svgroupkft.hu\/wp-content\/uploads\/2022\/01\/kbaracklekmb.jpg\" \/>\n\t<meta property=\"og:image:width\" content=\"720\" \/>\n\t<meta property=\"og:image:height\" content=\"720\" \/>\n\t<meta property=\"og:image:type\" content=\"image\/jpeg\" \/>\n<meta name=\"twitter:card\" content=\"summary_large_image\" \/>\n<script type=\"application\/ld+json\" class=\"yoast-schema-graph\">{\"@context\":\"https:\\\/\\\/schema.org\",\"@graph\":[{\"@type\":\"WebPage\",\"@id\":\"https:\\\/\\\/www.svgroupkft.hu\\\/product\\\/kajszibarack\\\/\",\"url\":\"https:\\\/\\\/www.svgroupkft.hu\\\/product\\\/kajszibarack\\\/\",\"name\":\"Kajszibaracklekv\u00e1r 200ml - SV GROUP Kft.\",\"isPartOf\":{\"@id\":\"https:\\\/\\\/www.svgroupkft.hu\\\/#website\"},\"primaryImageOfPage\":{\"@id\":\"https:\\\/\\\/www.svgroupkft.hu\\\/product\\\/kajszibarack\\\/#primaryimage\"},\"image\":{\"@id\":\"https:\\\/\\\/www.svgroupkft.hu\\\/product\\\/kajszibarack\\\/#primaryimage\"},\"thumbnailUrl\":\"https:\\\/\\\/www.svgroupkft.hu\\\/wp-content\\\/uploads\\\/2022\\\/01\\\/kbaracklekmb.jpg\",\"datePublished\":\"2022-01-21T15:29:10+00:00\",\"dateModified\":\"2025-10-14T08:23:51+00:00\",\"description\":\"Ki ne hallott volna a G\u00f6nci Kajszibarackr\u00f3l? Ezen term\u00e9k\u00fcnk a kajszibarackok kir\u00e1lyn\u0151j\u00e9b\u0151l k\u00e9sz\u00fcl.\",\"breadcrumb\":{\"@id\":\"https:\\\/\\\/www.svgroupkft.hu\\\/product\\\/kajszibarack\\\/#breadcrumb\"},\"inLanguage\":\"sk-SK\",\"potentialAction\":[{\"@type\":\"ReadAction\",\"target\":[\"https:\\\/\\\/www.svgroupkft.hu\\\/product\\\/kajszibarack\\\/\"]}]},{\"@type\":\"ImageObject\",\"inLanguage\":\"sk-SK\",\"@id\":\"https:\\\/\\\/www.svgroupkft.hu\\\/product\\\/kajszibarack\\\/#primaryimage\",\"url\":\"https:\\\/\\\/www.svgroupkft.hu\\\/wp-content\\\/uploads\\\/2022\\\/01\\\/kbaracklekmb.jpg\",\"contentUrl\":\"https:\\\/\\\/www.svgroupkft.hu\\\/wp-content\\\/uploads\\\/2022\\\/01\\\/kbaracklekmb.jpg\",\"width\":720,\"height\":720},{\"@type\":\"BreadcrumbList\",\"@id\":\"https:\\\/\\\/www.svgroupkft.hu\\\/product\\\/kajszibarack\\\/#breadcrumb\",\"itemListElement\":[{\"@type\":\"ListItem\",\"position\":1,\"name\":\"Home\",\"item\":\"https:\\\/\\\/www.svgroupkft.hu\\\/\"},{\"@type\":\"ListItem\",\"position\":2,\"name\":\"\u00dczlet\",\"item\":\"https:\\\/\\\/www.svgroupkft.hu\\\/shop\\\/\"},{\"@type\":\"ListItem\",\"position\":3,\"name\":\"Kajszibaracklekv\u00e1r 200ml\"}]},{\"@type\":\"WebSite\",\"@id\":\"https:\\\/\\\/www.svgroupkft.hu\\\/#website\",\"url\":\"https:\\\/\\\/www.svgroupkft.hu\\\/\",\"name\":\"SV GROUP Kft.\",\"description\":\"Zempl\u00e9n \u00edzei - gy\u00fcm\u00f6lcsfeldolgoz\u00f3 \u00fczem\",\"publisher\":{\"@id\":\"https:\\\/\\\/www.svgroupkft.hu\\\/#organization\"},\"potentialAction\":[{\"@type\":\"SearchAction\",\"target\":{\"@type\":\"EntryPoint\",\"urlTemplate\":\"https:\\\/\\\/www.svgroupkft.hu\\\/?s={search_term_string}\"},\"query-input\":{\"@type\":\"PropertyValueSpecification\",\"valueRequired\":true,\"valueName\":\"search_term_string\"}}],\"inLanguage\":\"sk-SK\"},{\"@type\":\"Organization\",\"@id\":\"https:\\\/\\\/www.svgroupkft.hu\\\/#organization\",\"name\":\"SV GROUP Kft.\",\"url\":\"https:\\\/\\\/www.svgroupkft.hu\\\/\",\"logo\":{\"@type\":\"ImageObject\",\"inLanguage\":\"sk-SK\",\"@id\":\"https:\\\/\\\/www.svgroupkft.hu\\\/#\\\/schema\\\/logo\\\/image\\\/\",\"url\":\"https:\\\/\\\/www.svgroupkft.hu\\\/wp-content\\\/uploads\\\/2022\\\/02\\\/favicon.png\",\"contentUrl\":\"https:\\\/\\\/www.svgroupkft.hu\\\/wp-content\\\/uploads\\\/2022\\\/02\\\/favicon.png\",\"width\":512,\"height\":512,\"caption\":\"SV GROUP Kft.\"},\"image\":{\"@id\":\"https:\\\/\\\/www.svgroupkft.hu\\\/#\\\/schema\\\/logo\\\/image\\\/\"},\"sameAs\":[\"https:\\\/\\\/www.facebook.com\\\/zemplenizei\\\/\",\"https:\\\/\\\/www.instagram.com\\\/zemplenizei\\\/\"]}]}<\/script>\n<!-- \/ Yoast SEO plugin. -->","yoast_head_json":{"title":"Kajszibaracklekv\u00e1r 200ml - SV GROUP Kft.","description":"Ki ne hallott volna a G\u00f6nci Kajszibarackr\u00f3l? Ezen term\u00e9k\u00fcnk a kajszibarackok kir\u00e1lyn\u0151j\u00e9b\u0151l k\u00e9sz\u00fcl.","robots":{"index":"index","follow":"follow","max-snippet":"max-snippet:-1","max-image-preview":"max-image-preview:large","max-video-preview":"max-video-preview:-1"},"canonical":"https:\/\/www.svgroupkft.hu\/sk\/product\/kajszibarack\/","og_locale":"sk_SK","og_type":"article","og_title":"Kajszibaracklekv\u00e1r 200ml - SV GROUP Kft.","og_description":"Ki ne hallott volna a G\u00f6nci Kajszibarackr\u00f3l? Ezen term\u00e9k\u00fcnk a kajszibarackok kir\u00e1lyn\u0151j\u00e9b\u0151l k\u00e9sz\u00fcl.","og_url":"https:\/\/www.svgroupkft.hu\/sk\/product\/kajszibarack\/","og_site_name":"SV GROUP Kft.","article_publisher":"https:\/\/www.facebook.com\/zemplenizei\/","article_modified_time":"2025-10-14T08:23:51+00:00","og_image":[{"width":720,"height":720,"url":"https:\/\/www.svgroupkft.hu\/wp-content\/uploads\/2022\/01\/kbaracklekmb.jpg","type":"image\/jpeg"}],"twitter_card":"summary_large_image","schema":{"@context":"https:\/\/schema.org","@graph":[{"@type":"WebPage","@id":"https:\/\/www.svgroupkft.hu\/product\/kajszibarack\/","url":"https:\/\/www.svgroupkft.hu\/product\/kajszibarack\/","name":"Kajszibaracklekv\u00e1r 200ml - SV GROUP Kft.","isPartOf":{"@id":"https:\/\/www.svgroupkft.hu\/#website"},"primaryImageOfPage":{"@id":"https:\/\/www.svgroupkft.hu\/product\/kajszibarack\/#primaryimage"},"image":{"@id":"https:\/\/www.svgroupkft.hu\/product\/kajszibarack\/#primaryimage"},"thumbnailUrl":"https:\/\/www.svgroupkft.hu\/wp-content\/uploads\/2022\/01\/kbaracklekmb.jpg","datePublished":"2022-01-21T15:29:10+00:00","dateModified":"2025-10-14T08:23:51+00:00","description":"Ki ne hallott volna a G\u00f6nci Kajszibarackr\u00f3l? Ezen term\u00e9k\u00fcnk a kajszibarackok kir\u00e1lyn\u0151j\u00e9b\u0151l k\u00e9sz\u00fcl.","breadcrumb":{"@id":"https:\/\/www.svgroupkft.hu\/product\/kajszibarack\/#breadcrumb"},"inLanguage":"sk-SK","potentialAction":[{"@type":"ReadAction","target":["https:\/\/www.svgroupkft.hu\/product\/kajszibarack\/"]}]},{"@type":"ImageObject","inLanguage":"sk-SK","@id":"https:\/\/www.svgroupkft.hu\/product\/kajszibarack\/#primaryimage","url":"https:\/\/www.svgroupkft.hu\/wp-content\/uploads\/2022\/01\/kbaracklekmb.jpg","contentUrl":"https:\/\/www.svgroupkft.hu\/wp-content\/uploads\/2022\/01\/kbaracklekmb.jpg","width":720,"height":720},{"@type":"BreadcrumbList","@id":"https:\/\/www.svgroupkft.hu\/product\/kajszibarack\/#breadcrumb","itemListElement":[{"@type":"ListItem","position":1,"name":"Home","item":"https:\/\/www.svgroupkft.hu\/"},{"@type":"ListItem","position":2,"name":"\u00dczlet","item":"https:\/\/www.svgroupkft.hu\/shop\/"},{"@type":"ListItem","position":3,"name":"Kajszibaracklekv\u00e1r 200ml"}]},{"@type":"WebSite","@id":"https:\/\/www.svgroupkft.hu\/#website","url":"https:\/\/www.svgroupkft.hu\/","name":"SV GROUP Kft.","description":"Zempl\u00e9n \u00edzei - gy\u00fcm\u00f6lcsfeldolgoz\u00f3 \u00fczem","publisher":{"@id":"https:\/\/www.svgroupkft.hu\/#organization"},"potentialAction":[{"@type":"SearchAction","target":{"@type":"EntryPoint","urlTemplate":"https:\/\/www.svgroupkft.hu\/?s={search_term_string}"},"query-input":{"@type":"PropertyValueSpecification","valueRequired":true,"valueName":"search_term_string"}}],"inLanguage":"sk-SK"},{"@type":"Organization","@id":"https:\/\/www.svgroupkft.hu\/#organization","name":"SV GROUP Kft.","url":"https:\/\/www.svgroupkft.hu\/","logo":{"@type":"ImageObject","inLanguage":"sk-SK","@id":"https:\/\/www.svgroupkft.hu\/#\/schema\/logo\/image\/","url":"https:\/\/www.svgroupkft.hu\/wp-content\/uploads\/2022\/02\/favicon.png","contentUrl":"https:\/\/www.svgroupkft.hu\/wp-content\/uploads\/2022\/02\/favicon.png","width":512,"height":512,"caption":"SV GROUP Kft."},"image":{"@id":"https:\/\/www.svgroupkft.hu\/#\/schema\/logo\/image\/"},"sameAs":["https:\/\/www.facebook.com\/zemplenizei\/","https:\/\/www.instagram.com\/zemplenizei\/"]}]}},"_links":{"self":[{"href":"https:\/\/www.svgroupkft.hu\/sk\/wp-json\/wp\/v2\/product\/607","targetHints":{"allow":["GET"]}}],"collection":[{"href":"https:\/\/www.svgroupkft.hu\/sk\/wp-json\/wp\/v2\/product"}],"about":[{"href":"https:\/\/www.svgroupkft.hu\/sk\/wp-json\/wp\/v2\/types\/product"}],"replies":[{"embeddable":true,"href":"https:\/\/www.svgroupkft.hu\/sk\/wp-json\/wp\/v2\/comments?post=607"}],"wp:featuredmedia":[{"embeddable":true,"href":"https:\/\/www.svgroupkft.hu\/sk\/wp-json\/wp\/v2\/media\/720"}],"wp:attachment":[{"href":"https:\/\/www.svgroupkft.hu\/sk\/wp-json\/wp\/v2\/media?parent=607"}],"wp:term":[{"taxonomy":"product_brand","embeddable":true,"href":"https:\/\/www.svgroupkft.hu\/sk\/wp-json\/wp\/v2\/product_brand?post=607"},{"taxonomy":"product_cat","embeddable":true,"href":"https:\/\/www.svgroupkft.hu\/sk\/wp-json\/wp\/v2\/product_cat?post=607"},{"taxonomy":"product_tag","embeddable":true,"href":"https:\/\/www.svgroupkft.hu\/sk\/wp-json\/wp\/v2\/product_tag?post=607"}],"curies":[{"name":"wp","href":"https:\/\/api.w.org\/{rel}","templated":true}]}}