{"id":609,"date":"2022-01-21T16:30:51","date_gmt":"2022-01-21T15:30:51","guid":{"rendered":"https:\/\/www.svgroupkft.hu\/?post_type=product&#038;p=609"},"modified":"2025-12-14T21:57:51","modified_gmt":"2025-12-14T20:57:51","slug":"somlekvar","status":"publish","type":"product","link":"https:\/\/www.svgroupkft.hu\/sk\/product\/somlekvar\/","title":{"rendered":"Drienkov\u00fd d\u017eem 200 ml"},"content":{"rendered":"","protected":false},"excerpt":{"rendered":"<p>N\u00e1\u0161 drienkov\u00fd d\u017eem je ozajstnou raritou, ke\u010f\u017ee mnoho \u013eud\u00ed o tomto bobu\u013eovom z\u00e1zraku e\u0161te nepo\u010dul. Hovor\u00edme o lesnom ovoc\u00ed, ktor\u00e9ho plody s\u00fa ve\u013emi mali\u010dk\u00e9 a ke\u010f s\u00fa zrel\u00e9 s\u00fa skoro \u00faplne \u010dierne. Je na\u0161ou dom\u00e1cou rastlinou, ktor\u00e1 obsahuje mimoriadne ve\u013ea vitam\u00ednu C a je d\u00f4le\u017eit\u00fdm zdrojom makro prvkov: sod\u00edka, drasl\u00edka, v\u00e1pnika, mang\u00e1nu a fosforu. Zo sekund\u00e1rnych \u017eiv\u00edn a mikroprvkov treba vyzdvihn\u00fa\u0165: \u017eelezo, zinok, me\u010f a mang\u00e1n. Jeho obsah polyfenolov, antokyan\u00edn a flavonoidov prispieva k spr\u00e1vnej funkcii krvotvorn\u00e9ho syst\u00e9mu a imunitn\u00e9ho syst\u00e9mu. Samozrejme aj drienku nakupujeme od lok\u00e1lnych pestovate\u013eov, ke\u010f\u017ee rastlina miluje \u010dist\u00fd vzduch n\u00e1\u0161ho regi\u00f3nu. Jej v\u00fdhodou pri pestovan\u00ed je aj to, \u017ee nem\u00e1 \u0161kodcov, t\u00fdm p\u00e1dom ju nie je potrebn\u00e9 strieka\u0165. N\u00e1\u0161 d\u017eem v\u00fdborne pasuje k divine, jeho kyslast\u00e1 chu\u0165 mimoriadne dobre harmonizuje s pe\u010den\u00fdmi jedlami. Oplat\u00ed sa ju oko\u0161tova\u0165 aj v kol\u00e1\u010doch!<\/p>","protected":false},"featured_media":717,"comment_status":"closed","ping_status":"closed","template":"","meta":{"_monsterinsights_skip_tracking":false,"_monsterinsights_sitenote_active":false,"_monsterinsights_sitenote_note":"","_monsterinsights_sitenote_category":0,"ngg_post_thumbnail":0},"product_brand":[],"product_cat":[521],"product_tag":[],"class_list":{"0":"post-609","1":"product","2":"type-product","3":"status-publish","4":"has-post-thumbnail","6":"product_cat-lekvarok","9":"instock","10":"shipping-taxable","11":"purchasable","12":"product-type-simple"},"yoast_head":"<!-- This site is optimized with the Yoast SEO plugin v27.5 - https:\/\/yoast.com\/product\/yoast-seo-wordpress\/ -->\n<title>Somlekv\u00e1r 200ml - SV GROUP Kft.<\/title>\n<meta name=\"description\" content=\"Somlekv\u00e1runk igazi kuri\u00f3zum, mert nagyon sokan m\u00e9g csak nem is ismerik ezt a kincset \u00e9r\u0151, igazi szupergy\u00fcm\u00f6lcs\u00f6t.\" \/>\n<meta name=\"robots\" content=\"index, follow, max-snippet:-1, max-image-preview:large, max-video-preview:-1\" \/>\n<link rel=\"canonical\" href=\"https:\/\/www.svgroupkft.hu\/sk\/product\/somlekvar\/\" \/>\n<meta property=\"og:locale\" content=\"sk_SK\" \/>\n<meta property=\"og:type\" content=\"article\" \/>\n<meta property=\"og:title\" content=\"Somlekv\u00e1r 200ml - SV GROUP Kft.\" \/>\n<meta property=\"og:description\" content=\"Somlekv\u00e1runk igazi kuri\u00f3zum, mert nagyon sokan m\u00e9g csak nem is ismerik ezt a kincset \u00e9r\u0151, igazi szupergy\u00fcm\u00f6lcs\u00f6t.\" \/>\n<meta property=\"og:url\" content=\"https:\/\/www.svgroupkft.hu\/sk\/product\/somlekvar\/\" \/>\n<meta property=\"og:site_name\" content=\"SV GROUP Kft.\" \/>\n<meta property=\"article:publisher\" content=\"https:\/\/www.facebook.com\/zemplenizei\/\" \/>\n<meta property=\"article:modified_time\" content=\"2025-12-14T20:57:51+00:00\" \/>\n<meta property=\"og:image\" content=\"https:\/\/www.svgroupkft.hu\/wp-content\/uploads\/2022\/01\/somlekvarmb.jpg\" \/>\n\t<meta property=\"og:image:width\" content=\"720\" \/>\n\t<meta property=\"og:image:height\" content=\"720\" \/>\n\t<meta property=\"og:image:type\" content=\"image\/jpeg\" \/>\n<meta name=\"twitter:card\" content=\"summary_large_image\" \/>\n<script type=\"application\/ld+json\" class=\"yoast-schema-graph\">{\"@context\":\"https:\\\/\\\/schema.org\",\"@graph\":[{\"@type\":\"WebPage\",\"@id\":\"https:\\\/\\\/www.svgroupkft.hu\\\/product\\\/somlekvar\\\/\",\"url\":\"https:\\\/\\\/www.svgroupkft.hu\\\/product\\\/somlekvar\\\/\",\"name\":\"Somlekv\u00e1r 200ml - SV GROUP Kft.\",\"isPartOf\":{\"@id\":\"https:\\\/\\\/www.svgroupkft.hu\\\/#website\"},\"primaryImageOfPage\":{\"@id\":\"https:\\\/\\\/www.svgroupkft.hu\\\/product\\\/somlekvar\\\/#primaryimage\"},\"image\":{\"@id\":\"https:\\\/\\\/www.svgroupkft.hu\\\/product\\\/somlekvar\\\/#primaryimage\"},\"thumbnailUrl\":\"https:\\\/\\\/www.svgroupkft.hu\\\/wp-content\\\/uploads\\\/2022\\\/01\\\/somlekvarmb.jpg\",\"datePublished\":\"2022-01-21T15:30:51+00:00\",\"dateModified\":\"2025-12-14T20:57:51+00:00\",\"description\":\"Somlekv\u00e1runk igazi kuri\u00f3zum, mert nagyon sokan m\u00e9g csak nem is ismerik ezt a kincset \u00e9r\u0151, igazi szupergy\u00fcm\u00f6lcs\u00f6t.\",\"breadcrumb\":{\"@id\":\"https:\\\/\\\/www.svgroupkft.hu\\\/product\\\/somlekvar\\\/#breadcrumb\"},\"inLanguage\":\"sk-SK\",\"potentialAction\":[{\"@type\":\"ReadAction\",\"target\":[\"https:\\\/\\\/www.svgroupkft.hu\\\/product\\\/somlekvar\\\/\"]}]},{\"@type\":\"ImageObject\",\"inLanguage\":\"sk-SK\",\"@id\":\"https:\\\/\\\/www.svgroupkft.hu\\\/product\\\/somlekvar\\\/#primaryimage\",\"url\":\"https:\\\/\\\/www.svgroupkft.hu\\\/wp-content\\\/uploads\\\/2022\\\/01\\\/somlekvarmb.jpg\",\"contentUrl\":\"https:\\\/\\\/www.svgroupkft.hu\\\/wp-content\\\/uploads\\\/2022\\\/01\\\/somlekvarmb.jpg\",\"width\":720,\"height\":720},{\"@type\":\"BreadcrumbList\",\"@id\":\"https:\\\/\\\/www.svgroupkft.hu\\\/product\\\/somlekvar\\\/#breadcrumb\",\"itemListElement\":[{\"@type\":\"ListItem\",\"position\":1,\"name\":\"Home\",\"item\":\"https:\\\/\\\/www.svgroupkft.hu\\\/\"},{\"@type\":\"ListItem\",\"position\":2,\"name\":\"\u00dczlet\",\"item\":\"https:\\\/\\\/www.svgroupkft.hu\\\/shop\\\/\"},{\"@type\":\"ListItem\",\"position\":3,\"name\":\"Somlekv\u00e1r 200ml\"}]},{\"@type\":\"WebSite\",\"@id\":\"https:\\\/\\\/www.svgroupkft.hu\\\/#website\",\"url\":\"https:\\\/\\\/www.svgroupkft.hu\\\/\",\"name\":\"SV GROUP Kft.\",\"description\":\"Zempl\u00e9n \u00edzei - gy\u00fcm\u00f6lcsfeldolgoz\u00f3 \u00fczem\",\"publisher\":{\"@id\":\"https:\\\/\\\/www.svgroupkft.hu\\\/#organization\"},\"potentialAction\":[{\"@type\":\"SearchAction\",\"target\":{\"@type\":\"EntryPoint\",\"urlTemplate\":\"https:\\\/\\\/www.svgroupkft.hu\\\/?s={search_term_string}\"},\"query-input\":{\"@type\":\"PropertyValueSpecification\",\"valueRequired\":true,\"valueName\":\"search_term_string\"}}],\"inLanguage\":\"sk-SK\"},{\"@type\":\"Organization\",\"@id\":\"https:\\\/\\\/www.svgroupkft.hu\\\/#organization\",\"name\":\"SV GROUP Kft.\",\"url\":\"https:\\\/\\\/www.svgroupkft.hu\\\/\",\"logo\":{\"@type\":\"ImageObject\",\"inLanguage\":\"sk-SK\",\"@id\":\"https:\\\/\\\/www.svgroupkft.hu\\\/#\\\/schema\\\/logo\\\/image\\\/\",\"url\":\"https:\\\/\\\/www.svgroupkft.hu\\\/wp-content\\\/uploads\\\/2022\\\/02\\\/favicon.png\",\"contentUrl\":\"https:\\\/\\\/www.svgroupkft.hu\\\/wp-content\\\/uploads\\\/2022\\\/02\\\/favicon.png\",\"width\":512,\"height\":512,\"caption\":\"SV GROUP Kft.\"},\"image\":{\"@id\":\"https:\\\/\\\/www.svgroupkft.hu\\\/#\\\/schema\\\/logo\\\/image\\\/\"},\"sameAs\":[\"https:\\\/\\\/www.facebook.com\\\/zemplenizei\\\/\",\"https:\\\/\\\/www.instagram.com\\\/zemplenizei\\\/\"]}]}<\/script>\n<!-- \/ Yoast SEO plugin. -->","yoast_head_json":{"title":"Somlekv\u00e1r 200ml - SV GROUP Kft.","description":"Somlekv\u00e1runk igazi kuri\u00f3zum, mert nagyon sokan m\u00e9g csak nem is ismerik ezt a kincset \u00e9r\u0151, igazi szupergy\u00fcm\u00f6lcs\u00f6t.","robots":{"index":"index","follow":"follow","max-snippet":"max-snippet:-1","max-image-preview":"max-image-preview:large","max-video-preview":"max-video-preview:-1"},"canonical":"https:\/\/www.svgroupkft.hu\/sk\/product\/somlekvar\/","og_locale":"sk_SK","og_type":"article","og_title":"Somlekv\u00e1r 200ml - SV GROUP Kft.","og_description":"Somlekv\u00e1runk igazi kuri\u00f3zum, mert nagyon sokan m\u00e9g csak nem is ismerik ezt a kincset \u00e9r\u0151, igazi szupergy\u00fcm\u00f6lcs\u00f6t.","og_url":"https:\/\/www.svgroupkft.hu\/sk\/product\/somlekvar\/","og_site_name":"SV GROUP Kft.","article_publisher":"https:\/\/www.facebook.com\/zemplenizei\/","article_modified_time":"2025-12-14T20:57:51+00:00","og_image":[{"width":720,"height":720,"url":"https:\/\/www.svgroupkft.hu\/wp-content\/uploads\/2022\/01\/somlekvarmb.jpg","type":"image\/jpeg"}],"twitter_card":"summary_large_image","schema":{"@context":"https:\/\/schema.org","@graph":[{"@type":"WebPage","@id":"https:\/\/www.svgroupkft.hu\/product\/somlekvar\/","url":"https:\/\/www.svgroupkft.hu\/product\/somlekvar\/","name":"Somlekv\u00e1r 200ml - SV GROUP Kft.","isPartOf":{"@id":"https:\/\/www.svgroupkft.hu\/#website"},"primaryImageOfPage":{"@id":"https:\/\/www.svgroupkft.hu\/product\/somlekvar\/#primaryimage"},"image":{"@id":"https:\/\/www.svgroupkft.hu\/product\/somlekvar\/#primaryimage"},"thumbnailUrl":"https:\/\/www.svgroupkft.hu\/wp-content\/uploads\/2022\/01\/somlekvarmb.jpg","datePublished":"2022-01-21T15:30:51+00:00","dateModified":"2025-12-14T20:57:51+00:00","description":"Somlekv\u00e1runk igazi kuri\u00f3zum, mert nagyon sokan m\u00e9g csak nem is ismerik ezt a kincset \u00e9r\u0151, igazi szupergy\u00fcm\u00f6lcs\u00f6t.","breadcrumb":{"@id":"https:\/\/www.svgroupkft.hu\/product\/somlekvar\/#breadcrumb"},"inLanguage":"sk-SK","potentialAction":[{"@type":"ReadAction","target":["https:\/\/www.svgroupkft.hu\/product\/somlekvar\/"]}]},{"@type":"ImageObject","inLanguage":"sk-SK","@id":"https:\/\/www.svgroupkft.hu\/product\/somlekvar\/#primaryimage","url":"https:\/\/www.svgroupkft.hu\/wp-content\/uploads\/2022\/01\/somlekvarmb.jpg","contentUrl":"https:\/\/www.svgroupkft.hu\/wp-content\/uploads\/2022\/01\/somlekvarmb.jpg","width":720,"height":720},{"@type":"BreadcrumbList","@id":"https:\/\/www.svgroupkft.hu\/product\/somlekvar\/#breadcrumb","itemListElement":[{"@type":"ListItem","position":1,"name":"Home","item":"https:\/\/www.svgroupkft.hu\/"},{"@type":"ListItem","position":2,"name":"\u00dczlet","item":"https:\/\/www.svgroupkft.hu\/shop\/"},{"@type":"ListItem","position":3,"name":"Somlekv\u00e1r 200ml"}]},{"@type":"WebSite","@id":"https:\/\/www.svgroupkft.hu\/#website","url":"https:\/\/www.svgroupkft.hu\/","name":"SV GROUP Kft.","description":"Zempl\u00e9n \u00edzei - gy\u00fcm\u00f6lcsfeldolgoz\u00f3 \u00fczem","publisher":{"@id":"https:\/\/www.svgroupkft.hu\/#organization"},"potentialAction":[{"@type":"SearchAction","target":{"@type":"EntryPoint","urlTemplate":"https:\/\/www.svgroupkft.hu\/?s={search_term_string}"},"query-input":{"@type":"PropertyValueSpecification","valueRequired":true,"valueName":"search_term_string"}}],"inLanguage":"sk-SK"},{"@type":"Organization","@id":"https:\/\/www.svgroupkft.hu\/#organization","name":"SV GROUP Kft.","url":"https:\/\/www.svgroupkft.hu\/","logo":{"@type":"ImageObject","inLanguage":"sk-SK","@id":"https:\/\/www.svgroupkft.hu\/#\/schema\/logo\/image\/","url":"https:\/\/www.svgroupkft.hu\/wp-content\/uploads\/2022\/02\/favicon.png","contentUrl":"https:\/\/www.svgroupkft.hu\/wp-content\/uploads\/2022\/02\/favicon.png","width":512,"height":512,"caption":"SV GROUP Kft."},"image":{"@id":"https:\/\/www.svgroupkft.hu\/#\/schema\/logo\/image\/"},"sameAs":["https:\/\/www.facebook.com\/zemplenizei\/","https:\/\/www.instagram.com\/zemplenizei\/"]}]}},"_links":{"self":[{"href":"https:\/\/www.svgroupkft.hu\/sk\/wp-json\/wp\/v2\/product\/609","targetHints":{"allow":["GET"]}}],"collection":[{"href":"https:\/\/www.svgroupkft.hu\/sk\/wp-json\/wp\/v2\/product"}],"about":[{"href":"https:\/\/www.svgroupkft.hu\/sk\/wp-json\/wp\/v2\/types\/product"}],"replies":[{"embeddable":true,"href":"https:\/\/www.svgroupkft.hu\/sk\/wp-json\/wp\/v2\/comments?post=609"}],"wp:featuredmedia":[{"embeddable":true,"href":"https:\/\/www.svgroupkft.hu\/sk\/wp-json\/wp\/v2\/media\/717"}],"wp:attachment":[{"href":"https:\/\/www.svgroupkft.hu\/sk\/wp-json\/wp\/v2\/media?parent=609"}],"wp:term":[{"taxonomy":"product_brand","embeddable":true,"href":"https:\/\/www.svgroupkft.hu\/sk\/wp-json\/wp\/v2\/product_brand?post=609"},{"taxonomy":"product_cat","embeddable":true,"href":"https:\/\/www.svgroupkft.hu\/sk\/wp-json\/wp\/v2\/product_cat?post=609"},{"taxonomy":"product_tag","embeddable":true,"href":"https:\/\/www.svgroupkft.hu\/sk\/wp-json\/wp\/v2\/product_tag?post=609"}],"curies":[{"name":"wp","href":"https:\/\/api.w.org\/{rel}","templated":true}]}}