{"id":611,"date":"2022-01-21T16:43:43","date_gmt":"2022-01-21T15:43:43","guid":{"rendered":"https:\/\/www.svgroupkft.hu\/?post_type=product&#038;p=611"},"modified":"2022-07-04T10:09:10","modified_gmt":"2022-07-04T08:09:10","slug":"almabodzalekvar","status":"publish","type":"product","link":"https:\/\/www.svgroupkft.hu\/sk\/product\/almabodzalekvar\/","title":{"rendered":"Jablkovo-Bazov\u00fd d\u017eem 200 ml"},"content":{"rendered":"","protected":false},"excerpt":{"rendered":"<p>Kevesen tudj\u00e1k, hogy a bodz\u00e1nak nemcsak a vir\u00e1g\u00e1t haszn\u00e1lhatjuk fel \u00e9tkez\u00e9si c\u00e9lra, hanem az \u00e9rett bogy\u00f3k is kincset rejtenek. A fekete bodza rendk\u00edv\u00fcl gazdag \u00e1sv\u00e1nyi anyagokban, vasban, k\u00e1liumban, r\u00e9zben, magas a C- , B- \u00e9s A vitamin tartalma, b\u0151velkedik rostokban, antioxid\u00e1nsokban, gyullad\u00e1scs\u00f6kkent\u0151 hat\u00f3anyagokban. Ez\u00e1ltal t\u00f6bbek k\u00f6z\u00f6tt a torokf\u00e1j\u00e1s \u00e9s a h\u00f6rghurut kiv\u00e1l\u00f3 ellenszere. \u00cdze nem igaz\u00e1n mark\u00e1ns, ez\u00e9rt alm\u00e1val l\u00e1gy\u00edtottuk, \u00edgy egy igaz\u00e1n finom, kr\u00e9mes lekv\u00e1rt kaptunk. A t\u00e9li h\u00f3napokban kiv\u00e1l\u00f3an alkalmas vitaminp\u00f3tl\u00e1sra, \u00e9s nem mell\u00e9kesen finom is!<\/p>","protected":false},"featured_media":722,"comment_status":"closed","ping_status":"closed","template":"","meta":{"_monsterinsights_skip_tracking":false,"_monsterinsights_sitenote_active":false,"_monsterinsights_sitenote_note":"","_monsterinsights_sitenote_category":0,"ngg_post_thumbnail":0},"product_brand":[],"product_cat":[521],"product_tag":[],"class_list":{"0":"post-611","1":"product","2":"type-product","3":"status-publish","4":"has-post-thumbnail","6":"product_cat-lekvarok","9":"outofstock","10":"shipping-taxable","11":"purchasable","12":"product-type-simple"},"yoast_head":"<!-- This site is optimized with the Yoast SEO plugin v27.4 - https:\/\/yoast.com\/product\/yoast-seo-wordpress\/ -->\n<title>Alma Bodza lekv\u00e1r 200ml - SV GROUP Kft.<\/title>\n<meta name=\"description\" content=\"Kevesen tudj\u00e1k, hogy a bodz\u00e1nak nemcsak a vir\u00e1g\u00e1t haszn\u00e1lhatjuk fel \u00e9tkez\u00e9si c\u00e9lra, hanem az \u00e9rett bogy\u00f3k is kincset rejtenek.\" \/>\n<meta name=\"robots\" content=\"index, follow, max-snippet:-1, max-image-preview:large, max-video-preview:-1\" \/>\n<link rel=\"canonical\" href=\"https:\/\/www.svgroupkft.hu\/sk\/product\/almabodzalekvar\/\" \/>\n<meta property=\"og:locale\" content=\"sk_SK\" \/>\n<meta property=\"og:type\" content=\"article\" \/>\n<meta property=\"og:title\" content=\"Alma Bodza lekv\u00e1r 200ml - SV GROUP Kft.\" \/>\n<meta property=\"og:description\" content=\"Kevesen tudj\u00e1k, hogy a bodz\u00e1nak nemcsak a vir\u00e1g\u00e1t haszn\u00e1lhatjuk fel \u00e9tkez\u00e9si c\u00e9lra, hanem az \u00e9rett bogy\u00f3k is kincset rejtenek.\" \/>\n<meta property=\"og:url\" content=\"https:\/\/www.svgroupkft.hu\/sk\/product\/almabodzalekvar\/\" \/>\n<meta property=\"og:site_name\" content=\"SV GROUP Kft.\" \/>\n<meta property=\"article:publisher\" content=\"https:\/\/www.facebook.com\/zemplenizei\/\" \/>\n<meta property=\"article:modified_time\" content=\"2022-07-04T08:09:10+00:00\" \/>\n<meta property=\"og:image\" content=\"https:\/\/www.svgroupkft.hu\/wp-content\/uploads\/2022\/01\/almabodzamb.jpg\" \/>\n\t<meta property=\"og:image:width\" content=\"720\" \/>\n\t<meta property=\"og:image:height\" content=\"720\" \/>\n\t<meta property=\"og:image:type\" content=\"image\/jpeg\" \/>\n<meta name=\"twitter:card\" content=\"summary_large_image\" \/>\n<script type=\"application\/ld+json\" class=\"yoast-schema-graph\">{\"@context\":\"https:\\\/\\\/schema.org\",\"@graph\":[{\"@type\":\"WebPage\",\"@id\":\"https:\\\/\\\/www.svgroupkft.hu\\\/product\\\/almabodzalekvar\\\/\",\"url\":\"https:\\\/\\\/www.svgroupkft.hu\\\/product\\\/almabodzalekvar\\\/\",\"name\":\"Alma Bodza lekv\u00e1r 200ml - SV GROUP Kft.\",\"isPartOf\":{\"@id\":\"https:\\\/\\\/www.svgroupkft.hu\\\/#website\"},\"primaryImageOfPage\":{\"@id\":\"https:\\\/\\\/www.svgroupkft.hu\\\/product\\\/almabodzalekvar\\\/#primaryimage\"},\"image\":{\"@id\":\"https:\\\/\\\/www.svgroupkft.hu\\\/product\\\/almabodzalekvar\\\/#primaryimage\"},\"thumbnailUrl\":\"https:\\\/\\\/www.svgroupkft.hu\\\/wp-content\\\/uploads\\\/2022\\\/01\\\/almabodzamb.jpg\",\"datePublished\":\"2022-01-21T15:43:43+00:00\",\"dateModified\":\"2022-07-04T08:09:10+00:00\",\"description\":\"Kevesen tudj\u00e1k, hogy a bodz\u00e1nak nemcsak a vir\u00e1g\u00e1t haszn\u00e1lhatjuk fel \u00e9tkez\u00e9si c\u00e9lra, hanem az \u00e9rett bogy\u00f3k is kincset rejtenek.\",\"breadcrumb\":{\"@id\":\"https:\\\/\\\/www.svgroupkft.hu\\\/product\\\/almabodzalekvar\\\/#breadcrumb\"},\"inLanguage\":\"sk-SK\",\"potentialAction\":[{\"@type\":\"ReadAction\",\"target\":[\"https:\\\/\\\/www.svgroupkft.hu\\\/product\\\/almabodzalekvar\\\/\"]}]},{\"@type\":\"ImageObject\",\"inLanguage\":\"sk-SK\",\"@id\":\"https:\\\/\\\/www.svgroupkft.hu\\\/product\\\/almabodzalekvar\\\/#primaryimage\",\"url\":\"https:\\\/\\\/www.svgroupkft.hu\\\/wp-content\\\/uploads\\\/2022\\\/01\\\/almabodzamb.jpg\",\"contentUrl\":\"https:\\\/\\\/www.svgroupkft.hu\\\/wp-content\\\/uploads\\\/2022\\\/01\\\/almabodzamb.jpg\",\"width\":720,\"height\":720},{\"@type\":\"BreadcrumbList\",\"@id\":\"https:\\\/\\\/www.svgroupkft.hu\\\/product\\\/almabodzalekvar\\\/#breadcrumb\",\"itemListElement\":[{\"@type\":\"ListItem\",\"position\":1,\"name\":\"Home\",\"item\":\"https:\\\/\\\/www.svgroupkft.hu\\\/\"},{\"@type\":\"ListItem\",\"position\":2,\"name\":\"\u00dczlet\",\"item\":\"https:\\\/\\\/www.svgroupkft.hu\\\/shop\\\/\"},{\"@type\":\"ListItem\",\"position\":3,\"name\":\"Alma Bodza lekv\u00e1r 200ml\"}]},{\"@type\":\"WebSite\",\"@id\":\"https:\\\/\\\/www.svgroupkft.hu\\\/#website\",\"url\":\"https:\\\/\\\/www.svgroupkft.hu\\\/\",\"name\":\"SV GROUP Kft.\",\"description\":\"Zempl\u00e9n \u00edzei - gy\u00fcm\u00f6lcsfeldolgoz\u00f3 \u00fczem\",\"publisher\":{\"@id\":\"https:\\\/\\\/www.svgroupkft.hu\\\/#organization\"},\"potentialAction\":[{\"@type\":\"SearchAction\",\"target\":{\"@type\":\"EntryPoint\",\"urlTemplate\":\"https:\\\/\\\/www.svgroupkft.hu\\\/?s={search_term_string}\"},\"query-input\":{\"@type\":\"PropertyValueSpecification\",\"valueRequired\":true,\"valueName\":\"search_term_string\"}}],\"inLanguage\":\"sk-SK\"},{\"@type\":\"Organization\",\"@id\":\"https:\\\/\\\/www.svgroupkft.hu\\\/#organization\",\"name\":\"SV GROUP Kft.\",\"url\":\"https:\\\/\\\/www.svgroupkft.hu\\\/\",\"logo\":{\"@type\":\"ImageObject\",\"inLanguage\":\"sk-SK\",\"@id\":\"https:\\\/\\\/www.svgroupkft.hu\\\/#\\\/schema\\\/logo\\\/image\\\/\",\"url\":\"https:\\\/\\\/www.svgroupkft.hu\\\/wp-content\\\/uploads\\\/2022\\\/02\\\/favicon.png\",\"contentUrl\":\"https:\\\/\\\/www.svgroupkft.hu\\\/wp-content\\\/uploads\\\/2022\\\/02\\\/favicon.png\",\"width\":512,\"height\":512,\"caption\":\"SV GROUP Kft.\"},\"image\":{\"@id\":\"https:\\\/\\\/www.svgroupkft.hu\\\/#\\\/schema\\\/logo\\\/image\\\/\"},\"sameAs\":[\"https:\\\/\\\/www.facebook.com\\\/zemplenizei\\\/\",\"https:\\\/\\\/www.instagram.com\\\/zemplenizei\\\/\"]}]}<\/script>\n<!-- \/ Yoast SEO plugin. -->","yoast_head_json":{"title":"Alma Bodza lekv\u00e1r 200ml - SV GROUP Kft.","description":"Kevesen tudj\u00e1k, hogy a bodz\u00e1nak nemcsak a vir\u00e1g\u00e1t haszn\u00e1lhatjuk fel \u00e9tkez\u00e9si c\u00e9lra, hanem az \u00e9rett bogy\u00f3k is kincset rejtenek.","robots":{"index":"index","follow":"follow","max-snippet":"max-snippet:-1","max-image-preview":"max-image-preview:large","max-video-preview":"max-video-preview:-1"},"canonical":"https:\/\/www.svgroupkft.hu\/sk\/product\/almabodzalekvar\/","og_locale":"sk_SK","og_type":"article","og_title":"Alma Bodza lekv\u00e1r 200ml - SV GROUP Kft.","og_description":"Kevesen tudj\u00e1k, hogy a bodz\u00e1nak nemcsak a vir\u00e1g\u00e1t haszn\u00e1lhatjuk fel \u00e9tkez\u00e9si c\u00e9lra, hanem az \u00e9rett bogy\u00f3k is kincset rejtenek.","og_url":"https:\/\/www.svgroupkft.hu\/sk\/product\/almabodzalekvar\/","og_site_name":"SV GROUP Kft.","article_publisher":"https:\/\/www.facebook.com\/zemplenizei\/","article_modified_time":"2022-07-04T08:09:10+00:00","og_image":[{"width":720,"height":720,"url":"https:\/\/www.svgroupkft.hu\/wp-content\/uploads\/2022\/01\/almabodzamb.jpg","type":"image\/jpeg"}],"twitter_card":"summary_large_image","schema":{"@context":"https:\/\/schema.org","@graph":[{"@type":"WebPage","@id":"https:\/\/www.svgroupkft.hu\/product\/almabodzalekvar\/","url":"https:\/\/www.svgroupkft.hu\/product\/almabodzalekvar\/","name":"Alma Bodza lekv\u00e1r 200ml - SV GROUP Kft.","isPartOf":{"@id":"https:\/\/www.svgroupkft.hu\/#website"},"primaryImageOfPage":{"@id":"https:\/\/www.svgroupkft.hu\/product\/almabodzalekvar\/#primaryimage"},"image":{"@id":"https:\/\/www.svgroupkft.hu\/product\/almabodzalekvar\/#primaryimage"},"thumbnailUrl":"https:\/\/www.svgroupkft.hu\/wp-content\/uploads\/2022\/01\/almabodzamb.jpg","datePublished":"2022-01-21T15:43:43+00:00","dateModified":"2022-07-04T08:09:10+00:00","description":"Kevesen tudj\u00e1k, hogy a bodz\u00e1nak nemcsak a vir\u00e1g\u00e1t haszn\u00e1lhatjuk fel \u00e9tkez\u00e9si c\u00e9lra, hanem az \u00e9rett bogy\u00f3k is kincset rejtenek.","breadcrumb":{"@id":"https:\/\/www.svgroupkft.hu\/product\/almabodzalekvar\/#breadcrumb"},"inLanguage":"sk-SK","potentialAction":[{"@type":"ReadAction","target":["https:\/\/www.svgroupkft.hu\/product\/almabodzalekvar\/"]}]},{"@type":"ImageObject","inLanguage":"sk-SK","@id":"https:\/\/www.svgroupkft.hu\/product\/almabodzalekvar\/#primaryimage","url":"https:\/\/www.svgroupkft.hu\/wp-content\/uploads\/2022\/01\/almabodzamb.jpg","contentUrl":"https:\/\/www.svgroupkft.hu\/wp-content\/uploads\/2022\/01\/almabodzamb.jpg","width":720,"height":720},{"@type":"BreadcrumbList","@id":"https:\/\/www.svgroupkft.hu\/product\/almabodzalekvar\/#breadcrumb","itemListElement":[{"@type":"ListItem","position":1,"name":"Home","item":"https:\/\/www.svgroupkft.hu\/"},{"@type":"ListItem","position":2,"name":"\u00dczlet","item":"https:\/\/www.svgroupkft.hu\/shop\/"},{"@type":"ListItem","position":3,"name":"Alma Bodza lekv\u00e1r 200ml"}]},{"@type":"WebSite","@id":"https:\/\/www.svgroupkft.hu\/#website","url":"https:\/\/www.svgroupkft.hu\/","name":"SV GROUP Kft.","description":"Zempl\u00e9n \u00edzei - gy\u00fcm\u00f6lcsfeldolgoz\u00f3 \u00fczem","publisher":{"@id":"https:\/\/www.svgroupkft.hu\/#organization"},"potentialAction":[{"@type":"SearchAction","target":{"@type":"EntryPoint","urlTemplate":"https:\/\/www.svgroupkft.hu\/?s={search_term_string}"},"query-input":{"@type":"PropertyValueSpecification","valueRequired":true,"valueName":"search_term_string"}}],"inLanguage":"sk-SK"},{"@type":"Organization","@id":"https:\/\/www.svgroupkft.hu\/#organization","name":"SV GROUP Kft.","url":"https:\/\/www.svgroupkft.hu\/","logo":{"@type":"ImageObject","inLanguage":"sk-SK","@id":"https:\/\/www.svgroupkft.hu\/#\/schema\/logo\/image\/","url":"https:\/\/www.svgroupkft.hu\/wp-content\/uploads\/2022\/02\/favicon.png","contentUrl":"https:\/\/www.svgroupkft.hu\/wp-content\/uploads\/2022\/02\/favicon.png","width":512,"height":512,"caption":"SV GROUP Kft."},"image":{"@id":"https:\/\/www.svgroupkft.hu\/#\/schema\/logo\/image\/"},"sameAs":["https:\/\/www.facebook.com\/zemplenizei\/","https:\/\/www.instagram.com\/zemplenizei\/"]}]}},"_links":{"self":[{"href":"https:\/\/www.svgroupkft.hu\/sk\/wp-json\/wp\/v2\/product\/611","targetHints":{"allow":["GET"]}}],"collection":[{"href":"https:\/\/www.svgroupkft.hu\/sk\/wp-json\/wp\/v2\/product"}],"about":[{"href":"https:\/\/www.svgroupkft.hu\/sk\/wp-json\/wp\/v2\/types\/product"}],"replies":[{"embeddable":true,"href":"https:\/\/www.svgroupkft.hu\/sk\/wp-json\/wp\/v2\/comments?post=611"}],"wp:featuredmedia":[{"embeddable":true,"href":"https:\/\/www.svgroupkft.hu\/sk\/wp-json\/wp\/v2\/media\/722"}],"wp:attachment":[{"href":"https:\/\/www.svgroupkft.hu\/sk\/wp-json\/wp\/v2\/media?parent=611"}],"wp:term":[{"taxonomy":"product_brand","embeddable":true,"href":"https:\/\/www.svgroupkft.hu\/sk\/wp-json\/wp\/v2\/product_brand?post=611"},{"taxonomy":"product_cat","embeddable":true,"href":"https:\/\/www.svgroupkft.hu\/sk\/wp-json\/wp\/v2\/product_cat?post=611"},{"taxonomy":"product_tag","embeddable":true,"href":"https:\/\/www.svgroupkft.hu\/sk\/wp-json\/wp\/v2\/product_tag?post=611"}],"curies":[{"name":"wp","href":"https:\/\/api.w.org\/{rel}","templated":true}]}}