{"id":615,"date":"2022-01-21T17:12:58","date_gmt":"2022-01-21T16:12:58","guid":{"rendered":"https:\/\/www.svgroupkft.hu\/?post_type=product&#038;p=615"},"modified":"2025-09-10T08:30:33","modified_gmt":"2025-09-10T06:30:33","slug":"meggylekvar","status":"publish","type":"product","link":"https:\/\/www.svgroupkft.hu\/sk\/product\/meggylekvar\/","title":{"rendered":"Vi\u0161\u0148ov\u00fd d\u017eem 200 ml"},"content":{"rendered":"","protected":false},"excerpt":{"rendered":"<p>Meggyet ismerj\u00fck, szeretj\u00fck, mert finom \u00e9s eg\u00e9szs\u00e9ges. Nemcsak gy\u00fcm\u00f6lcsl\u00e9, hanem sz\u00f6rp \u00e9s bef\u0151tt is k\u00e9sz\u00edthet\u0151 bel\u0151le, a b\u00e1trabbak lekv\u00e1rt is k\u00e9sz\u00edtenek bel\u0151le, \u00edgy mi sem hagyhatjuk ki! A meggy vitamin- \u00e9s \u00e1sv\u00e1nyi anyag \u00f6sszet\u00e9tele (kalcium, k\u00e1lium, magn\u00e9zium, vas, cink) hasonl\u00f3 a csereszny\u00e9\u00e9hez, azonban majdnem t\u00edzszer annyi A-vitamint \u00e9s j\u00f3val t\u00f6bb szerves savat tartalmaz. B-vitamin gazdags\u00e1ga is eml\u00edt\u00e9sre m\u00e9lt\u00f3 (B1- \u00e9s B2-vitamin). El\u0151seg\u00edti az em\u00e9szt\u00e9st, a kem\u00e9ny\u00edt\u0151 \u00e9s a feh\u00e9rje feldolgoz\u00e1s\u00e1t, felsz\u00edv\u00f3d\u00e1s\u00e1t. Serkent\u0151leg hat idegeink m\u0171k\u00f6d\u00e9s\u00e9re. \u00c1sv\u00e1nyi anyagai k\u00f6z\u00fcl kiemelend\u0151 vas-, kalcium-, k\u00e1lium- \u00e9s magn\u00e9ziumtartalma. Szerves savai seg\u00edtenek az erek tiszt\u00edt\u00e1s\u00e1ban, serkentik a vesem\u0171k\u00f6d\u00e9st, az anyagcser\u00e9t, \u00e9s el\u0151seg\u00edtik a vitaminok felsz\u00edv\u00f3d\u00e1s\u00e1t, de kit\u0171n\u0151 v\u00edzhajt\u00f3 is. A-vitamin tartalm\u00e1n\u00e1l fogva megtiszt\u00edtja l\u00e9gz\u0151szerveink ny\u00e1lkah\u00e1rty\u00e1j\u00e1t, er\u0151s\u00edti szervezet\u00fcnk term\u00e9szetes v\u00e9dekez\u0151 rendszer\u00e9t. A- \u00e9s C-vitamin, valamint antoci\u00e1n- \u00e9s bioflavontartalma kiv\u00e1l\u00f3 antioxid\u00e1nss\u00e1 teszi a meggyet. Ha lekv\u00e1runk mell\u00e9 fogyassza meggylev\u00fcnket is, \u00edgy term\u00e9szetesen \u00e9s j\u00f3\u00edz\u0171en er\u0151s\u00edtheti immunrendszer\u00e9t!<\/p>","protected":false},"featured_media":718,"comment_status":"closed","ping_status":"closed","template":"","meta":{"_monsterinsights_skip_tracking":false,"_monsterinsights_sitenote_active":false,"_monsterinsights_sitenote_note":"","_monsterinsights_sitenote_category":0,"ngg_post_thumbnail":0},"product_brand":[],"product_cat":[521],"product_tag":[],"class_list":{"0":"post-615","1":"product","2":"type-product","3":"status-publish","4":"has-post-thumbnail","6":"product_cat-lekvarok","9":"instock","10":"shipping-taxable","11":"purchasable","12":"product-type-simple"},"yoast_head":"<!-- This site is optimized with the Yoast SEO plugin v27.5 - https:\/\/yoast.com\/product\/yoast-seo-wordpress\/ -->\n<title>Meggylekv\u00e1r 200ml - SV GROUP Kft.<\/title>\n<meta name=\"description\" content=\"Nemcsak gy\u00fcm\u00f6lcsl\u00e9, hanem sz\u00f6rp \u00e9s bef\u0151tt is k\u00e9sz\u00edthet\u0151 bel\u0151le, a b\u00e1trabbak lekv\u00e1rt is k\u00e9sz\u00edtenek bel\u0151le, \u00edgy mi sem hagyhatjuk ki!\" \/>\n<meta name=\"robots\" content=\"index, follow, max-snippet:-1, max-image-preview:large, max-video-preview:-1\" \/>\n<link rel=\"canonical\" href=\"https:\/\/www.svgroupkft.hu\/sk\/product\/meggylekvar\/\" \/>\n<meta property=\"og:locale\" content=\"sk_SK\" \/>\n<meta property=\"og:type\" content=\"article\" \/>\n<meta property=\"og:title\" content=\"Meggylekv\u00e1r 200ml - SV GROUP Kft.\" \/>\n<meta property=\"og:description\" content=\"Nemcsak gy\u00fcm\u00f6lcsl\u00e9, hanem sz\u00f6rp \u00e9s bef\u0151tt is k\u00e9sz\u00edthet\u0151 bel\u0151le, a b\u00e1trabbak lekv\u00e1rt is k\u00e9sz\u00edtenek bel\u0151le, \u00edgy mi sem hagyhatjuk ki!\" \/>\n<meta property=\"og:url\" content=\"https:\/\/www.svgroupkft.hu\/sk\/product\/meggylekvar\/\" \/>\n<meta property=\"og:site_name\" content=\"SV GROUP Kft.\" \/>\n<meta property=\"article:publisher\" content=\"https:\/\/www.facebook.com\/zemplenizei\/\" \/>\n<meta property=\"article:modified_time\" content=\"2025-09-10T06:30:33+00:00\" \/>\n<meta property=\"og:image\" content=\"https:\/\/www.svgroupkft.hu\/wp-content\/uploads\/2022\/01\/meggylekvarmb.jpg\" \/>\n\t<meta property=\"og:image:width\" content=\"720\" \/>\n\t<meta property=\"og:image:height\" content=\"720\" \/>\n\t<meta property=\"og:image:type\" content=\"image\/jpeg\" \/>\n<meta name=\"twitter:card\" content=\"summary_large_image\" \/>\n<script type=\"application\/ld+json\" class=\"yoast-schema-graph\">{\"@context\":\"https:\\\/\\\/schema.org\",\"@graph\":[{\"@type\":\"WebPage\",\"@id\":\"https:\\\/\\\/www.svgroupkft.hu\\\/product\\\/meggylekvar\\\/\",\"url\":\"https:\\\/\\\/www.svgroupkft.hu\\\/product\\\/meggylekvar\\\/\",\"name\":\"Meggylekv\u00e1r 200ml - SV GROUP Kft.\",\"isPartOf\":{\"@id\":\"https:\\\/\\\/www.svgroupkft.hu\\\/#website\"},\"primaryImageOfPage\":{\"@id\":\"https:\\\/\\\/www.svgroupkft.hu\\\/product\\\/meggylekvar\\\/#primaryimage\"},\"image\":{\"@id\":\"https:\\\/\\\/www.svgroupkft.hu\\\/product\\\/meggylekvar\\\/#primaryimage\"},\"thumbnailUrl\":\"https:\\\/\\\/www.svgroupkft.hu\\\/wp-content\\\/uploads\\\/2022\\\/01\\\/meggylekvarmb.jpg\",\"datePublished\":\"2022-01-21T16:12:58+00:00\",\"dateModified\":\"2025-09-10T06:30:33+00:00\",\"description\":\"Nemcsak gy\u00fcm\u00f6lcsl\u00e9, hanem sz\u00f6rp \u00e9s bef\u0151tt is k\u00e9sz\u00edthet\u0151 bel\u0151le, a b\u00e1trabbak lekv\u00e1rt is k\u00e9sz\u00edtenek bel\u0151le, \u00edgy mi sem hagyhatjuk ki!\",\"breadcrumb\":{\"@id\":\"https:\\\/\\\/www.svgroupkft.hu\\\/product\\\/meggylekvar\\\/#breadcrumb\"},\"inLanguage\":\"sk-SK\",\"potentialAction\":[{\"@type\":\"ReadAction\",\"target\":[\"https:\\\/\\\/www.svgroupkft.hu\\\/product\\\/meggylekvar\\\/\"]}]},{\"@type\":\"ImageObject\",\"inLanguage\":\"sk-SK\",\"@id\":\"https:\\\/\\\/www.svgroupkft.hu\\\/product\\\/meggylekvar\\\/#primaryimage\",\"url\":\"https:\\\/\\\/www.svgroupkft.hu\\\/wp-content\\\/uploads\\\/2022\\\/01\\\/meggylekvarmb.jpg\",\"contentUrl\":\"https:\\\/\\\/www.svgroupkft.hu\\\/wp-content\\\/uploads\\\/2022\\\/01\\\/meggylekvarmb.jpg\",\"width\":720,\"height\":720},{\"@type\":\"BreadcrumbList\",\"@id\":\"https:\\\/\\\/www.svgroupkft.hu\\\/product\\\/meggylekvar\\\/#breadcrumb\",\"itemListElement\":[{\"@type\":\"ListItem\",\"position\":1,\"name\":\"Home\",\"item\":\"https:\\\/\\\/www.svgroupkft.hu\\\/\"},{\"@type\":\"ListItem\",\"position\":2,\"name\":\"\u00dczlet\",\"item\":\"https:\\\/\\\/www.svgroupkft.hu\\\/shop\\\/\"},{\"@type\":\"ListItem\",\"position\":3,\"name\":\"Meggylekv\u00e1r 200ml\"}]},{\"@type\":\"WebSite\",\"@id\":\"https:\\\/\\\/www.svgroupkft.hu\\\/#website\",\"url\":\"https:\\\/\\\/www.svgroupkft.hu\\\/\",\"name\":\"SV GROUP Kft.\",\"description\":\"Zempl\u00e9n \u00edzei - gy\u00fcm\u00f6lcsfeldolgoz\u00f3 \u00fczem\",\"publisher\":{\"@id\":\"https:\\\/\\\/www.svgroupkft.hu\\\/#organization\"},\"potentialAction\":[{\"@type\":\"SearchAction\",\"target\":{\"@type\":\"EntryPoint\",\"urlTemplate\":\"https:\\\/\\\/www.svgroupkft.hu\\\/?s={search_term_string}\"},\"query-input\":{\"@type\":\"PropertyValueSpecification\",\"valueRequired\":true,\"valueName\":\"search_term_string\"}}],\"inLanguage\":\"sk-SK\"},{\"@type\":\"Organization\",\"@id\":\"https:\\\/\\\/www.svgroupkft.hu\\\/#organization\",\"name\":\"SV GROUP Kft.\",\"url\":\"https:\\\/\\\/www.svgroupkft.hu\\\/\",\"logo\":{\"@type\":\"ImageObject\",\"inLanguage\":\"sk-SK\",\"@id\":\"https:\\\/\\\/www.svgroupkft.hu\\\/#\\\/schema\\\/logo\\\/image\\\/\",\"url\":\"https:\\\/\\\/www.svgroupkft.hu\\\/wp-content\\\/uploads\\\/2022\\\/02\\\/favicon.png\",\"contentUrl\":\"https:\\\/\\\/www.svgroupkft.hu\\\/wp-content\\\/uploads\\\/2022\\\/02\\\/favicon.png\",\"width\":512,\"height\":512,\"caption\":\"SV GROUP Kft.\"},\"image\":{\"@id\":\"https:\\\/\\\/www.svgroupkft.hu\\\/#\\\/schema\\\/logo\\\/image\\\/\"},\"sameAs\":[\"https:\\\/\\\/www.facebook.com\\\/zemplenizei\\\/\",\"https:\\\/\\\/www.instagram.com\\\/zemplenizei\\\/\"]}]}<\/script>\n<!-- \/ Yoast SEO plugin. -->","yoast_head_json":{"title":"Meggylekv\u00e1r 200ml - SV GROUP Kft.","description":"Nemcsak gy\u00fcm\u00f6lcsl\u00e9, hanem sz\u00f6rp \u00e9s bef\u0151tt is k\u00e9sz\u00edthet\u0151 bel\u0151le, a b\u00e1trabbak lekv\u00e1rt is k\u00e9sz\u00edtenek bel\u0151le, \u00edgy mi sem hagyhatjuk ki!","robots":{"index":"index","follow":"follow","max-snippet":"max-snippet:-1","max-image-preview":"max-image-preview:large","max-video-preview":"max-video-preview:-1"},"canonical":"https:\/\/www.svgroupkft.hu\/sk\/product\/meggylekvar\/","og_locale":"sk_SK","og_type":"article","og_title":"Meggylekv\u00e1r 200ml - SV GROUP Kft.","og_description":"Nemcsak gy\u00fcm\u00f6lcsl\u00e9, hanem sz\u00f6rp \u00e9s bef\u0151tt is k\u00e9sz\u00edthet\u0151 bel\u0151le, a b\u00e1trabbak lekv\u00e1rt is k\u00e9sz\u00edtenek bel\u0151le, \u00edgy mi sem hagyhatjuk ki!","og_url":"https:\/\/www.svgroupkft.hu\/sk\/product\/meggylekvar\/","og_site_name":"SV GROUP Kft.","article_publisher":"https:\/\/www.facebook.com\/zemplenizei\/","article_modified_time":"2025-09-10T06:30:33+00:00","og_image":[{"width":720,"height":720,"url":"https:\/\/www.svgroupkft.hu\/wp-content\/uploads\/2022\/01\/meggylekvarmb.jpg","type":"image\/jpeg"}],"twitter_card":"summary_large_image","schema":{"@context":"https:\/\/schema.org","@graph":[{"@type":"WebPage","@id":"https:\/\/www.svgroupkft.hu\/product\/meggylekvar\/","url":"https:\/\/www.svgroupkft.hu\/product\/meggylekvar\/","name":"Meggylekv\u00e1r 200ml - SV GROUP Kft.","isPartOf":{"@id":"https:\/\/www.svgroupkft.hu\/#website"},"primaryImageOfPage":{"@id":"https:\/\/www.svgroupkft.hu\/product\/meggylekvar\/#primaryimage"},"image":{"@id":"https:\/\/www.svgroupkft.hu\/product\/meggylekvar\/#primaryimage"},"thumbnailUrl":"https:\/\/www.svgroupkft.hu\/wp-content\/uploads\/2022\/01\/meggylekvarmb.jpg","datePublished":"2022-01-21T16:12:58+00:00","dateModified":"2025-09-10T06:30:33+00:00","description":"Nemcsak gy\u00fcm\u00f6lcsl\u00e9, hanem sz\u00f6rp \u00e9s bef\u0151tt is k\u00e9sz\u00edthet\u0151 bel\u0151le, a b\u00e1trabbak lekv\u00e1rt is k\u00e9sz\u00edtenek bel\u0151le, \u00edgy mi sem hagyhatjuk ki!","breadcrumb":{"@id":"https:\/\/www.svgroupkft.hu\/product\/meggylekvar\/#breadcrumb"},"inLanguage":"sk-SK","potentialAction":[{"@type":"ReadAction","target":["https:\/\/www.svgroupkft.hu\/product\/meggylekvar\/"]}]},{"@type":"ImageObject","inLanguage":"sk-SK","@id":"https:\/\/www.svgroupkft.hu\/product\/meggylekvar\/#primaryimage","url":"https:\/\/www.svgroupkft.hu\/wp-content\/uploads\/2022\/01\/meggylekvarmb.jpg","contentUrl":"https:\/\/www.svgroupkft.hu\/wp-content\/uploads\/2022\/01\/meggylekvarmb.jpg","width":720,"height":720},{"@type":"BreadcrumbList","@id":"https:\/\/www.svgroupkft.hu\/product\/meggylekvar\/#breadcrumb","itemListElement":[{"@type":"ListItem","position":1,"name":"Home","item":"https:\/\/www.svgroupkft.hu\/"},{"@type":"ListItem","position":2,"name":"\u00dczlet","item":"https:\/\/www.svgroupkft.hu\/shop\/"},{"@type":"ListItem","position":3,"name":"Meggylekv\u00e1r 200ml"}]},{"@type":"WebSite","@id":"https:\/\/www.svgroupkft.hu\/#website","url":"https:\/\/www.svgroupkft.hu\/","name":"SV GROUP Kft.","description":"Zempl\u00e9n \u00edzei - gy\u00fcm\u00f6lcsfeldolgoz\u00f3 \u00fczem","publisher":{"@id":"https:\/\/www.svgroupkft.hu\/#organization"},"potentialAction":[{"@type":"SearchAction","target":{"@type":"EntryPoint","urlTemplate":"https:\/\/www.svgroupkft.hu\/?s={search_term_string}"},"query-input":{"@type":"PropertyValueSpecification","valueRequired":true,"valueName":"search_term_string"}}],"inLanguage":"sk-SK"},{"@type":"Organization","@id":"https:\/\/www.svgroupkft.hu\/#organization","name":"SV GROUP Kft.","url":"https:\/\/www.svgroupkft.hu\/","logo":{"@type":"ImageObject","inLanguage":"sk-SK","@id":"https:\/\/www.svgroupkft.hu\/#\/schema\/logo\/image\/","url":"https:\/\/www.svgroupkft.hu\/wp-content\/uploads\/2022\/02\/favicon.png","contentUrl":"https:\/\/www.svgroupkft.hu\/wp-content\/uploads\/2022\/02\/favicon.png","width":512,"height":512,"caption":"SV GROUP Kft."},"image":{"@id":"https:\/\/www.svgroupkft.hu\/#\/schema\/logo\/image\/"},"sameAs":["https:\/\/www.facebook.com\/zemplenizei\/","https:\/\/www.instagram.com\/zemplenizei\/"]}]}},"_links":{"self":[{"href":"https:\/\/www.svgroupkft.hu\/sk\/wp-json\/wp\/v2\/product\/615","targetHints":{"allow":["GET"]}}],"collection":[{"href":"https:\/\/www.svgroupkft.hu\/sk\/wp-json\/wp\/v2\/product"}],"about":[{"href":"https:\/\/www.svgroupkft.hu\/sk\/wp-json\/wp\/v2\/types\/product"}],"replies":[{"embeddable":true,"href":"https:\/\/www.svgroupkft.hu\/sk\/wp-json\/wp\/v2\/comments?post=615"}],"wp:featuredmedia":[{"embeddable":true,"href":"https:\/\/www.svgroupkft.hu\/sk\/wp-json\/wp\/v2\/media\/718"}],"wp:attachment":[{"href":"https:\/\/www.svgroupkft.hu\/sk\/wp-json\/wp\/v2\/media?parent=615"}],"wp:term":[{"taxonomy":"product_brand","embeddable":true,"href":"https:\/\/www.svgroupkft.hu\/sk\/wp-json\/wp\/v2\/product_brand?post=615"},{"taxonomy":"product_cat","embeddable":true,"href":"https:\/\/www.svgroupkft.hu\/sk\/wp-json\/wp\/v2\/product_cat?post=615"},{"taxonomy":"product_tag","embeddable":true,"href":"https:\/\/www.svgroupkft.hu\/sk\/wp-json\/wp\/v2\/product_tag?post=615"}],"curies":[{"name":"wp","href":"https:\/\/api.w.org\/{rel}","templated":true}]}}